{"id":39,"date":"2022-11-10T13:42:04","date_gmt":"2022-11-10T13:42:04","guid":{"rendered":"https:\/\/laubergedesmigrants.fr\/?page_id=39"},"modified":"2025-07-21T14:01:47","modified_gmt":"2025-07-21T14:01:47","slug":"project-woodyard","status":"publish","type":"page","link":"https:\/\/laubergedesmigrants.fr\/fr\/nos-actions\/project-woodyard\/","title":{"rendered":"Woodyard"},"content":{"rendered":"\n<p>Depuis 2016, le Woodyard ach\u00e8te, r\u00e9ceptionne, coupe, fend et distribue du bois dans l\u2019ensemble des camps de la fronti\u00e8re nord France-Royaume-Uni. Il participe \u00e0 la r\u00e9ponse humanitaire d\u2019urgence visant \u00e0 couvrir les besoins \u00e9l\u00e9mentaires et primaires des personnes en exil pendant la saison froide. Face \u00e0 des conditions de vie extr\u00eamement difficiles, nous distribuons jusqu\u2019\u00e0 10 tonnes de bois par semaine pour un total de pr\u00e8s de 300 tonnes au cours de l\u2019hiver dernier.<\/p>\n\n\n\n<figure class=\"wp-block-gallery alignfull has-nested-images columns-default is-cropped wp-block-gallery-1 is-layout-flex wp-block-gallery-is-layout-flex\">\n<figure class=\"wp-block-image size-large\"><img loading=\"lazy\" decoding=\"async\" width=\"1024\" height=\"1024\" data-id=\"763\" src=\"https:\/\/laubergedesmigrants.fr\/wp-content\/uploads\/2023\/07\/WhatsApp-Image-2022-06-21-at-14.45.55-1024x1024.jpeg\" alt=\"\" class=\"wp-image-763\" srcset=\"https:\/\/laubergedesmigrants.fr\/wp-content\/uploads\/2023\/07\/WhatsApp-Image-2022-06-21-at-14.45.55-1024x1024.jpeg 1024w, https:\/\/laubergedesmigrants.fr\/wp-content\/uploads\/2023\/07\/WhatsApp-Image-2022-06-21-at-14.45.55-300x300.jpeg 300w, https:\/\/laubergedesmigrants.fr\/wp-content\/uploads\/2023\/07\/WhatsApp-Image-2022-06-21-at-14.45.55-150x150.jpeg 150w, https:\/\/laubergedesmigrants.fr\/wp-content\/uploads\/2023\/07\/WhatsApp-Image-2022-06-21-at-14.45.55-768x768.jpeg 768w, https:\/\/laubergedesmigrants.fr\/wp-content\/uploads\/2023\/07\/WhatsApp-Image-2022-06-21-at-14.45.55-12x12.jpeg 12w, https:\/\/laubergedesmigrants.fr\/wp-content\/uploads\/2023\/07\/WhatsApp-Image-2022-06-21-at-14.45.55-200x200.jpeg 200w, https:\/\/laubergedesmigrants.fr\/wp-content\/uploads\/2023\/07\/WhatsApp-Image-2022-06-21-at-14.45.55.jpeg 1496w\" sizes=\"auto, (max-width: 1024px) 100vw, 1024px\" \/><\/figure>\n\n\n\n<figure class=\"wp-block-image size-large\"><img loading=\"lazy\" decoding=\"async\" width=\"1024\" height=\"1024\" data-id=\"813\" src=\"https:\/\/laubergedesmigrants.fr\/wp-content\/uploads\/2023\/07\/WhatsApp-Image-2022-06-21-at-14.45.55-2-1024x1024.jpeg\" alt=\"\" class=\"wp-image-813\" srcset=\"https:\/\/laubergedesmigrants.fr\/wp-content\/uploads\/2023\/07\/WhatsApp-Image-2022-06-21-at-14.45.55-2-1024x1024.jpeg 1024w, https:\/\/laubergedesmigrants.fr\/wp-content\/uploads\/2023\/07\/WhatsApp-Image-2022-06-21-at-14.45.55-2-300x300.jpeg 300w, https:\/\/laubergedesmigrants.fr\/wp-content\/uploads\/2023\/07\/WhatsApp-Image-2022-06-21-at-14.45.55-2-150x150.jpeg 150w, https:\/\/laubergedesmigrants.fr\/wp-content\/uploads\/2023\/07\/WhatsApp-Image-2022-06-21-at-14.45.55-2-768x768.jpeg 768w, https:\/\/laubergedesmigrants.fr\/wp-content\/uploads\/2023\/07\/WhatsApp-Image-2022-06-21-at-14.45.55-2-12x12.jpeg 12w, https:\/\/laubergedesmigrants.fr\/wp-content\/uploads\/2023\/07\/WhatsApp-Image-2022-06-21-at-14.45.55-2-200x200.jpeg 200w, https:\/\/laubergedesmigrants.fr\/wp-content\/uploads\/2023\/07\/WhatsApp-Image-2022-06-21-at-14.45.55-2.jpeg 1496w\" sizes=\"auto, (max-width: 1024px) 100vw, 1024px\" \/><\/figure>\n\n\n\n<figure class=\"wp-block-image size-large\"><img loading=\"lazy\" decoding=\"async\" width=\"1024\" height=\"768\" data-id=\"814\" src=\"https:\/\/laubergedesmigrants.fr\/wp-content\/uploads\/2023\/07\/WhatsApp-Image-2022-01-27-at-12.52.54-1024x768.jpeg\" alt=\"\" class=\"wp-image-814\" srcset=\"https:\/\/laubergedesmigrants.fr\/wp-content\/uploads\/2023\/07\/WhatsApp-Image-2022-01-27-at-12.52.54-1024x768.jpeg 1024w, https:\/\/laubergedesmigrants.fr\/wp-content\/uploads\/2023\/07\/WhatsApp-Image-2022-01-27-at-12.52.54-300x225.jpeg 300w, https:\/\/laubergedesmigrants.fr\/wp-content\/uploads\/2023\/07\/WhatsApp-Image-2022-01-27-at-12.52.54-768x576.jpeg 768w, https:\/\/laubergedesmigrants.fr\/wp-content\/uploads\/2023\/07\/WhatsApp-Image-2022-01-27-at-12.52.54-16x12.jpeg 16w, https:\/\/laubergedesmigrants.fr\/wp-content\/uploads\/2023\/07\/WhatsApp-Image-2022-01-27-at-12.52.54-200x150.jpeg 200w, https:\/\/laubergedesmigrants.fr\/wp-content\/uploads\/2023\/07\/WhatsApp-Image-2022-01-27-at-12.52.54.jpeg 1500w\" sizes=\"auto, (max-width: 1024px) 100vw, 1024px\" \/><\/figure>\n<\/figure>\n\n\n\n<p class=\"has-base-2-background-color has-background\">En hiver, le bois est une question de survie pour plus de 1000 personnes vivant dans les bidonvilles et autres quartiers informels de Calais et Grande Synthe (Dunkerque). Le bois distribu\u00e9 est utilis\u00e9 en permanence pendant l\u2019hiver pour se r\u00e9chauffer, faire cuire les aliments distribu\u00e9s par notre partenaire le Calais Food Collective, faire s\u00e9cher des v\u00eatements, faire un caf\u00e9, etc.<\/p>\n\n\n\n<p>L\u2019\u00e9quipe de Woodyard s\u2019engage \u00e0 travailler en solidarit\u00e9 avec les populations, \u00e0 questionner et \u00e0 lutter contre les dynamiques d\u2019oppression rencontr\u00e9es sur le terrain et en son sein, mais aussi contre la gouvernance humanitaire, parfois porteuse de puissants rapports de domination. Pour ce faire, les volontaires livrent et distribuent du bois de chauffage au c\u0153ur m\u00eame des lieux d\u2019intimit\u00e9, cherchant \u00e0 r\u00e9pondre aux besoins des personnes de mani\u00e8re individualis\u00e9e, dans un souci d\u2019\u00e9quit\u00e9 et de dignit\u00e9.<\/p>\n\n\n\n<figure class=\"wp-block-image alignfull size-large\"><img loading=\"lazy\" decoding=\"async\" width=\"1024\" height=\"683\" src=\"https:\/\/laubergedesmigrants.fr\/wp-content\/uploads\/2023\/07\/wy-distro-1-1024x683.jpg\" alt=\"Migrants autours d'un feu\" class=\"wp-image-668\" srcset=\"https:\/\/laubergedesmigrants.fr\/wp-content\/uploads\/2023\/07\/wy-distro-1-1024x683.jpg 1024w, https:\/\/laubergedesmigrants.fr\/wp-content\/uploads\/2023\/07\/wy-distro-1-300x200.jpg 300w, https:\/\/laubergedesmigrants.fr\/wp-content\/uploads\/2023\/07\/wy-distro-1-768x512.jpg 768w, https:\/\/laubergedesmigrants.fr\/wp-content\/uploads\/2023\/07\/wy-distro-1-1600x1067.jpg 1600w, https:\/\/laubergedesmigrants.fr\/wp-content\/uploads\/2023\/07\/wy-distro-1-1536x1024.jpg 1536w, https:\/\/laubergedesmigrants.fr\/wp-content\/uploads\/2023\/07\/wy-distro-1-2048x1365.jpg 2048w, https:\/\/laubergedesmigrants.fr\/wp-content\/uploads\/2023\/07\/wy-distro-1-18x12.jpg 18w, https:\/\/laubergedesmigrants.fr\/wp-content\/uploads\/2023\/07\/wy-distro-1-200x133.jpg 200w\" sizes=\"auto, (max-width: 1024px) 100vw, 1024px\" \/><figcaption class=\"wp-element-caption\">Le Woodyard<\/figcaption><\/figure>\n\n\n\n<p>Notre travail remet en cause les m\u00e9canismes de concurrence et d\u2019essentialisation de l\u2019exil, en s\u2019adaptant aux besoins et \u00e0 la spatialisation des espaces de vie et non l\u2019inverse. Ces m\u00e9canismes font du WoodYard une \u00e9quipe qui donne rapidement aux b\u00e9n\u00e9voles une grande autonomie et une connaissance fine des lieux et de leurs habitants. Cela nous permet de nous associer \u00e0 d\u2019autres organisations pour r\u00e9pondre au mieux aux difficult\u00e9s des conditions de vie \u00e0 la fronti\u00e8re. Nos actions offrent des moments d\u2019\u00e9change, de partage et de sociabilit\u00e9, mais nous sommes aussi confront\u00e9s \u00e0 la r\u00e9alit\u00e9 violente de la pr\u00e9carit\u00e9 institutionnalis\u00e9e, ainsi qu\u2019\u00e0 l\u2019exposition relative aux violences \u00e9tatiques et polici\u00e8res.<\/p>\n\n\n\n<figure class=\"wp-block-gallery alignwide has-nested-images columns-default is-cropped wp-block-gallery-2 is-layout-flex wp-block-gallery-is-layout-flex\">\n<figure class=\"wp-block-image size-large\"><img loading=\"lazy\" decoding=\"async\" width=\"643\" height=\"960\" data-id=\"368\" src=\"https:\/\/laubergedesmigrants.fr\/wp-content\/uploads\/2023\/06\/262827832_317757066834416_5070254926605122785_n-2.jpg\" alt=\"\" class=\"wp-image-368\"\/><\/figure>\n\n\n\n<figure class=\"wp-block-image size-large\"><img loading=\"lazy\" decoding=\"async\" width=\"1024\" height=\"683\" data-id=\"1574\" src=\"https:\/\/laubergedesmigrants.fr\/wp-content\/uploads\/2024\/03\/MG_6087-1-1024x683.jpg\" alt=\"Entrep\u00f4t de Woodyard\" class=\"wp-image-1574\" srcset=\"https:\/\/laubergedesmigrants.fr\/wp-content\/uploads\/2024\/03\/MG_6087-1-1024x683.jpg 1024w, https:\/\/laubergedesmigrants.fr\/wp-content\/uploads\/2024\/03\/MG_6087-1-300x200.jpg 300w, https:\/\/laubergedesmigrants.fr\/wp-content\/uploads\/2024\/03\/MG_6087-1-768x512.jpg 768w, https:\/\/laubergedesmigrants.fr\/wp-content\/uploads\/2024\/03\/MG_6087-1-1536x1024.jpg 1536w, https:\/\/laubergedesmigrants.fr\/wp-content\/uploads\/2024\/03\/MG_6087-1-18x12.jpg 18w, https:\/\/laubergedesmigrants.fr\/wp-content\/uploads\/2024\/03\/MG_6087-1.jpg 1920w\" sizes=\"auto, (max-width: 1024px) 100vw, 1024px\" \/><\/figure>\n\n\n\n<figure class=\"wp-block-image size-large\"><img loading=\"lazy\" decoding=\"async\" width=\"1024\" height=\"683\" data-id=\"1573\" src=\"https:\/\/laubergedesmigrants.fr\/wp-content\/uploads\/2024\/03\/MG_6084-1-1024x683.jpg\" alt=\"Entrep\u00f4t de Woodyard\" class=\"wp-image-1573\" srcset=\"https:\/\/laubergedesmigrants.fr\/wp-content\/uploads\/2024\/03\/MG_6084-1-1024x683.jpg 1024w, https:\/\/laubergedesmigrants.fr\/wp-content\/uploads\/2024\/03\/MG_6084-1-300x200.jpg 300w, https:\/\/laubergedesmigrants.fr\/wp-content\/uploads\/2024\/03\/MG_6084-1-768x512.jpg 768w, https:\/\/laubergedesmigrants.fr\/wp-content\/uploads\/2024\/03\/MG_6084-1-1536x1024.jpg 1536w, https:\/\/laubergedesmigrants.fr\/wp-content\/uploads\/2024\/03\/MG_6084-1-18x12.jpg 18w, https:\/\/laubergedesmigrants.fr\/wp-content\/uploads\/2024\/03\/MG_6084-1.jpg 1920w\" sizes=\"auto, (max-width: 1024px) 100vw, 1024px\" \/><\/figure>\n\n\n\n<figure class=\"wp-block-image size-large\"><img loading=\"lazy\" decoding=\"async\" width=\"1024\" height=\"683\" data-id=\"1572\" src=\"https:\/\/laubergedesmigrants.fr\/wp-content\/uploads\/2024\/03\/MG_6065-1-1024x683.jpg\" alt=\"Entrep\u00f4t de Woodyard\" class=\"wp-image-1572\" srcset=\"https:\/\/laubergedesmigrants.fr\/wp-content\/uploads\/2024\/03\/MG_6065-1-1024x683.jpg 1024w, https:\/\/laubergedesmigrants.fr\/wp-content\/uploads\/2024\/03\/MG_6065-1-300x200.jpg 300w, https:\/\/laubergedesmigrants.fr\/wp-content\/uploads\/2024\/03\/MG_6065-1-768x512.jpg 768w, https:\/\/laubergedesmigrants.fr\/wp-content\/uploads\/2024\/03\/MG_6065-1-1536x1024.jpg 1536w, https:\/\/laubergedesmigrants.fr\/wp-content\/uploads\/2024\/03\/MG_6065-1-18x12.jpg 18w, https:\/\/laubergedesmigrants.fr\/wp-content\/uploads\/2024\/03\/MG_6065-1.jpg 1920w\" sizes=\"auto, (max-width: 1024px) 100vw, 1024px\" \/><\/figure>\n\n\n\n<figure class=\"wp-block-image size-large\"><img loading=\"lazy\" decoding=\"async\" width=\"1024\" height=\"683\" data-id=\"1571\" src=\"https:\/\/laubergedesmigrants.fr\/wp-content\/uploads\/2024\/03\/MG_6058-1-1024x683.jpg\" alt=\"Entrep\u00f4t de Woodyard\" class=\"wp-image-1571\" srcset=\"https:\/\/laubergedesmigrants.fr\/wp-content\/uploads\/2024\/03\/MG_6058-1-1024x683.jpg 1024w, https:\/\/laubergedesmigrants.fr\/wp-content\/uploads\/2024\/03\/MG_6058-1-300x200.jpg 300w, https:\/\/laubergedesmigrants.fr\/wp-content\/uploads\/2024\/03\/MG_6058-1-768x512.jpg 768w, https:\/\/laubergedesmigrants.fr\/wp-content\/uploads\/2024\/03\/MG_6058-1-1536x1024.jpg 1536w, https:\/\/laubergedesmigrants.fr\/wp-content\/uploads\/2024\/03\/MG_6058-1-18x12.jpg 18w, https:\/\/laubergedesmigrants.fr\/wp-content\/uploads\/2024\/03\/MG_6058-1.jpg 1920w\" sizes=\"auto, (max-width: 1024px) 100vw, 1024px\" \/><\/figure>\n\n\n\n<figure class=\"wp-block-image size-large\"><img loading=\"lazy\" decoding=\"async\" width=\"1024\" height=\"683\" data-id=\"1570\" src=\"https:\/\/laubergedesmigrants.fr\/wp-content\/uploads\/2024\/03\/MG_6023-1-1024x683.jpg\" alt=\"Entrep\u00f4t de Woodyard\" class=\"wp-image-1570\" srcset=\"https:\/\/laubergedesmigrants.fr\/wp-content\/uploads\/2024\/03\/MG_6023-1-1024x683.jpg 1024w, https:\/\/laubergedesmigrants.fr\/wp-content\/uploads\/2024\/03\/MG_6023-1-300x200.jpg 300w, https:\/\/laubergedesmigrants.fr\/wp-content\/uploads\/2024\/03\/MG_6023-1-768x512.jpg 768w, https:\/\/laubergedesmigrants.fr\/wp-content\/uploads\/2024\/03\/MG_6023-1-1536x1024.jpg 1536w, https:\/\/laubergedesmigrants.fr\/wp-content\/uploads\/2024\/03\/MG_6023-1-18x12.jpg 18w, https:\/\/laubergedesmigrants.fr\/wp-content\/uploads\/2024\/03\/MG_6023-1.jpg 1920w\" sizes=\"auto, (max-width: 1024px) 100vw, 1024px\" \/><\/figure>\n<\/figure>\n\n\n\n<p>Le travail du woodyard, bien que physique et fatigant, s\u2019adresse \u00e0 tous, sans distinction de genre, d\u2019\u00e2ge, d\u2019exp\u00e9rience du bois ou du monde associatif.<\/p>\n\n\n\n<p>Pour ces raisons, nous vous recommandons de venir travailler avec nous pendant au moins 6 semaines, afin de devenir autonome, de commencer \u00e0 comprendre la situation \u00e0 Calais et de nouer des relations avec ceux qui y vivent.<\/p>\n\n\n\n<p>Nous vous attendons !<\/p>\n\n\n\n<div class=\"wp-block-buttons is-content-justification-center is-layout-flex wp-container-core-buttons-is-layout-a89b3969 wp-block-buttons-is-layout-flex\">\n<div class=\"wp-block-button\"><a class=\"wp-block-button__link wp-element-button\" href=\"https:\/\/forms.office.com\/e\/b9sJ7E7jGt\">REJOINDRE LE WOODYARD<\/a><\/div>\n<\/div>\n\n\n\n<p><\/p>\n","protected":false},"excerpt":{"rendered":"<p>.<\/p>\n","protected":false},"author":1,"featured_media":0,"parent":1132,"menu_order":1,"comment_status":"closed","ping_status":"closed","template":"","meta":{"footnotes":""},"class_list":["post-39","page","type-page","status-publish","hentry"],"_links":{"self":[{"href":"https:\/\/laubergedesmigrants.fr\/fr\/wp-json\/wp\/v2\/pages\/39","targetHints":{"allow":["GET"]}}],"collection":[{"href":"https:\/\/laubergedesmigrants.fr\/fr\/wp-json\/wp\/v2\/pages"}],"about":[{"href":"https:\/\/laubergedesmigrants.fr\/fr\/wp-json\/wp\/v2\/types\/page"}],"author":[{"embeddable":true,"href":"https:\/\/laubergedesmigrants.fr\/fr\/wp-json\/wp\/v2\/users\/1"}],"replies":[{"embeddable":true,"href":"https:\/\/laubergedesmigrants.fr\/fr\/wp-json\/wp\/v2\/comments?post=39"}],"version-history":[{"count":68,"href":"https:\/\/laubergedesmigrants.fr\/fr\/wp-json\/wp\/v2\/pages\/39\/revisions"}],"predecessor-version":[{"id":2944,"href":"https:\/\/laubergedesmigrants.fr\/fr\/wp-json\/wp\/v2\/pages\/39\/revisions\/2944"}],"up":[{"embeddable":true,"href":"https:\/\/laubergedesmigrants.fr\/fr\/wp-json\/wp\/v2\/pages\/1132"}],"wp:attachment":[{"href":"https:\/\/laubergedesmigrants.fr\/fr\/wp-json\/wp\/v2\/media?parent=39"}],"curies":[{"name":"wp","href":"https:\/\/api.w.org\/{rel}","templated":true}]}}