{"id":33,"date":"2022-11-10T13:41:03","date_gmt":"2022-11-10T13:41:03","guid":{"rendered":"https:\/\/laubergedesmigrants.fr\/?page_id=33"},"modified":"2025-07-21T14:00:01","modified_gmt":"2025-07-21T14:00:01","slug":"volunteer","status":"publish","type":"page","link":"https:\/\/laubergedesmigrants.fr\/fr\/support\/volunteer\/","title":{"rendered":"Devenir b\u00e9n\u00e9vole"},"content":{"rendered":"\n<div class=\"wp-block-buttons is-content-justification-center is-layout-flex wp-container-core-buttons-is-layout-a89b3969 wp-block-buttons-is-layout-flex\">\n<div class=\"wp-block-button\"><a class=\"wp-block-button__link wp-element-button\" href=\"https:\/\/forms.office.com\/e\/b9sJ7E7jGt\">Devenir B\u00e9n\u00e9vole<\/a><\/div>\n<\/div>\n\n\n\n<h2 class=\"wp-block-heading\">Pourquoi nous rejoindre en tant que b\u00e9n\u00e9vole\u202f?<\/h2>\n\n\n\n<p>Le fonctionnement de notre organisation d\u00e9pend de l\u2019engagement des b\u00e9n\u00e9voles. Nous avons besoin de vous pour agir concr\u00e8tement en faveur des personnes d\u00e9plac\u00e9es bloqu\u00e9es \u00e0 la fronti\u00e8re franco-britannique. Nous accueillons tous les types de b\u00e9n\u00e9voles, avec des comp\u00e9tences et des aspirations diff\u00e9rentes. Notre organisation a \u00e9t\u00e9 con\u00e7ue pour que chacun puisse participer \u00e0 nos actions aupr\u00e8s des exil\u00e9s et aider au fonctionnement de l\u2019Auberge.<\/p>\n\n\n\n<figure class=\"wp-block-image size-large\"><img loading=\"lazy\" decoding=\"async\" width=\"1024\" height=\"1024\" src=\"https:\/\/laubergedesmigrants.fr\/wp-content\/uploads\/2023\/07\/WhatsApp-Image-2022-06-21-at-14.45.55-1024x1024.jpeg\" alt=\"Les b\u00e9n\u00e9voles de Woodyard\n\" class=\"wp-image-763\" srcset=\"https:\/\/laubergedesmigrants.fr\/wp-content\/uploads\/2023\/07\/WhatsApp-Image-2022-06-21-at-14.45.55-1024x1024.jpeg 1024w, https:\/\/laubergedesmigrants.fr\/wp-content\/uploads\/2023\/07\/WhatsApp-Image-2022-06-21-at-14.45.55-300x300.jpeg 300w, https:\/\/laubergedesmigrants.fr\/wp-content\/uploads\/2023\/07\/WhatsApp-Image-2022-06-21-at-14.45.55-150x150.jpeg 150w, https:\/\/laubergedesmigrants.fr\/wp-content\/uploads\/2023\/07\/WhatsApp-Image-2022-06-21-at-14.45.55-768x768.jpeg 768w, https:\/\/laubergedesmigrants.fr\/wp-content\/uploads\/2023\/07\/WhatsApp-Image-2022-06-21-at-14.45.55-12x12.jpeg 12w, https:\/\/laubergedesmigrants.fr\/wp-content\/uploads\/2023\/07\/WhatsApp-Image-2022-06-21-at-14.45.55-200x200.jpeg 200w, https:\/\/laubergedesmigrants.fr\/wp-content\/uploads\/2023\/07\/WhatsApp-Image-2022-06-21-at-14.45.55.jpeg 1496w\" sizes=\"auto, (max-width: 1024px) 100vw, 1024px\" \/><\/figure>\n\n\n\n<div style=\"height:44px\" aria-hidden=\"true\" class=\"wp-block-spacer\"><\/div>\n\n\n\n<h2 class=\"wp-block-heading\">Pourquoi devenir b\u00e9n\u00e9vole ?<\/h2>\n\n\n\n<div class=\"wp-block-media-text alignwide has-media-on-the-right is-stacked-on-mobile is-image-fill-element has-base-2-background-color has-background\" style=\"grid-template-columns:auto 44%\"><div class=\"wp-block-media-text__content\">\n<div style=\"height:20px\" aria-hidden=\"true\" class=\"wp-block-spacer\"><\/div>\n\n\n\n<p>Le volontariat est un excellent moyen de voir de ses propres yeux la r\u00e9alit\u00e9 de la vie quotidienne des personnes d\u00e9plac\u00e9es. <\/p>\n\n\n\n<p>Calais n&rsquo;est plus un sujet d&rsquo;actualit\u00e9 dans les m\u00e9dias, mais le drame humanitaire qui se joue \u00e0 nos portes n&rsquo;est toujours pas r\u00e9solu.<\/p>\n\n\n\n<p>Nous voulons permettre aux citoyens de voir, de juger par eux-m\u00eames et d&rsquo;agir directement. Nos volontaires peuvent alors porter notre voix autour d&rsquo;eux. <\/p>\n\n\n\n<p><strong>Nous sommes convaincus que par la solidarit\u00e9 et l&rsquo;action collective, nous pouvons changer notre soci\u00e9t\u00e9 pour le meilleur.<\/strong><\/p>\n<\/div><figure class=\"wp-block-media-text__media\"><img loading=\"lazy\" decoding=\"async\" width=\"1790\" height=\"1792\" src=\"https:\/\/laubergedesmigrants.fr\/wp-content\/uploads\/2023\/07\/Capture-decran-2021-12-01-a-17.28.21.png\" alt=\"\" class=\"wp-image-532 size-full\" style=\"object-position:50% 50%\"\/><\/figure><\/div>\n\n\n\n<h2 class=\"wp-block-heading\">Que vais-je faire en tant que b\u00e9n\u00e9vole&nbsp;?<\/h2>\n\n\n\n<p>Il y a plusieurs options pour s\u2019engager en tant que b\u00e9n\u00e9vole :&nbsp;<\/p>\n\n\n\n<ul class=\"wp-block-list\">\n<li><strong>Rejoindre le<\/strong> <strong><a href=\"https:\/\/laubergedesmigrants.fr\/fr\/nos-actions\/project-woodyard\/\" data-type=\"link\" data-id=\"https:\/\/laubergedesmigrants.fr\/fr\/nos-actions\/project-woodyard\/\">Woodyard<\/a> \u2192<\/strong> Tu coupes et distribues du bois de chauffage sur les lieux de vies, pour permettre \u00e0 chacun\u00b7e de se chauffer, cuisiner, s\u00e9cher les v\u00eatements durant les hivers rigoureux \u00e0 Calais.<\/li>\n<\/ul>\n\n\n\n<ul class=\"wp-block-list\">\n<li><strong>Rejoindre le <a href=\"https:\/\/laubergedesmigrants.fr\/fr\/nos-actions\/channel-info-project\/\" data-type=\"link\" data-id=\"https:\/\/laubergedesmigrants.fr\/fr\/nos-actions\/channel-info-project\/\">Channel Info Project<\/a><\/strong> <strong>\u2192<\/strong> Tu participes \u00e0 l\u2019acc\u00e8s \u00e0 l\u2019information et \u00e0 l\u2019inclusion num\u00e9rique des personnes exil\u00e9es dans le but de renforcer leur autonomie et leur s\u00e9curit\u00e9 et travers ses actions.<\/li>\n<\/ul>\n\n\n\n<p>Pour ces projets, nous demandons g\u00e9n\u00e9ralement une <strong><em>disponibilit\u00e9 de  6 semaines \u00e0 2 mois minimum.&nbsp;<\/em><\/strong>&nbsp;<\/p>\n\n\n\n<ul class=\"wp-block-list\">\n<li><strong>Aider \u00e0 l\u2019entrep\u00f4t \u2192<\/strong> Tu peux venir en soutien aux associations partenaires qui se trouvent \u00e0 l&rsquo;entrep\u00f4t.&nbsp;Sur une courte p\u00e9riode, tu pourras prendre part \u00e0 des activit\u00e9s de soutien logistique.<\/li>\n<\/ul>\n\n\n\n<p><strong>Ces actions sont plus que n\u00e9cessaires \u00e0 l&rsquo;action de terrain  de nos organisations, sans elles, r\u00e9pondre aux besoins des personnes bloqu\u00e9es sur le littoral est impossible. <\/strong><\/p>\n\n\n\n<div class=\"wp-block-media-text alignwide is-stacked-on-mobile is-image-fill-element has-base-2-background-color has-background\" style=\"grid-template-columns:37% auto\"><figure class=\"wp-block-media-text__media\"><img loading=\"lazy\" decoding=\"async\" width=\"1024\" height=\"683\" src=\"https:\/\/laubergedesmigrants.fr\/wp-content\/uploads\/2023\/01\/volunteer_img_2.jpg\" alt=\"\" class=\"wp-image-179 size-full\" style=\"object-position:50% 50%\"\/><\/figure><div class=\"wp-block-media-text__content\">\n<p>Apr\u00e8s quelques jours \u00e0 l&rsquo;entrep\u00f4t, nous essaierons de vous faire rejoindre nos \u00e9quipes sur le terrain pour la distribution \u00e0 Calais et dans la r\u00e9gion. Vous pouvez travailler directement avec L&rsquo;Auberge ou avec<a href=\"https:\/\/laubergedesmigrants.fr\/lauberge-des-migrants\/our-partners\/\" data-type=\"page\" data-id=\"17\"> l&rsquo;une de nos organisations partenaires<\/a>.<\/p>\n<\/div><\/div>\n\n\n\n<h2 class=\"wp-block-heading\">Comment devenir b\u00e9n\u00e9vole\u202f?<\/h2>\n\n\n\n<p id=\"benevole-form\">Pour toute question relative au b\u00e9n\u00e9volat :\u00a0<a href=\"mailto:volontariat@laubergedesmigrants.fr\">volontariat@laubergedesmigrants.fr<\/a>, sinon merci de cliquer ci-dessous !<\/p>\n\n\n\n<div class=\"wp-block-buttons is-content-justification-center is-layout-flex wp-container-core-buttons-is-layout-a89b3969 wp-block-buttons-is-layout-flex\">\n<div class=\"wp-block-button\"><a class=\"wp-block-button__link wp-element-button\" href=\"https:\/\/forms.office.com\/e\/b9sJ7E7jGt\">DEVENIR B\u00c9N\u00c9VOLE <\/a><\/div>\n<\/div>\n\n\n\n<div style=\"height:100px\" aria-hidden=\"true\" class=\"wp-block-spacer\"><\/div>\n\n\n\n<div style=\"height:32px\" aria-hidden=\"true\" class=\"wp-block-spacer\"><\/div>\n","protected":false},"excerpt":{"rendered":"<p>.<\/p>\n","protected":false},"author":1,"featured_media":0,"parent":23,"menu_order":3,"comment_status":"closed","ping_status":"closed","template":"","meta":{"footnotes":""},"class_list":["post-33","page","type-page","status-publish","hentry"],"_links":{"self":[{"href":"https:\/\/laubergedesmigrants.fr\/fr\/wp-json\/wp\/v2\/pages\/33","targetHints":{"allow":["GET"]}}],"collection":[{"href":"https:\/\/laubergedesmigrants.fr\/fr\/wp-json\/wp\/v2\/pages"}],"about":[{"href":"https:\/\/laubergedesmigrants.fr\/fr\/wp-json\/wp\/v2\/types\/page"}],"author":[{"embeddable":true,"href":"https:\/\/laubergedesmigrants.fr\/fr\/wp-json\/wp\/v2\/users\/1"}],"replies":[{"embeddable":true,"href":"https:\/\/laubergedesmigrants.fr\/fr\/wp-json\/wp\/v2\/comments?post=33"}],"version-history":[{"count":126,"href":"https:\/\/laubergedesmigrants.fr\/fr\/wp-json\/wp\/v2\/pages\/33\/revisions"}],"predecessor-version":[{"id":2942,"href":"https:\/\/laubergedesmigrants.fr\/fr\/wp-json\/wp\/v2\/pages\/33\/revisions\/2942"}],"up":[{"embeddable":true,"href":"https:\/\/laubergedesmigrants.fr\/fr\/wp-json\/wp\/v2\/pages\/23"}],"wp:attachment":[{"href":"https:\/\/laubergedesmigrants.fr\/fr\/wp-json\/wp\/v2\/media?parent=33"}],"curies":[{"name":"wp","href":"https:\/\/api.w.org\/{rel}","templated":true}]}}