{"id":31,"date":"2022-11-10T13:40:49","date_gmt":"2022-11-10T13:40:49","guid":{"rendered":"https:\/\/laubergedesmigrants.fr\/?page_id=31"},"modified":"2024-03-29T17:09:52","modified_gmt":"2024-03-29T17:09:52","slug":"liste-des-besoins","status":"publish","type":"page","link":"https:\/\/laubergedesmigrants.fr\/fr\/support\/material-donations\/liste-des-besoins\/","title":{"rendered":"Liste des besoins"},"content":{"rendered":"\n<h2 class=\"wp-block-heading\">Prioritaires:<\/h2>\n\n\n\n<ul class=\"wp-block-list\">\n<li>Chaussures de sport ou de marche (40-43 EU \/ 9-12 UK)<\/li>\n\n\n\n<li>Tentes (pour 2 ou 3 personnes) et b\u00e2ches<\/li>\n\n\n\n<li>Couvertures \u00e9paisses<\/li>\n\n\n\n<li>Sacs de couchage<\/li>\n\n\n\n<li>Vestes ou manteaux imperm\u00e9ables pour hommes<\/li>\n\n\n\n<li>Cale\u00e7ons neufs (S-M)<\/li>\n\n\n\n<li>Bonnets, gants et \u00e9charpes d&rsquo;hiver, snoods<\/li>\n\n\n\n<li>Chaussettes<\/li>\n\n\n\n<li>Pulls, fins ou \u00e9pais, en laine polaire<\/li>\n\n\n\n<li>sweats \u00e0 capuche<\/li>\n\n\n\n<li>Ponchos imperm\u00e9ables (y compris les ponchos jetables)<\/li>\n\n\n\n<li>T-shirts et pantalons thermiques<\/li>\n\n\n\n<li>Sacs \u00e0 dos (moins de 40 litres), sacs en velours c\u00f4tel\u00e9<\/li>\n<\/ul>\n\n\n\n<div class=\"wp-block-group alignfull has-base-2-color has-contrast-2-background-color has-text-color has-background has-link-color wp-elements-b418bb19d14b70adaee23e97cbef9c5c has-global-padding is-layout-constrained wp-block-group-is-layout-constrained\" style=\"border-radius:0px;padding-top:var(--wp--preset--spacing--40);padding-bottom:var(--wp--preset--spacing--40)\">\n<p><strong>Pour les v\u00eatements<\/strong> : les couleurs sombres sont pr\u00e9f\u00e9rables.<\/p>\n\n\n\n<p><strong>Couvertures<\/strong> : elles doivent \u00eatre suffisamment grandes pour couvrir un homme adulte, sinon elles ne peuvent pas \u00eatre distribu\u00e9es.<\/p>\n\n\n\n<p><strong>Donations de v\u00eatements femmes et enfants <\/strong>: Nous n&rsquo;en prenons actuellement plus car nous avons d\u00e9j\u00e0 un stock suffisant.<\/p>\n<\/div>\n\n\n\n<h3 class=\"wp-block-heading\">Produits d&rsquo;hygi\u00e8ne :<\/h3>\n\n\n\n<ul class=\"wp-block-list\">\n<li>Dentifrice<\/li>\n\n\n\n<li>Brosse \u00e0 dents<\/li>\n\n\n\n<li>Rasoirs jetables<\/li>\n\n\n\n<li>Shampoing et gel douche<\/li>\n\n\n\n<li>Mouchoirs en papier<\/li>\n\n\n\n<li>Baume \u00e0 l\u00e8vres<\/li>\n\n\n\n<li>Lait corporel, cr\u00e8me hydratante<\/li>\n\n\n\n<li>Lingettes humides<\/li>\n<\/ul>\n\n\n\n<h3 class=\"wp-block-heading\">Autres :<\/h3>\n\n\n\n<ul class=\"wp-block-list\">\n<li>Allume-feu<\/li>\n\n\n\n<li>Gobelets jetables biod\u00e9gradables (pour les boissons chaudes)<\/li>\n\n\n\n<li>Cartes SIM Lyca fran\u00e7aises<\/li>\n\n\n\n<li>Prises\/adaptateurs britanniques &lt;-&gt; europ\u00e9ens (pour utiliser des prises britanniques en France)<\/li>\n\n\n\n<li>Sacs poubelle<\/li>\n\n\n\n<li>Sacs r\u00e9utilisables<\/li>\n\n\n\n<li>Ruban adh\u00e9sif \u00e9pais<\/li>\n\n\n\n<li>Marqueurs permanents<\/li>\n\n\n\n<li>T\u00e9l\u00e9phones portables fonctionnels et d\u00e9verrouill\u00e9s<\/li>\n\n\n\n<li>Tapis de sol<\/li>\n\n\n\n<li>Sacs \u00e0 dos (40 litres maximum)<\/li>\n<\/ul>\n\n\n\n<div class=\"wp-block-group alignfull has-background has-global-padding is-layout-constrained wp-container-core-group-is-layout-c385debf wp-block-group-is-layout-constrained\" style=\"background-color:#ffafaf;padding-top:var(--wp--preset--spacing--20);padding-right:var(--wp--preset--spacing--20);padding-bottom:var(--wp--preset--spacing--20);padding-left:var(--wp--preset--spacing--20)\">\n<h4 class=\"wp-block-heading\">Les objets que nous ne pouvons pas accepter :<\/h4>\n\n\n\n<ul class=\"wp-block-list\">\n<li>M\u00e9dicaments<\/li>\n\n\n\n<li>Articles endommag\u00e9s ou souill\u00e9s<\/li>\n\n\n\n<li>TOUS TYPES de v\u00eatements L et XL<\/li>\n\n\n\n<li>Chemises de costume<\/li>\n\n\n\n<li>Chaussures de s\u00e9curit\u00e9<\/li>\n\n\n\n<li>Bottes en caoutchouc<\/li>\n\n\n\n<li>Chaussures de costume ou de ville<\/li>\n\n\n\n<li>Combinaisons de ski ou salopettes<\/li>\n\n\n\n<li>Motifs de camouflage, symboles sataniques, symboles religieux, r\u00e9f\u00e9rences sexuelles, alcool, drogues<\/li>\n\n\n\n<li>V\u00eatements tr\u00e8s brillants ou fluorescents<\/li>\n\n\n\n<li>V\u00eatements tricot\u00e9s \u00e0 la main (trop fragiles)<\/li>\n\n\n\n<li>Valises<\/li>\n\n\n\n<li>Couettes<\/li>\n\n\n\n<li>Petites couvertures (plus petites qu&rsquo;un adulte)<\/li>\n<\/ul>\n<\/div>\n\n\n\n<figure class=\"wp-block-image size-full\"><img loading=\"lazy\" decoding=\"async\" width=\"572\" height=\"821\" src=\"https:\/\/laubergedesmigrants.fr\/wp-content\/uploads\/2022\/11\/calais_donations.png\" alt=\"\" class=\"wp-image-105\"\/><\/figure>\n\n\n\n<h3 class=\"wp-block-heading\"><strong>Comment trier vos dons<\/strong><\/h3>\n\n\n\n<p>Pour un tri efficace de vos dons, veuillez les <strong>diviser<\/strong>, les <strong>emballer <\/strong>et les <strong>marquer <\/strong>selon les cat\u00e9gories ci-dessus. Si vous faites un don important (plus de 5 cartons ou sacs), un inventaire pr\u00e9cis de vos dons est indispensable. Merci d&rsquo;avance !<\/p>\n\n\n\n<p>Ce pr\u00e9-tri permet \u00e0 nos b\u00e9n\u00e9voles de gagner un temps consid\u00e9rable et de distribuer vos dons aux exil\u00e9s beaucoup plus rapidement. Pour plus d&rsquo;informations sur le tri des dons ou pour toute autre question, <a href=\"https:\/\/laubergedesmigrants.fr\/lauberge-des-migrants\/contact-us\/\" data-type=\"page\" data-id=\"21\">n&rsquo;h\u00e9sitez pas \u00e0 nous contacter<\/a>.<\/p>\n\n\n\n<p>Vous pouvez si vous le pr\u00e9f\u00e9rez <a href=\"https:\/\/laubergedesmigrants.fr\/support\/make-a-donation\/\" data-type=\"page\" data-id=\"25\" target=\"_blank\" rel=\"noreferrer noopener\">faire un don mon\u00e9taire<\/a><\/p>\n\n\n\n<div style=\"height:100px\" aria-hidden=\"true\" class=\"wp-block-spacer\"><\/div>\n","protected":false},"excerpt":{"rendered":"<p>Avant de nous envoyer du mat\u00e9riel, assurez-vous que les articles que vous souhaitez donner figurent dans la liste ci-dessous. Si un article ne figure pas sur la liste, nous ne le distribuerons pas aux personnes d\u00e9plac\u00e9es dans la r\u00e9gion. Le tri et le stockage des objets \u00ab\u00a0ind\u00e9sirables\u00a0\u00bb nous co\u00fbtent beaucoup de temps et d&rsquo;argent, c&rsquo;est pourquoi nous vous demandons de faire vos dons avec soin. Pour plus d&rsquo;informations sur le tri des dons ou pour toute autre question, veuillez nous contacter par courrier \u00e9lectronique.<\/p>\n","protected":false},"author":1,"featured_media":0,"parent":27,"menu_order":0,"comment_status":"closed","ping_status":"closed","template":"","meta":{"footnotes":""},"class_list":["post-31","page","type-page","status-publish","hentry"],"_links":{"self":[{"href":"https:\/\/laubergedesmigrants.fr\/fr\/wp-json\/wp\/v2\/pages\/31","targetHints":{"allow":["GET"]}}],"collection":[{"href":"https:\/\/laubergedesmigrants.fr\/fr\/wp-json\/wp\/v2\/pages"}],"about":[{"href":"https:\/\/laubergedesmigrants.fr\/fr\/wp-json\/wp\/v2\/types\/page"}],"author":[{"embeddable":true,"href":"https:\/\/laubergedesmigrants.fr\/fr\/wp-json\/wp\/v2\/users\/1"}],"replies":[{"embeddable":true,"href":"https:\/\/laubergedesmigrants.fr\/fr\/wp-json\/wp\/v2\/comments?post=31"}],"version-history":[{"count":15,"href":"https:\/\/laubergedesmigrants.fr\/fr\/wp-json\/wp\/v2\/pages\/31\/revisions"}],"predecessor-version":[{"id":1602,"href":"https:\/\/laubergedesmigrants.fr\/fr\/wp-json\/wp\/v2\/pages\/31\/revisions\/1602"}],"up":[{"embeddable":true,"href":"https:\/\/laubergedesmigrants.fr\/fr\/wp-json\/wp\/v2\/pages\/27"}],"wp:attachment":[{"href":"https:\/\/laubergedesmigrants.fr\/fr\/wp-json\/wp\/v2\/media?parent=31"}],"curies":[{"name":"wp","href":"https:\/\/api.w.org\/{rel}","templated":true}]}}