{"id":2774,"date":"2025-04-25T08:27:16","date_gmt":"2025-04-25T08:27:16","guid":{"rendered":"https:\/\/laubergedesmigrants.fr\/?page_id=2774"},"modified":"2025-04-25T08:33:13","modified_gmt":"2025-04-25T08:33:13","slug":"ils-nous-soutiennent","status":"publish","type":"page","link":"https:\/\/laubergedesmigrants.fr\/fr\/lauberge-des-migrants\/our-partners\/ils-nous-soutiennent\/","title":{"rendered":"Ils nous soutiennent"},"content":{"rendered":"\n<p>En 2024 ce sont plus de 1300 personnes qui nous ont soutenu financi\u00e8rement. Dans un souhait de garder notre ind\u00e9pendance, nous refusons tout argent public, c&rsquo;est pourquoi \u00e0 ces donateurs particuliers, le financement par des fonds priv\u00e9s ou des fondations nous est essentiel. Nous vous pr\u00e9sentons celles et ceux qui nous soutiennent et qui nous permettent de maintenir ns activit\u00e9s \u00e0 la fronti\u00e8re.<\/p>\n\n\n\n<div style=\"height:100px\" aria-hidden=\"true\" class=\"wp-block-spacer\"><\/div>\n\n\n\n<div class=\"wp-block-columns alignwide are-vertically-aligned-top is-layout-flex wp-container-core-columns-is-layout-28f84493 wp-block-columns-is-layout-flex\">\n<div class=\"wp-block-column is-vertically-aligned-top is-layout-flow wp-block-column-is-layout-flow\">\n<figure class=\"wp-block-image aligncenter size-thumbnail\"><img loading=\"lazy\" decoding=\"async\" width=\"150\" height=\"150\" src=\"https:\/\/laubergedesmigrants.fr\/wp-content\/uploads\/2024\/07\/logo_TrefleSolidaire-1-150x150.jpg\" alt=\"\" class=\"wp-image-1985\" srcset=\"https:\/\/laubergedesmigrants.fr\/wp-content\/uploads\/2024\/07\/logo_TrefleSolidaire-1-150x150.jpg 150w, https:\/\/laubergedesmigrants.fr\/wp-content\/uploads\/2024\/07\/logo_TrefleSolidaire-1-12x12.jpg 12w\" sizes=\"auto, (max-width: 150px) 100vw, 150px\" \/><\/figure>\n\n\n\n<p class=\"has-medium-font-size\" style=\"font-style:normal;font-weight:200\">Dans le cadre de sa mission d\u2019int\u00e9r\u00eat g\u00e9n\u00e9ral, le Fonds Tr\u00e8fle Solidaire a pour objet toute action d\u2019int\u00e9r\u00eat g\u00e9n\u00e9ral permettant l\u2019accompagnement de personnes se trouvant en difficult\u00e9 dans la r\u00e9alisation de leurs projets<\/p>\n<\/div>\n\n\n\n<div class=\"wp-block-column is-vertically-aligned-top is-layout-flow wp-block-column-is-layout-flow\">\n<figure class=\"wp-block-image aligncenter size-thumbnail\"><img loading=\"lazy\" decoding=\"async\" width=\"150\" height=\"150\" src=\"https:\/\/laubergedesmigrants.fr\/wp-content\/uploads\/2023\/06\/312882773_462283599330671_7665492213323960328_n-150x150.png\" alt=\"\" class=\"wp-image-402\" srcset=\"https:\/\/laubergedesmigrants.fr\/wp-content\/uploads\/2023\/06\/312882773_462283599330671_7665492213323960328_n-150x150.png 150w, https:\/\/laubergedesmigrants.fr\/wp-content\/uploads\/2023\/06\/312882773_462283599330671_7665492213323960328_n-300x300.png 300w, https:\/\/laubergedesmigrants.fr\/wp-content\/uploads\/2023\/06\/312882773_462283599330671_7665492213323960328_n-1024x1024.png 1024w, https:\/\/laubergedesmigrants.fr\/wp-content\/uploads\/2023\/06\/312882773_462283599330671_7665492213323960328_n-768x768.png 768w, https:\/\/laubergedesmigrants.fr\/wp-content\/uploads\/2023\/06\/312882773_462283599330671_7665492213323960328_n-1536x1536.png 1536w, https:\/\/laubergedesmigrants.fr\/wp-content\/uploads\/2023\/06\/312882773_462283599330671_7665492213323960328_n-12x12.png 12w, https:\/\/laubergedesmigrants.fr\/wp-content\/uploads\/2023\/06\/312882773_462283599330671_7665492213323960328_n.png 1582w\" sizes=\"auto, (max-width: 150px) 100vw, 150px\" \/><\/figure>\n\n\n\n<p class=\"has-text-align-left\" style=\"font-style:normal;font-weight:200\">Pocketalk est le leader mondial des solutions de traductions instantan\u00e9es pour connecter le monde et d\u00e9bloquer de nouvelles possibilit\u00e9s.<\/p>\n<\/div>\n\n\n\n<div class=\"wp-block-column is-vertically-aligned-top is-layout-flow wp-block-column-is-layout-flow\">\n<figure class=\"wp-block-image aligncenter size-medium\"><img loading=\"lazy\" decoding=\"async\" width=\"300\" height=\"149\" src=\"https:\/\/laubergedesmigrants.fr\/wp-content\/uploads\/2024\/05\/Poule-rousse-300x149.png\" alt=\"\" class=\"wp-image-1838\" srcset=\"https:\/\/laubergedesmigrants.fr\/wp-content\/uploads\/2024\/05\/Poule-rousse-300x149.png 300w, https:\/\/laubergedesmigrants.fr\/wp-content\/uploads\/2024\/05\/Poule-rousse-18x9.png 18w, https:\/\/laubergedesmigrants.fr\/wp-content\/uploads\/2024\/05\/Poule-rousse.png 319w\" sizes=\"auto, (max-width: 300px) 100vw, 300px\" \/><\/figure>\n\n\n\n<p class=\"has-text-align-left\" style=\"font-style:normal;font-weight:200\">La Poule Rousse est un fonds de dotation cr\u00e9\u00e9 pour soutenir et encourager les projets non lucratifs visant \u00e0 prot\u00e9ger notre environnement et renforcer le lien social. Le Fonds nous soutien pour la troisi\u00e8me ann\u00e9e cons\u00e9cutive !<\/p>\n<\/div>\n<\/div>\n\n\n\n<div style=\"height:100px\" aria-hidden=\"true\" class=\"wp-block-spacer\"><\/div>\n\n\n\n<div class=\"wp-block-columns alignwide are-vertically-aligned-top is-layout-flex wp-container-core-columns-is-layout-28f84493 wp-block-columns-is-layout-flex\">\n<div class=\"wp-block-column is-vertically-aligned-top is-layout-flow wp-block-column-is-layout-flow\">\n<figure class=\"wp-block-image aligncenter size-thumbnail\"><img loading=\"lazy\" decoding=\"async\" width=\"150\" height=\"150\" src=\"https:\/\/laubergedesmigrants.fr\/wp-content\/uploads\/2025\/04\/UTF-8Capture-decran-2025-03-28-121143-150x150.png\" alt=\"\" class=\"wp-image-2778\"\/><\/figure>\n\n\n\n<p class=\"has-text-align-left\" style=\"font-style:normal;font-weight:200\">La fondation Riace accompagne des initiatives et investissements concrets et p\u00e9rennes ouvrant une voie \u00e0 l\u2019int\u00e9gration et \u00e0 la pleine participation des personnes exil\u00e9es \u00e0 notre \u00e9conomie et notre vie sociale.<\/p>\n<\/div>\n\n\n\n<div class=\"wp-block-column is-vertically-aligned-top is-layout-flow wp-block-column-is-layout-flow\">\n<figure class=\"wp-block-image aligncenter size-medium is-resized\"><img loading=\"lazy\" decoding=\"async\" width=\"300\" height=\"83\" src=\"https:\/\/laubergedesmigrants.fr\/wp-content\/uploads\/2024\/07\/Haella-2-300x83.png\" alt=\"\" class=\"wp-image-1988\" style=\"width:393px;height:auto\" srcset=\"https:\/\/laubergedesmigrants.fr\/wp-content\/uploads\/2024\/07\/Haella-2-300x83.png 300w, https:\/\/laubergedesmigrants.fr\/wp-content\/uploads\/2024\/07\/Haella-2-18x5.png 18w, https:\/\/laubergedesmigrants.fr\/wp-content\/uploads\/2024\/07\/Haella-2.png 426w\" sizes=\"auto, (max-width: 300px) 100vw, 300px\" \/><\/figure>\n\n\n\n<p><\/p>\n\n\n\n<p class=\"has-text-align-left\" style=\"font-style:normal;font-weight:200\">La Fondation Ha\u00eblla s&rsquo;efforce de r\u00e9aliser les id\u00e9aux de personnes passionn\u00e9es et permet \u00e0 ceux qui le souhaitent d&rsquo;agir pour les autres, leur communaut\u00e9 ou l&rsquo;environnement.<\/p>\n<\/div>\n\n\n\n<div class=\"wp-block-column is-vertically-aligned-top is-layout-flow wp-block-column-is-layout-flow\">\n<figure class=\"wp-block-image aligncenter size-medium is-resized\"><img loading=\"lazy\" decoding=\"async\" width=\"300\" height=\"288\" src=\"https:\/\/laubergedesmigrants.fr\/wp-content\/uploads\/2025\/04\/UTF-8Amber-300x288.png\" alt=\"\" class=\"wp-image-2775\" style=\"width:151px;height:auto\" srcset=\"https:\/\/laubergedesmigrants.fr\/wp-content\/uploads\/2025\/04\/UTF-8Amber-300x288.png 300w, https:\/\/laubergedesmigrants.fr\/wp-content\/uploads\/2025\/04\/UTF-8Amber-1024x981.png 1024w, https:\/\/laubergedesmigrants.fr\/wp-content\/uploads\/2025\/04\/UTF-8Amber-768x736.png 768w, https:\/\/laubergedesmigrants.fr\/wp-content\/uploads\/2025\/04\/UTF-8Amber-13x12.png 13w, https:\/\/laubergedesmigrants.fr\/wp-content\/uploads\/2025\/04\/UTF-8Amber.png 1419w\" sizes=\"auto, (max-width: 300px) 100vw, 300px\" \/><\/figure>\n\n\n\n<p class=\"has-text-align-left\" style=\"font-style:normal;font-weight:200\">La Fondation familiale AnBer s\u2019est donn\u00e9e pour mission de soutenir des actions caritatives au service des plus fragiles. <\/p>\n<\/div>\n<\/div>\n\n\n\n<div style=\"height:100px\" aria-hidden=\"true\" class=\"wp-block-spacer\"><\/div>\n\n\n\n<div class=\"wp-block-columns alignwide are-vertically-aligned-top is-layout-flex wp-container-core-columns-is-layout-28f84493 wp-block-columns-is-layout-flex\">\n<div class=\"wp-block-column is-vertically-aligned-top is-layout-flow wp-block-column-is-layout-flow\">\n<figure class=\"wp-block-image aligncenter size-full is-resized\"><img loading=\"lazy\" decoding=\"async\" width=\"339\" height=\"148\" src=\"https:\/\/laubergedesmigrants.fr\/wp-content\/uploads\/2025\/04\/UTF-8Emaus.png\" alt=\"\" class=\"wp-image-2776\" style=\"width:263px;height:auto\" srcset=\"https:\/\/laubergedesmigrants.fr\/wp-content\/uploads\/2025\/04\/UTF-8Emaus.png 339w, https:\/\/laubergedesmigrants.fr\/wp-content\/uploads\/2025\/04\/UTF-8Emaus-300x131.png 300w, https:\/\/laubergedesmigrants.fr\/wp-content\/uploads\/2025\/04\/UTF-8Emaus-18x8.png 18w\" sizes=\"auto, (max-width: 339px) 100vw, 339px\" \/><\/figure>\n\n\n\n<p><\/p>\n\n\n\n<p class=\"has-text-align-left\" style=\"font-style:normal;font-weight:200\">Le champ d\u2019intervention principal d\u2019EMMA\u00dcS Solidarit\u00e9 est centr\u00e9 sur les personnes et les familles les plus fragiles, les plus d\u00e9socialis\u00e9es et les plus bless\u00e9es par la vie : celles qui vivent \u00e0 la rue.&nbsp;<\/p>\n<\/div>\n\n\n\n<div class=\"wp-block-column is-vertically-aligned-top is-layout-flow wp-block-column-is-layout-flow\">\n<figure class=\"wp-block-image aligncenter size-full is-resized\"><img loading=\"lazy\" decoding=\"async\" width=\"225\" height=\"225\" src=\"https:\/\/laubergedesmigrants.fr\/wp-content\/uploads\/2025\/04\/images.png\" alt=\"\" class=\"wp-image-2779\" style=\"object-fit:cover;width:159px;height:auto\" srcset=\"https:\/\/laubergedesmigrants.fr\/wp-content\/uploads\/2025\/04\/images.png 225w, https:\/\/laubergedesmigrants.fr\/wp-content\/uploads\/2025\/04\/images-150x150.png 150w, https:\/\/laubergedesmigrants.fr\/wp-content\/uploads\/2025\/04\/images-12x12.png 12w\" sizes=\"auto, (max-width: 225px) 100vw, 225px\" \/><\/figure>\n\n\n\n<p class=\"has-text-align-left\" style=\"font-style:normal;font-weight:200\"><strong>Phone Credit for Refugees and Displaced People<\/strong>&nbsp;fournit des recharges de cr\u00e9dit t\u00e9l\u00e9phonique aux demandeur\u00b7euses d\u2019asile et les r\u00e9fugi\u00e9\u00b7es s\u00e9par\u00e9\u00b7es de leur famille par la guerre et les conflits<\/p>\n<\/div>\n\n\n\n<div class=\"wp-block-column is-vertically-aligned-top is-layout-flow wp-block-column-is-layout-flow\">\n<figure class=\"wp-block-image aligncenter size-medium is-resized\"><img loading=\"lazy\" decoding=\"async\" width=\"300\" height=\"152\" src=\"https:\/\/laubergedesmigrants.fr\/wp-content\/uploads\/2025\/04\/UTF-8Shiriki-300x152.png\" alt=\"\" class=\"wp-image-2777\" style=\"width:241px;height:auto\" srcset=\"https:\/\/laubergedesmigrants.fr\/wp-content\/uploads\/2025\/04\/UTF-8Shiriki-300x152.png 300w, https:\/\/laubergedesmigrants.fr\/wp-content\/uploads\/2025\/04\/UTF-8Shiriki-18x9.png 18w, https:\/\/laubergedesmigrants.fr\/wp-content\/uploads\/2025\/04\/UTF-8Shiriki.png 316w\" sizes=\"auto, (max-width: 300px) 100vw, 300px\" \/><\/figure>\n\n\n\n<p><\/p>\n\n\n\n<p class=\"has-text-align-left\" style=\"font-style:normal;font-weight:200\">Fondation Familiale abrit\u00e9e sous l&rsquo;\u00e9gide de la Fondation AnBer.<\/p>\n<\/div>\n<\/div>\n\n\n\n<div style=\"height:100px\" aria-hidden=\"true\" class=\"wp-block-spacer\"><\/div>\n\n\n\n<p><\/p>\n\n\n\n<div class=\"wp-block-columns is-layout-flex wp-container-core-columns-is-layout-28f84493 wp-block-columns-is-layout-flex\">\n<div class=\"wp-block-column is-layout-flow wp-block-column-is-layout-flow\">\n<p>Nous remercions \u00e9galement la <strong>Fondation Jean Kerbe<\/strong>r, abrit\u00e9e sous l\u2019\u00e9gide de la Fondation du Luxembourg qui soutient le Channel Info Project .<\/p>\n<\/div>\n<\/div>\n\n\n\n<p><\/p>\n\n\n\n<p><\/p>\n","protected":false},"excerpt":{"rendered":"<p>En 2024 ce sont plus de 1300 personnes qui nous ont soutenu financi\u00e8rement. Dans un souhait de garder notre ind\u00e9pendance, nous refusons tout argent public, c&rsquo;est pourquoi \u00e0 ces donateurs particuliers, le financement par des fonds priv\u00e9s ou des fondations nous est essentiel. Nous vous pr\u00e9sentons celles et ceux qui nous soutiennent et qui nous [&hellip;]<\/p>\n","protected":false},"author":5,"featured_media":0,"parent":17,"menu_order":0,"comment_status":"closed","ping_status":"closed","template":"","meta":{"footnotes":""},"class_list":["post-2774","page","type-page","status-publish","hentry"],"_links":{"self":[{"href":"https:\/\/laubergedesmigrants.fr\/fr\/wp-json\/wp\/v2\/pages\/2774","targetHints":{"allow":["GET"]}}],"collection":[{"href":"https:\/\/laubergedesmigrants.fr\/fr\/wp-json\/wp\/v2\/pages"}],"about":[{"href":"https:\/\/laubergedesmigrants.fr\/fr\/wp-json\/wp\/v2\/types\/page"}],"author":[{"embeddable":true,"href":"https:\/\/laubergedesmigrants.fr\/fr\/wp-json\/wp\/v2\/users\/5"}],"replies":[{"embeddable":true,"href":"https:\/\/laubergedesmigrants.fr\/fr\/wp-json\/wp\/v2\/comments?post=2774"}],"version-history":[{"count":2,"href":"https:\/\/laubergedesmigrants.fr\/fr\/wp-json\/wp\/v2\/pages\/2774\/revisions"}],"predecessor-version":[{"id":2786,"href":"https:\/\/laubergedesmigrants.fr\/fr\/wp-json\/wp\/v2\/pages\/2774\/revisions\/2786"}],"up":[{"embeddable":true,"href":"https:\/\/laubergedesmigrants.fr\/fr\/wp-json\/wp\/v2\/pages\/17"}],"wp:attachment":[{"href":"https:\/\/laubergedesmigrants.fr\/fr\/wp-json\/wp\/v2\/media?parent=2774"}],"curies":[{"name":"wp","href":"https:\/\/api.w.org\/{rel}","templated":true}]}}