{"id":27,"date":"2022-11-10T13:40:23","date_gmt":"2022-11-10T13:40:23","guid":{"rendered":"https:\/\/laubergedesmigrants.fr\/?page_id=27"},"modified":"2024-03-29T17:10:23","modified_gmt":"2024-03-29T17:10:23","slug":"material-donations","status":"publish","type":"page","link":"https:\/\/laubergedesmigrants.fr\/fr\/support\/material-donations\/","title":{"rendered":"Je donne du mat\u00e9riel"},"content":{"rendered":"\n<div class=\"wp-block-columns is-layout-flex wp-container-core-columns-is-layout-28f84493 wp-block-columns-is-layout-flex\">\n<div class=\"wp-block-column is-layout-flow wp-block-column-is-layout-flow\">\n<h2 class=\"wp-block-heading\">Apporter des dons mat\u00e9riels \u00e0 l\u2019entrep\u00f4t<\/h2>\n\n\n\n<p>Vous venez en tant que b\u00e9n\u00e9vole ou vous passez simplement par l\u2019entrep\u00f4t ? N\u2019oubliez pas de remplir votre voiture ! Faites une collecte aupr\u00e8s de vos amis et de votre famille pour apporter les choses dont nous avons le plus besoin.<\/p>\n\n\n\n<div class=\"wp-block-buttons is-content-justification-center is-layout-flex wp-container-core-buttons-is-layout-a89b3969 wp-block-buttons-is-layout-flex\">\n<div class=\"wp-block-button\"><a class=\"wp-block-button__link wp-element-button\" href=\"https:\/\/laubergedesmigrants.fr\/support\/material-donations\/liste-des-besoins\/\">Liste des besoins<\/a><\/div>\n<\/div>\n<\/div>\n<\/div>\n\n\n\n<figure class=\"wp-block-gallery alignfull has-nested-images columns-4 is-cropped wp-block-gallery-1 is-layout-flex wp-block-gallery-is-layout-flex\">\n<figure class=\"wp-block-image size-large\"><img loading=\"lazy\" decoding=\"async\" width=\"1024\" height=\"577\" data-id=\"744\" src=\"https:\/\/laubergedesmigrants.fr\/wp-content\/uploads\/2023\/07\/20220502_105014-1024x577.jpg\" alt=\"\" class=\"wp-image-744\" srcset=\"https:\/\/laubergedesmigrants.fr\/wp-content\/uploads\/2023\/07\/20220502_105014-1024x577.jpg 1024w, https:\/\/laubergedesmigrants.fr\/wp-content\/uploads\/2023\/07\/20220502_105014-300x169.jpg 300w, https:\/\/laubergedesmigrants.fr\/wp-content\/uploads\/2023\/07\/20220502_105014-768x432.jpg 768w, https:\/\/laubergedesmigrants.fr\/wp-content\/uploads\/2023\/07\/20220502_105014-1600x901.jpg 1600w, https:\/\/laubergedesmigrants.fr\/wp-content\/uploads\/2023\/07\/20220502_105014-1536x865.jpg 1536w, https:\/\/laubergedesmigrants.fr\/wp-content\/uploads\/2023\/07\/20220502_105014-2048x1153.jpg 2048w, https:\/\/laubergedesmigrants.fr\/wp-content\/uploads\/2023\/07\/20220502_105014-18x10.jpg 18w, https:\/\/laubergedesmigrants.fr\/wp-content\/uploads\/2023\/07\/20220502_105014-200x113.jpg 200w\" sizes=\"auto, (max-width: 1024px) 100vw, 1024px\" \/><\/figure>\n\n\n\n<figure class=\"wp-block-image size-large\"><img loading=\"lazy\" decoding=\"async\" width=\"1600\" height=\"900\" data-id=\"745\" src=\"https:\/\/laubergedesmigrants.fr\/wp-content\/uploads\/2023\/07\/WhatsApp-Image-2022-06-21-at-14.45.03.jpeg\" alt=\"\" class=\"wp-image-745\"\/><\/figure>\n\n\n\n<figure class=\"wp-block-image size-large\"><img loading=\"lazy\" decoding=\"async\" width=\"640\" height=\"1024\" data-id=\"650\" src=\"https:\/\/laubergedesmigrants.fr\/wp-content\/uploads\/2023\/07\/20211119_153425-edited-640x1024.jpg\" alt=\"\" class=\"wp-image-650\" srcset=\"https:\/\/laubergedesmigrants.fr\/wp-content\/uploads\/2023\/07\/20211119_153425-edited-640x1024.jpg 640w, https:\/\/laubergedesmigrants.fr\/wp-content\/uploads\/2023\/07\/20211119_153425-edited-188x300.jpg 188w, https:\/\/laubergedesmigrants.fr\/wp-content\/uploads\/2023\/07\/20211119_153425-edited-768x1229.jpg 768w, https:\/\/laubergedesmigrants.fr\/wp-content\/uploads\/2023\/07\/20211119_153425-edited-960x1536.jpg 960w, https:\/\/laubergedesmigrants.fr\/wp-content\/uploads\/2023\/07\/20211119_153425-edited-1280x2048.jpg 1280w, https:\/\/laubergedesmigrants.fr\/wp-content\/uploads\/2023\/07\/20211119_153425-edited-8x12.jpg 8w, https:\/\/laubergedesmigrants.fr\/wp-content\/uploads\/2023\/07\/20211119_153425-edited-scaled.jpg 1600w\" sizes=\"auto, (max-width: 640px) 100vw, 640px\" \/><\/figure>\n\n\n\n<figure class=\"wp-block-image size-large\"><img loading=\"lazy\" decoding=\"async\" width=\"1024\" height=\"683\" data-id=\"179\" src=\"https:\/\/laubergedesmigrants.fr\/wp-content\/uploads\/2023\/01\/volunteer_img_2.jpg\" alt=\"\" class=\"wp-image-179\"\/><\/figure>\n<\/figure>\n\n\n\n<div style=\"height:20px\" aria-hidden=\"true\" class=\"wp-block-spacer\"><\/div>\n\n\n\n<h2 class=\"wp-block-heading\">O\u00f9 vont les donations ?<\/h2>\n\n\n\n<p>Chaque jour, les dons que nous recevons sont distribu\u00e9s sur le terrain \u00e0 Calais et dans ses environs : nourriture, v\u00eatements, chaussures, couvertures, tentes, produits d\u2019hygi\u00e8ne, etc. Chaque don mat\u00e9riel collect\u00e9 b\u00e9n\u00e9ficie directement aux personnes exil\u00e9es dans la r\u00e9gion.<\/p>\n\n\n\n<figure class=\"wp-block-gallery alignwide has-nested-images columns-default is-cropped wp-block-gallery-2 is-layout-flex wp-block-gallery-is-layout-flex\">\n<figure class=\"wp-block-image size-large\"><img loading=\"lazy\" decoding=\"async\" width=\"1024\" height=\"577\" data-id=\"647\" src=\"https:\/\/laubergedesmigrants.fr\/wp-content\/uploads\/2023\/07\/20221118_154514-1024x577.jpg\" alt=\"\" class=\"wp-image-647\" srcset=\"https:\/\/laubergedesmigrants.fr\/wp-content\/uploads\/2023\/07\/20221118_154514-1024x577.jpg 1024w, https:\/\/laubergedesmigrants.fr\/wp-content\/uploads\/2023\/07\/20221118_154514-300x169.jpg 300w, https:\/\/laubergedesmigrants.fr\/wp-content\/uploads\/2023\/07\/20221118_154514-768x432.jpg 768w, https:\/\/laubergedesmigrants.fr\/wp-content\/uploads\/2023\/07\/20221118_154514-1536x865.jpg 1536w, https:\/\/laubergedesmigrants.fr\/wp-content\/uploads\/2023\/07\/20221118_154514-2048x1153.jpg 2048w, https:\/\/laubergedesmigrants.fr\/wp-content\/uploads\/2023\/07\/20221118_154514-18x10.jpg 18w\" sizes=\"auto, (max-width: 1024px) 100vw, 1024px\" \/><\/figure>\n\n\n\n<figure class=\"wp-block-image size-large\"><img loading=\"lazy\" decoding=\"async\" width=\"640\" height=\"1024\" data-id=\"650\" src=\"https:\/\/laubergedesmigrants.fr\/wp-content\/uploads\/2023\/07\/20211119_153425-edited-640x1024.jpg\" alt=\"\" class=\"wp-image-650\" srcset=\"https:\/\/laubergedesmigrants.fr\/wp-content\/uploads\/2023\/07\/20211119_153425-edited-640x1024.jpg 640w, https:\/\/laubergedesmigrants.fr\/wp-content\/uploads\/2023\/07\/20211119_153425-edited-188x300.jpg 188w, https:\/\/laubergedesmigrants.fr\/wp-content\/uploads\/2023\/07\/20211119_153425-edited-768x1229.jpg 768w, https:\/\/laubergedesmigrants.fr\/wp-content\/uploads\/2023\/07\/20211119_153425-edited-960x1536.jpg 960w, https:\/\/laubergedesmigrants.fr\/wp-content\/uploads\/2023\/07\/20211119_153425-edited-1280x2048.jpg 1280w, https:\/\/laubergedesmigrants.fr\/wp-content\/uploads\/2023\/07\/20211119_153425-edited-8x12.jpg 8w, https:\/\/laubergedesmigrants.fr\/wp-content\/uploads\/2023\/07\/20211119_153425-edited-scaled.jpg 1600w\" sizes=\"auto, (max-width: 640px) 100vw, 640px\" \/><\/figure>\n<\/figure>\n\n\n\n<h2 class=\"wp-block-heading\">Comment les trier ?<\/h2>\n\n\n\n<p>Pour un tri efficace de vos dons, merci de les r\u00e9partir, de les emballer et de les marquer par cat\u00e9gories (v\u00eatements\/hygi\u00e8ne\/divers). <\/p>\n\n\n\n<p>Si vous faites un don important (plus de 5 cartons ou sacs), un inventaire pr\u00e9cis de vos dons est indispensable. Merci d\u2019avance ! <\/p>\n\n\n\n<p>Ce tri pr\u00e9alable permet \u00e0 nos b\u00e9n\u00e9voles de gagner un temps consid\u00e9rable et de distribuer beaucoup plus rapidement vos dons aux exil\u00e9s. Pour plus d\u2019informations sur le tri des dons ou pour toute autre question, n\u2019h\u00e9sitez pas \u00e0 nous&nbsp;<a href=\"https:\/\/laubergedesmigrants.fr\/about\/contact-us\/\">contacter par email<\/a>.<\/p>\n\n\n\n<div style=\"height:100px\" aria-hidden=\"true\" class=\"wp-block-spacer\"><\/div>\n\n\n\n<div class=\"wp-block-group alignwide has-base-2-background-color has-background has-global-padding is-layout-constrained wp-container-core-group-is-layout-570efc33 wp-block-group-is-layout-constrained\" style=\"padding-top:var(--wp--preset--spacing--30);padding-right:var(--wp--preset--spacing--30);padding-bottom:var(--wp--preset--spacing--30);padding-left:var(--wp--preset--spacing--30)\">\n<h1 class=\"wp-block-heading\">Donations alternatives<\/h1>\n\n\n\n<div class=\"wp-block-media-text alignwide is-stacked-on-mobile\" style=\"grid-template-columns:25% auto\"><figure class=\"wp-block-media-text__media\"><img loading=\"lazy\" decoding=\"async\" width=\"1860\" height=\"1142\" src=\"https:\/\/laubergedesmigrants.fr\/wp-content\/uploads\/2022\/11\/lilo-logo-baseline.png\" alt=\"\" class=\"wp-image-109 size-full\"\/><\/figure><div class=\"wp-block-media-text__content\">\n<h3 class=\"wp-block-heading\">Lilo : le moteur de recherche solidaire<\/h3>\n\n\n\n<p>Lanc\u00e9 en 2015 par 2 ing\u00e9nieurs fran\u00e7ais, Lilo est un moteur de recherche solidaire qui distribue la moiti\u00e9 de ses revenus \u00e0 des projets sociaux et environnementaux.<\/p>\n\n\n\n<p>Choisissez Lilo comme moteur de recherche, collectez des \u00ab&nbsp;gouttes d\u2019eau&nbsp;\u00bb (jetons num\u00e9riques qui se transforment en dons r\u00e9els) et donnez-les \u00e0 L\u2019Auberge des Migrants en cliquant sur&nbsp;<a href=\"https:\/\/www.lilo.org\/?utm_source=lauberge-des-migrants\" target=\"_blank\" rel=\"noreferrer noopener\">ce lien<\/a>&nbsp;(ce lien redirige vers la page d\u2019installation de Lilo et active le don de gouttes d\u2019eau \u00e0 notre projet pour le nouvel utilisateur).<\/p>\n\n\n\n<p>Chaque ann\u00e9e, un internaute g\u00e9n\u00e8re environ 30 \u20ac gr\u00e2ce \u00e0 ses recherches. Soutenez les causes qui vous tiennent \u00e0 c\u0153ur en toute simplicit\u00e9 !<\/p>\n\n\n\n<div class=\"wp-block-buttons is-layout-flex wp-block-buttons-is-layout-flex\">\n<div class=\"wp-block-button\"><a class=\"wp-block-button__link wp-element-button\" href=\"https:\/\/www.lilo.org\/\" target=\"_blank\" rel=\"noreferrer noopener\">D\u00e9couvrir Lilo<\/a><\/div>\n<\/div>\n<\/div><\/div>\n\n\n\n<div class=\"wp-block-media-text alignwide has-media-on-the-right is-stacked-on-mobile\" style=\"grid-template-columns:auto 25%\"><div class=\"wp-block-media-text__content\">\n<h3 class=\"wp-block-heading\">HA Solidaire: les dons collect\u00e9s par vos achats en ligne<\/h3>\n\n\n\n<p>HA Solidaire est une plateforme qui permet aux associations de collecter des fonds par le biais d\u2019achats en ligne. Vous pouvez vous inscrire en nous d\u00e9signant comme b\u00e9n\u00e9ficiaire du cashback. En activant le reversement avant chacun de vos achats en ligne, vous nous permettez de recevoir le cashback de l\u2019achat sans co\u00fbt suppl\u00e9mentaire pour vous.<\/p>\n\n\n\n<p>Par exemple : pour un achat de 100 euros dans une boutique offrant 8 % de cashback, nous recevrons 8 euros.<\/p>\n\n\n\n<p>HA-solidaire est une solution innovante qui permet de soutenir des causes importantes dans vos achats quotidiens. C\u2019est 100% gratuit et 100% g\u00e9n\u00e9reux ! Inscrivez-vous en cliquant sur ce lien pour nous soutenir \u00e0 travers vos achats.<\/p>\n\n\n\n<div class=\"wp-block-buttons is-layout-flex wp-block-buttons-is-layout-flex\">\n<div class=\"wp-block-button\"><a class=\"wp-block-button__link wp-element-button\" href=\"https:\/\/ha-solidaire.com\/\" target=\"_blank\" rel=\"noreferrer noopener\">D\u00e9couvrir HA Solidaire<\/a><\/div>\n<\/div>\n<\/div><figure class=\"wp-block-media-text__media\"><img loading=\"lazy\" decoding=\"async\" width=\"283\" height=\"283\" src=\"https:\/\/laubergedesmigrants.fr\/wp-content\/uploads\/2022\/11\/logo-ha-solidaires.png\" alt=\"HA Solidaire: les dons collect\u00e9s par vos achats en ligne\n\" class=\"wp-image-110 size-full\"\/><\/figure><\/div>\n<\/div>\n","protected":false},"excerpt":{"rendered":"<p>Apporter des dons mat\u00e9riels \u00e0 l\u2019entrep\u00f4t Vous venez en tant que b\u00e9n\u00e9vole ou vous passez simplement par l\u2019entrep\u00f4t ? N\u2019oubliez pas de remplir votre voiture ! Faites une collecte aupr\u00e8s de vos amis et de votre famille pour apporter les choses dont nous avons le plus besoin. O\u00f9 vont les donations ? Chaque jour, les [&hellip;]<\/p>\n","protected":false},"author":1,"featured_media":0,"parent":23,"menu_order":4,"comment_status":"closed","ping_status":"closed","template":"","meta":{"footnotes":""},"class_list":["post-27","page","type-page","status-publish","hentry"],"_links":{"self":[{"href":"https:\/\/laubergedesmigrants.fr\/fr\/wp-json\/wp\/v2\/pages\/27","targetHints":{"allow":["GET"]}}],"collection":[{"href":"https:\/\/laubergedesmigrants.fr\/fr\/wp-json\/wp\/v2\/pages"}],"about":[{"href":"https:\/\/laubergedesmigrants.fr\/fr\/wp-json\/wp\/v2\/types\/page"}],"author":[{"embeddable":true,"href":"https:\/\/laubergedesmigrants.fr\/fr\/wp-json\/wp\/v2\/users\/1"}],"replies":[{"embeddable":true,"href":"https:\/\/laubergedesmigrants.fr\/fr\/wp-json\/wp\/v2\/comments?post=27"}],"version-history":[{"count":34,"href":"https:\/\/laubergedesmigrants.fr\/fr\/wp-json\/wp\/v2\/pages\/27\/revisions"}],"predecessor-version":[{"id":1644,"href":"https:\/\/laubergedesmigrants.fr\/fr\/wp-json\/wp\/v2\/pages\/27\/revisions\/1644"}],"up":[{"embeddable":true,"href":"https:\/\/laubergedesmigrants.fr\/fr\/wp-json\/wp\/v2\/pages\/23"}],"wp:attachment":[{"href":"https:\/\/laubergedesmigrants.fr\/fr\/wp-json\/wp\/v2\/media?parent=27"}],"curies":[{"name":"wp","href":"https:\/\/api.w.org\/{rel}","templated":true}]}}