{"id":231,"date":"2023-04-03T13:43:31","date_gmt":"2023-04-03T13:43:31","guid":{"rendered":"https:\/\/laubergedesmigrants.fr\/?page_id=231"},"modified":"2025-07-21T14:03:45","modified_gmt":"2025-07-21T14:03:45","slug":"channel-info-project","status":"publish","type":"page","link":"https:\/\/laubergedesmigrants.fr\/fr\/nos-actions\/channel-info-project\/","title":{"rendered":"Channel Info Project"},"content":{"rendered":"\n<p>Channel Info Project ou \u00ab&nbsp;CHIP&nbsp;\u00bb est n\u00e9 du constat est que le manque d\u2019acc\u00e8s \u00e0 l\u2019information contribue \u00e0 aggraver les conditions de vie, d\u00e9j\u00e0 indignes, des personnes exil\u00e9es sur le littoral Nord et les expose \u00e0 des risques accrus le long de la fronti\u00e8re franco-britannique.<\/p>\n\n\n\n<figure class=\"wp-block-gallery alignfull has-nested-images columns-default is-cropped wp-block-gallery-1 is-layout-flex wp-block-gallery-is-layout-flex\">\n<figure class=\"wp-block-image size-large\"><img loading=\"lazy\" decoding=\"async\" width=\"826\" height=\"551\" data-id=\"842\" src=\"https:\/\/laubergedesmigrants.fr\/wp-content\/uploads\/2023\/07\/charging-session-close-hand-of-one-of-the-refugees-1.jpg\" alt=\"\" class=\"wp-image-842\" srcset=\"https:\/\/laubergedesmigrants.fr\/wp-content\/uploads\/2023\/07\/charging-session-close-hand-of-one-of-the-refugees-1.jpg 826w, https:\/\/laubergedesmigrants.fr\/wp-content\/uploads\/2023\/07\/charging-session-close-hand-of-one-of-the-refugees-1-300x200.jpg 300w, https:\/\/laubergedesmigrants.fr\/wp-content\/uploads\/2023\/07\/charging-session-close-hand-of-one-of-the-refugees-1-768x512.jpg 768w, https:\/\/laubergedesmigrants.fr\/wp-content\/uploads\/2023\/07\/charging-session-close-hand-of-one-of-the-refugees-1-18x12.jpg 18w, https:\/\/laubergedesmigrants.fr\/wp-content\/uploads\/2023\/07\/charging-session-close-hand-of-one-of-the-refugees-1-200x133.jpg 200w\" sizes=\"auto, (max-width: 826px) 100vw, 826px\" \/><\/figure>\n\n\n\n<figure class=\"wp-block-image size-large\"><img loading=\"lazy\" decoding=\"async\" width=\"1024\" height=\"576\" data-id=\"838\" src=\"https:\/\/laubergedesmigrants.fr\/wp-content\/uploads\/2023\/07\/WhatsApp-Image-2023-07-05-at-14.22.51-1024x576.jpeg\" alt=\"\" class=\"wp-image-838\" srcset=\"https:\/\/laubergedesmigrants.fr\/wp-content\/uploads\/2023\/07\/WhatsApp-Image-2023-07-05-at-14.22.51-1024x576.jpeg 1024w, https:\/\/laubergedesmigrants.fr\/wp-content\/uploads\/2023\/07\/WhatsApp-Image-2023-07-05-at-14.22.51-300x169.jpeg 300w, https:\/\/laubergedesmigrants.fr\/wp-content\/uploads\/2023\/07\/WhatsApp-Image-2023-07-05-at-14.22.51-768x432.jpeg 768w, https:\/\/laubergedesmigrants.fr\/wp-content\/uploads\/2023\/07\/WhatsApp-Image-2023-07-05-at-14.22.51-1536x864.jpeg 1536w, https:\/\/laubergedesmigrants.fr\/wp-content\/uploads\/2023\/07\/WhatsApp-Image-2023-07-05-at-14.22.51-18x10.jpeg 18w, https:\/\/laubergedesmigrants.fr\/wp-content\/uploads\/2023\/07\/WhatsApp-Image-2023-07-05-at-14.22.51-200x113.jpeg 200w, https:\/\/laubergedesmigrants.fr\/wp-content\/uploads\/2023\/07\/WhatsApp-Image-2023-07-05-at-14.22.51.jpeg 1600w\" sizes=\"auto, (max-width: 1024px) 100vw, 1024px\" \/><\/figure>\n\n\n\n<figure class=\"wp-block-image size-large\"><img loading=\"lazy\" decoding=\"async\" width=\"1024\" height=\"576\" data-id=\"837\" src=\"https:\/\/laubergedesmigrants.fr\/wp-content\/uploads\/2023\/07\/WhatsApp-Image-2023-07-05-at-14.22.51-1-1024x576.jpeg\" alt=\"\" class=\"wp-image-837\" srcset=\"https:\/\/laubergedesmigrants.fr\/wp-content\/uploads\/2023\/07\/WhatsApp-Image-2023-07-05-at-14.22.51-1-1024x576.jpeg 1024w, https:\/\/laubergedesmigrants.fr\/wp-content\/uploads\/2023\/07\/WhatsApp-Image-2023-07-05-at-14.22.51-1-300x169.jpeg 300w, https:\/\/laubergedesmigrants.fr\/wp-content\/uploads\/2023\/07\/WhatsApp-Image-2023-07-05-at-14.22.51-1-768x432.jpeg 768w, https:\/\/laubergedesmigrants.fr\/wp-content\/uploads\/2023\/07\/WhatsApp-Image-2023-07-05-at-14.22.51-1-1536x864.jpeg 1536w, https:\/\/laubergedesmigrants.fr\/wp-content\/uploads\/2023\/07\/WhatsApp-Image-2023-07-05-at-14.22.51-1-18x10.jpeg 18w, https:\/\/laubergedesmigrants.fr\/wp-content\/uploads\/2023\/07\/WhatsApp-Image-2023-07-05-at-14.22.51-1-200x113.jpeg 200w, https:\/\/laubergedesmigrants.fr\/wp-content\/uploads\/2023\/07\/WhatsApp-Image-2023-07-05-at-14.22.51-1.jpeg 1600w\" sizes=\"auto, (max-width: 1024px) 100vw, 1024px\" \/><\/figure>\n<\/figure>\n\n\n\n<p>Ce projet prend le relais de l\u2019association Refugee Info Bus, qui a fait le choix de se concentrer sur d\u2019autres missions. CHIP a \u00e9t\u00e9 cr\u00e9\u00e9 par d\u2019anciennes membres de cette association au sein de l\u2019Auberge des Migrants.<\/p>\n\n\n\n<p>Notre projet se donne pour but de r\u00e9duire ce manque consid\u00e9rable d\u2019acc\u00e8s \u00e0 l\u2019information et se coordonne avec un r\u00e9seau d\u2019organisations en France, au Royaume-Uni et dans l\u2019UE pour rassembler et diffuser des informations multilingues, fiables et r\u00e9guli\u00e8rement mises \u00e0 jour. Nous plaidons \u00e9galement pour un acc\u00e8s digne et durable aux services apportant une r\u00e9ponse aux besoins essentiels des personnes en d\u00e9placement, pour que celles-ci puissent faire les choix les plus \u00e9clair\u00e9s possibles durant leur parcours d\u2019exil.<\/p>\n\n\n\n<p>Pour cela, CHiP se concentre sur les missions suivantes&nbsp;:<\/p>\n\n\n\n<ul class=\"wp-block-list\">\n<li>Sessions de recharge \u00e9lectrique et connexion WiFi \u00e0 proximit\u00e9 des lieux de vie.<\/li>\n\n\n\n<li>Faciliter l\u2019acc\u00e8s aux services essentiels pour les personnes exil\u00e9es et \u00e0 participer \u00e0 la pr\u00e9vention et r\u00e9duction des risques durant les travers\u00e9es de la Manche via des maraudes et points d\u2019informations.<\/li>\n\n\n\n<li>R\u00e9daction d\u2019un guide multilingue sur les services essentiels (num\u00e9ros d\u2019urgence, acc\u00e8s aux distributions de nourriture et biens mat\u00e9riels, solutions d\u2019h\u00e9bergement, soins m\u00e9dicaux, etc\u2026) pour les nouveaux arrivants \u00e0 Calais et Dunkerque.<\/li>\n\n\n\n<li>Acc\u00e8s au cr\u00e9dit t\u00e9l\u00e9phonique pour les personnes exil\u00e9es<\/li>\n\n\n\n<li>Co-animation d\u2019ateliers sur la demande d\u2019asile au Royaume-Uni, informations g\u00e9n\u00e9rales et r\u00e9orientation vers les acteurs juridiques pour les personnes souhaitant introduire une demande d\u2019asile en France.<\/li>\n<\/ul>\n\n\n\n<figure class=\"wp-block-gallery alignwide has-nested-images columns-default is-cropped wp-block-gallery-2 is-layout-flex wp-block-gallery-is-layout-flex\">\n<figure class=\"wp-block-image size-large\"><img loading=\"lazy\" decoding=\"async\" width=\"1024\" height=\"683\" data-id=\"1579\" src=\"https:\/\/laubergedesmigrants.fr\/wp-content\/uploads\/2024\/03\/DSC_2339-1024x683.jpg\" alt=\"\" class=\"wp-image-1579\" srcset=\"https:\/\/laubergedesmigrants.fr\/wp-content\/uploads\/2024\/03\/DSC_2339-1024x683.jpg 1024w, https:\/\/laubergedesmigrants.fr\/wp-content\/uploads\/2024\/03\/DSC_2339-300x200.jpg 300w, https:\/\/laubergedesmigrants.fr\/wp-content\/uploads\/2024\/03\/DSC_2339-768x512.jpg 768w, https:\/\/laubergedesmigrants.fr\/wp-content\/uploads\/2024\/03\/DSC_2339-1536x1024.jpg 1536w, https:\/\/laubergedesmigrants.fr\/wp-content\/uploads\/2024\/03\/DSC_2339-18x12.jpg 18w, https:\/\/laubergedesmigrants.fr\/wp-content\/uploads\/2024\/03\/DSC_2339.jpg 1920w\" sizes=\"auto, (max-width: 1024px) 100vw, 1024px\" \/><\/figure>\n\n\n\n<figure class=\"wp-block-image size-large\"><img loading=\"lazy\" decoding=\"async\" width=\"1024\" height=\"683\" data-id=\"1580\" src=\"https:\/\/laubergedesmigrants.fr\/wp-content\/uploads\/2024\/03\/DSC_2341-1024x683.jpg\" alt=\"\" class=\"wp-image-1580\" srcset=\"https:\/\/laubergedesmigrants.fr\/wp-content\/uploads\/2024\/03\/DSC_2341-1024x683.jpg 1024w, https:\/\/laubergedesmigrants.fr\/wp-content\/uploads\/2024\/03\/DSC_2341-300x200.jpg 300w, https:\/\/laubergedesmigrants.fr\/wp-content\/uploads\/2024\/03\/DSC_2341-768x512.jpg 768w, https:\/\/laubergedesmigrants.fr\/wp-content\/uploads\/2024\/03\/DSC_2341-1536x1024.jpg 1536w, https:\/\/laubergedesmigrants.fr\/wp-content\/uploads\/2024\/03\/DSC_2341-18x12.jpg 18w, https:\/\/laubergedesmigrants.fr\/wp-content\/uploads\/2024\/03\/DSC_2341.jpg 1920w\" sizes=\"auto, (max-width: 1024px) 100vw, 1024px\" \/><\/figure>\n\n\n\n<figure class=\"wp-block-image size-large\"><img loading=\"lazy\" decoding=\"async\" width=\"1024\" height=\"683\" data-id=\"1581\" src=\"https:\/\/laubergedesmigrants.fr\/wp-content\/uploads\/2024\/03\/DSC_2350-1024x683.jpg\" alt=\"\" class=\"wp-image-1581\" srcset=\"https:\/\/laubergedesmigrants.fr\/wp-content\/uploads\/2024\/03\/DSC_2350-1024x683.jpg 1024w, https:\/\/laubergedesmigrants.fr\/wp-content\/uploads\/2024\/03\/DSC_2350-300x200.jpg 300w, https:\/\/laubergedesmigrants.fr\/wp-content\/uploads\/2024\/03\/DSC_2350-768x512.jpg 768w, https:\/\/laubergedesmigrants.fr\/wp-content\/uploads\/2024\/03\/DSC_2350-1536x1024.jpg 1536w, https:\/\/laubergedesmigrants.fr\/wp-content\/uploads\/2024\/03\/DSC_2350-18x12.jpg 18w, https:\/\/laubergedesmigrants.fr\/wp-content\/uploads\/2024\/03\/DSC_2350.jpg 1920w\" sizes=\"auto, (max-width: 1024px) 100vw, 1024px\" \/><\/figure>\n<\/figure>\n\n\n\n<div style=\"height:5px\" aria-hidden=\"true\" class=\"wp-block-spacer\"><\/div>\n\n\n\n<div class=\"wp-block-buttons is-content-justification-center is-layout-flex wp-container-core-buttons-is-layout-a89b3969 wp-block-buttons-is-layout-flex\">\n<div class=\"wp-block-button\"><a class=\"wp-block-button__link wp-element-button\" href=\"https:\/\/forms.office.com\/e\/b9sJ7E7jGt\">REJOINDRE CHANNEL INFO PROJECT<\/a><\/div>\n<\/div>\n\n\n\n<p><\/p>\n","protected":false},"excerpt":{"rendered":"<p> .<\/p>\n","protected":false},"author":2,"featured_media":0,"parent":1132,"menu_order":2,"comment_status":"closed","ping_status":"closed","template":"","meta":{"footnotes":""},"class_list":["post-231","page","type-page","status-publish","hentry"],"_links":{"self":[{"href":"https:\/\/laubergedesmigrants.fr\/fr\/wp-json\/wp\/v2\/pages\/231","targetHints":{"allow":["GET"]}}],"collection":[{"href":"https:\/\/laubergedesmigrants.fr\/fr\/wp-json\/wp\/v2\/pages"}],"about":[{"href":"https:\/\/laubergedesmigrants.fr\/fr\/wp-json\/wp\/v2\/types\/page"}],"author":[{"embeddable":true,"href":"https:\/\/laubergedesmigrants.fr\/fr\/wp-json\/wp\/v2\/users\/2"}],"replies":[{"embeddable":true,"href":"https:\/\/laubergedesmigrants.fr\/fr\/wp-json\/wp\/v2\/comments?post=231"}],"version-history":[{"count":74,"href":"https:\/\/laubergedesmigrants.fr\/fr\/wp-json\/wp\/v2\/pages\/231\/revisions"}],"predecessor-version":[{"id":2946,"href":"https:\/\/laubergedesmigrants.fr\/fr\/wp-json\/wp\/v2\/pages\/231\/revisions\/2946"}],"up":[{"embeddable":true,"href":"https:\/\/laubergedesmigrants.fr\/fr\/wp-json\/wp\/v2\/pages\/1132"}],"wp:attachment":[{"href":"https:\/\/laubergedesmigrants.fr\/fr\/wp-json\/wp\/v2\/media?parent=231"}],"curies":[{"name":"wp","href":"https:\/\/api.w.org\/{rel}","templated":true}]}}