{"id":23,"date":"2022-11-10T13:40:01","date_gmt":"2022-11-10T13:40:01","guid":{"rendered":"https:\/\/laubergedesmigrants.fr\/?page_id=23"},"modified":"2024-03-29T09:05:17","modified_gmt":"2024-03-29T09:05:17","slug":"support","status":"publish","type":"page","link":"https:\/\/laubergedesmigrants.fr\/fr\/support\/","title":{"rendered":"Je veux aider"},"content":{"rendered":"\n<div class=\"wp-block-group alignfull has-global-padding is-layout-constrained wp-container-core-group-is-layout-c816cdf9 wp-block-group-is-layout-constrained\" style=\"margin-top:0;margin-bottom:0;padding-top:var(--wp--preset--spacing--40);padding-right:var(--wp--preset--spacing--40);padding-bottom:var(--wp--preset--spacing--40);padding-left:var(--wp--preset--spacing--40)\">\n<div class=\"wp-block-columns alignwide are-vertically-aligned-center is-layout-flex wp-container-core-columns-is-layout-47c06fe3 wp-block-columns-is-layout-flex\">\n<div class=\"wp-block-column is-vertically-aligned-center is-layout-flow wp-block-column-is-layout-flow\" style=\"flex-basis:50%\">\n<h2 class=\"wp-block-heading\">Plus que jamais, nous avons besoin de vous.<\/h2>\n\n\n\n<p class=\"has-large-font-size\">Chaque don peut faire la diff\u00e9rence :<\/p>\n\n\n\n<ul style=\"line-height:1.75\" class=\"is-style-checkmark-list wp-block-list\">\n<li>1\u20ac, c\u2019est un repas chaud distribu\u00e9 \u00e0 un exil\u00e9 \u00e0 Calais<\/li>\n\n\n\n<li>5\u20ac, c\u2019est un sac de bois de chauffage distribu\u00e9 \u00e0 une famille de cinq personnes<\/li>\n\n\n\n<li>10\u20ac, c\u2019est un sac de couchage qui abritera un exil\u00e9 du froid cet hiver<\/li>\n\n\n\n<li>50\u20ac, c\u2019est une journ\u00e9e d\u2019\u00e9lectricit\u00e9 \u00e0 l\u2019entrep\u00f4t pour pr\u00e9parer plus de 1 000 repas<\/li>\n\n\n\n<li>100\u20ac, ce sont 15 paires de chaussures qui \u00e9quiperont des exil\u00e9s pour l\u2019hiver<\/li>\n\n\n\n<li>500\u20ac, c\u2019est un mois de bois et de colis alimentaires \u00e0 cuisiner pour dix personnes<\/li>\n<\/ul>\n\n\n\n<div class=\"wp-block-buttons is-layout-flex wp-block-buttons-is-layout-flex\">\n<div class=\"wp-block-button\"><a class=\"wp-block-button__link wp-element-button\" href=\"https:\/\/www.helloasso.com\/associations\/l-auberge-des-migrants\/formulaires\/2\" target=\"_blank\" rel=\"noreferrer noopener\">Faire un don<\/a><\/div>\n\n\n\n<div class=\"wp-block-button is-style-outline is-style-outline--1\"><a class=\"wp-block-button__link wp-element-button\" href=\"https:\/\/www.helloasso.com\/associations\/l-auberge-des-migrants\/adhesions\/devenir-membre-de-l-auberge\" target=\"_blank\" rel=\"noreferrer noopener\">Adh\u00e9rer<\/a><\/div>\n<\/div>\n<\/div>\n\n\n\n<div class=\"wp-block-column is-vertically-aligned-center is-layout-flow wp-block-column-is-layout-flow\" style=\"flex-basis:50%\">\n<figure class=\"wp-block-image size-full is-style-rounded is-style-rounded--2\"><img loading=\"lazy\" decoding=\"async\" width=\"827\" height=\"551\" src=\"https:\/\/laubergedesmigrants.fr\/wp-content\/uploads\/2023\/07\/Charging-session-Fun-time-in-the-Field-.jpg\" alt=\"\" class=\"wp-image-840\" style=\"aspect-ratio:4\/3;object-fit:cover\"\/><\/figure>\n<\/div>\n<\/div>\n<\/div>\n","protected":false},"excerpt":{"rendered":"","protected":false},"author":1,"featured_media":0,"parent":0,"menu_order":2,"comment_status":"closed","ping_status":"closed","template":"","meta":{"footnotes":""},"class_list":["post-23","page","type-page","status-publish","hentry"],"_links":{"self":[{"href":"https:\/\/laubergedesmigrants.fr\/fr\/wp-json\/wp\/v2\/pages\/23","targetHints":{"allow":["GET"]}}],"collection":[{"href":"https:\/\/laubergedesmigrants.fr\/fr\/wp-json\/wp\/v2\/pages"}],"about":[{"href":"https:\/\/laubergedesmigrants.fr\/fr\/wp-json\/wp\/v2\/types\/page"}],"author":[{"embeddable":true,"href":"https:\/\/laubergedesmigrants.fr\/fr\/wp-json\/wp\/v2\/users\/1"}],"replies":[{"embeddable":true,"href":"https:\/\/laubergedesmigrants.fr\/fr\/wp-json\/wp\/v2\/comments?post=23"}],"version-history":[{"count":9,"href":"https:\/\/laubergedesmigrants.fr\/fr\/wp-json\/wp\/v2\/pages\/23\/revisions"}],"predecessor-version":[{"id":1435,"href":"https:\/\/laubergedesmigrants.fr\/fr\/wp-json\/wp\/v2\/pages\/23\/revisions\/1435"}],"wp:attachment":[{"href":"https:\/\/laubergedesmigrants.fr\/fr\/wp-json\/wp\/v2\/media?parent=23"}],"curies":[{"name":"wp","href":"https:\/\/api.w.org\/{rel}","templated":true}]}}