{"id":221,"date":"2023-04-03T13:40:47","date_gmt":"2023-04-03T13:40:47","guid":{"rendered":"https:\/\/laubergedesmigrants.fr\/?page_id=221"},"modified":"2024-04-26T15:58:15","modified_gmt":"2024-04-26T15:58:15","slug":"notre-histoire","status":"publish","type":"page","link":"https:\/\/laubergedesmigrants.fr\/fr\/lauberge-des-migrants\/notre-histoire\/","title":{"rendered":"Notre histoire"},"content":{"rendered":"\n<p>Fin 2023, L&rsquo;Auberge des Migrants a f\u00eat\u00e9&nbsp;ses 15 ans d&rsquo;action humanitaire \u00e0 la fronti\u00e8re Franco-Britannique.&nbsp;<br>&nbsp;<br>Au fil des ann\u00e9es, l&rsquo;association s&rsquo;est adapt\u00e9e afin de r\u00e9pondre au mieux aux besoins du terrain.&nbsp;&nbsp;<br>&nbsp;<br>Notre mission est non seulement d&rsquo;apporter de l&rsquo;aide directe&nbsp;sur le terrain, mais aussi d&rsquo;assurer l&rsquo;existence d&rsquo;une plateforme logistique et humanitaire, r\u00e9unissant diff\u00e9rentes associations.&nbsp;<br>&nbsp;<br>Au sein de l&rsquo;entrep\u00f4t de l&rsquo;Auberge des Migrants, se pr\u00e9parent des centaines de repas, sont stock\u00e9s des couvertures, des v\u00eatements et&nbsp;coexistent six associations diff\u00e9rentes.&nbsp;<br>&nbsp;<br>Retour sur les 15 ans qui ont men\u00e9 \u00e0 l&rsquo;association telle qu&rsquo;on la connait aujourd&rsquo;hui.&nbsp;<\/p>\n\n\n\n<h2 class=\"wp-block-heading\">2007-2008 : Nos d\u00e9buts<\/h2>\n\n\n\n<figure class=\"wp-block-image size-full is-resized\"><img loading=\"lazy\" decoding=\"async\" width=\"1024\" height=\"683\" src=\"https:\/\/laubergedesmigrants.fr\/wp-content\/uploads\/2024\/03\/51251675-25a3-fa30-5723-949f2114583d.jpg\" alt=\"\" class=\"wp-image-1626\" style=\"width:622px;height:auto\" srcset=\"https:\/\/laubergedesmigrants.fr\/wp-content\/uploads\/2024\/03\/51251675-25a3-fa30-5723-949f2114583d.jpg 1024w, https:\/\/laubergedesmigrants.fr\/wp-content\/uploads\/2024\/03\/51251675-25a3-fa30-5723-949f2114583d-300x200.jpg 300w, https:\/\/laubergedesmigrants.fr\/wp-content\/uploads\/2024\/03\/51251675-25a3-fa30-5723-949f2114583d-768x512.jpg 768w, https:\/\/laubergedesmigrants.fr\/wp-content\/uploads\/2024\/03\/51251675-25a3-fa30-5723-949f2114583d-18x12.jpg 18w\" sizes=\"auto, (max-width: 1024px) 100vw, 1024px\" \/><\/figure>\n\n\n\n<p>L\u2019association la Belle \u00e9toile, qui distribue de la nourriture \u00e0 Calais, arr\u00eate ses activit\u00e9s. Une partie des b\u00e9n\u00e9voles cr\u00e9e l\u2019Auberge des Migrants et organise des distributions fixes.&nbsp;<\/p>\n\n\n\n<h2 class=\"wp-block-heading\">2014-2016 : L\u2019Auberge s\u2019agrandit<\/h2>\n\n\n\n<p>Les besoins sont grandissants, l\u2019association distribue maintenant 900 repas 3 fois par semaine ainsi que des v\u00eatements collect\u00e9s aupr\u00e8s des particuliers et se rend directement sur les neuf lieux de vie des personnes exil\u00e9es.&nbsp;<\/p>\n\n\n\n<p>Nous collectons des v\u00eatements chauds, des chaussures, des couvertures et des sacs de couchage pour les aider \u00e0 se prot\u00e9ger des intemp\u00e9ries.<\/p>\n\n\n\n<p><strong>En 2015, <\/strong>c\u2019est ce qui sera m\u00e9diatis\u00e9 comme la \u201cGrande Jungle\u201d de Calais, jusqu&rsquo;\u00e0 10 000 personnes y survivent. <\/p>\n\n\n\n<p>La coop\u00e9ration commence avec Help Refugees, une association anglaise (qui deviendra Choose Love), avec qui nous lan\u00e7ons un programme de construction d\u2019abris.<\/p>\n\n\n\n<p>Les activit\u00e9s de l\u2019Auberge des Migrants sont d\u00e9plac\u00e9es dans un nouvel entrep\u00f4t et Refugee Community Kitchen, qui pr\u00e9pare des repas chauds, rejoint ce nouveau lieu.&nbsp;<\/p>\n\n\n\n<h2 class=\"wp-block-heading\">Apr\u00e8s octobre 2016 : Le d\u00e9mant\u00e8lement, une situation plus dramatique<\/h2>\n\n\n\n<p>La \u00ab\u00a0Grande Jungle\u00a0\u00bb est d\u00e9truite et \u00e9vacu\u00e9e par l&rsquo;\u00c9tat, la disparition du bidonville signifie aussi la fin des abris. Les exil\u00e9s se trouvent plus vuln\u00e9rables, et font face \u00e0 d\u2019importants besoins mat\u00e9riels pour se pr\u00e9munir du froid et du d\u00e9nuement.<\/p>\n\n\n\n<p>Dans la foul\u00e9e, le projet Woodyard est lanc\u00e9 par Choose Love, et permet la distribution de bois de chauffage dans les campements.<\/p>\n\n\n\n<figure class=\"wp-block-image alignwide size-full\"><img loading=\"lazy\" decoding=\"async\" width=\"1024\" height=\"683\" src=\"https:\/\/laubergedesmigrants.fr\/wp-content\/uploads\/2024\/03\/82a8ea5e-f804-ec37-e187-9052b717e1f8.jpg\" alt=\"\" class=\"wp-image-1621\" srcset=\"https:\/\/laubergedesmigrants.fr\/wp-content\/uploads\/2024\/03\/82a8ea5e-f804-ec37-e187-9052b717e1f8.jpg 1024w, https:\/\/laubergedesmigrants.fr\/wp-content\/uploads\/2024\/03\/82a8ea5e-f804-ec37-e187-9052b717e1f8-300x200.jpg 300w, https:\/\/laubergedesmigrants.fr\/wp-content\/uploads\/2024\/03\/82a8ea5e-f804-ec37-e187-9052b717e1f8-768x512.jpg 768w, https:\/\/laubergedesmigrants.fr\/wp-content\/uploads\/2024\/03\/82a8ea5e-f804-ec37-e187-9052b717e1f8-18x12.jpg 18w\" sizes=\"auto, (max-width: 1024px) 100vw, 1024px\" \/><\/figure>\n\n\n\n<p>En 2017,&nbsp;<strong>1 000 \u00e0 2000 personnes vivent sur le littoral<\/strong>. La fin de la Jungle et le d\u00e9centrement de l&rsquo;attention m\u00e9diatique a entra\u00een\u00e9 la baisse des collectes mat\u00e9rielles et financi\u00e8res pour les exil\u00e9.e.s de Calais.<\/p>\n\n\n\n<p>Le projet Human Rights Observer qui documente et d\u00e9nonce les violences d\u2019\u00c9tat envers les personnes en exil est lanc\u00e9. C&rsquo;est une dynamique collective d&rsquo;associations de l&rsquo;entrep\u00f4t dont la continuit\u00e9 sera assur\u00e9e par l&rsquo;Auberge des Migrants.&nbsp;<\/p>\n\n\n\n<p>L&rsquo;entrep\u00f4t de l&rsquo;association accueille de nouvelles associations, d\u00e9sormais, Refugee Women Centre, Utopia 56 et Refugee Info Bus rejoignent ce qui est d\u00e9sormais la premi\u00e8re plateforme humanitaire du littoral.&nbsp;<\/p>\n\n\n\n<h2 class=\"wp-block-heading\">2018 : La marche solidaire<\/h2>\n\n\n\n<p>Afin de protester contre le blocage des fronti\u00e8res et de militer pour un v\u00e9ritable accueil des personnes en exil, l\u2019Auberge des Migrants organise la Marche solidaire Vintimille &#8211; Calais &#8211; Londres qui mobilisera pr\u00e8s de 15 000 personnes entre le 30 avril et le 8 juillet.&nbsp;<\/p>\n\n\n\n<div class=\"wp-block-columns is-layout-flex wp-container-core-columns-is-layout-28f84493 wp-block-columns-is-layout-flex\">\n<div class=\"wp-block-column is-layout-flow wp-block-column-is-layout-flow\" style=\"flex-basis:100%\">\n<figure class=\"wp-block-image alignwide size-large\"><img loading=\"lazy\" decoding=\"async\" width=\"1024\" height=\"538\" src=\"https:\/\/laubergedesmigrants.fr\/wp-content\/uploads\/2024\/03\/3ad16939-eeb3-8ab0-0e9c-019fc4264778-1024x538.jpg\" alt=\"\" class=\"wp-image-1620\" srcset=\"https:\/\/laubergedesmigrants.fr\/wp-content\/uploads\/2024\/03\/3ad16939-eeb3-8ab0-0e9c-019fc4264778-1024x538.jpg 1024w, https:\/\/laubergedesmigrants.fr\/wp-content\/uploads\/2024\/03\/3ad16939-eeb3-8ab0-0e9c-019fc4264778-300x158.jpg 300w, https:\/\/laubergedesmigrants.fr\/wp-content\/uploads\/2024\/03\/3ad16939-eeb3-8ab0-0e9c-019fc4264778-768x403.jpg 768w, https:\/\/laubergedesmigrants.fr\/wp-content\/uploads\/2024\/03\/3ad16939-eeb3-8ab0-0e9c-019fc4264778-18x9.jpg 18w, https:\/\/laubergedesmigrants.fr\/wp-content\/uploads\/2024\/03\/3ad16939-eeb3-8ab0-0e9c-019fc4264778.jpg 1200w\" sizes=\"auto, (max-width: 1024px) 100vw, 1024px\" \/><\/figure>\n<\/div>\n<\/div>\n\n\n\n<h2 class=\"wp-block-heading\">2020-2024 : De grands changements<\/h2>\n\n\n\n<p><strong>En 2020,<\/strong> La pand\u00e9mie de Covid bat son plein, une partie des associations arr\u00eate ses activit\u00e9s, l\u2019aide alimentaire et l\u2019acc\u00e8s \u00e0 l\u2019eau, fournis&nbsp;par l\u2019association mandat\u00e9e par l\u2019\u00c9tat, diminue. <\/p>\n\n\n\n<p>Pour r\u00e9pondre aux besoins alimentaires grandissants, une partie des b\u00e9n\u00e9voles de l\u2019entrep\u00f4t lancent le Calais Food Collective avec l\u2019accompagnement de l\u2019Auberge des Migrants afin d&rsquo;assurer une distribution quotidienne de nourriture \u00e0 Calais et Grande-Synthe.&nbsp;<\/p>\n\n\n\n<p><strong>Fin 2021,<\/strong> Choose Love, qui finance jusqu&rsquo;\u00e0 70% des associations de l\u2019entrep\u00f4t se retire de Calais. Le socle humanitaire est d\u00e9stabilis\u00e9. Sous l\u2019impulsion de l\u2019Auberge des Migrants et d\u2019Utopia 56, un consortium est lanc\u00e9. C\u2019est la naissance du Calais Appeal, il permettra de lever des fonds et de maintenir les activit\u00e9s de la plateforme humanitaire calaisienne.&nbsp;<\/p>\n\n\n\n<p>Dans le m\u00eame temps, L\u2019Auberge des Migrants reprend la gestion du projet Woodyard.&nbsp;<\/p>\n\n\n\n<p><strong>En 2022,<\/strong> suite au d\u00e9part de Refugee Infobus, L&rsquo;Auberge des Migrants lance un nouveau projet, Channel Info Project. Afin d&rsquo;assurer l&rsquo;acc\u00e8s \u00e0 l&rsquo;information et \u00e0 la connectivit\u00e9 pour les personnes exil\u00e9es, si essentiels dans un contexte dans lequel chacun&nbsp;risque sa vie pour rejoindre le Royaume-Uni.&nbsp;<\/p>\n\n\n\n<p><strong>Courant 2023,<\/strong> le projet Human Right Observers prend son ind\u00e9pendance et devient une association \u00e0 part enti\u00e8re.<\/p>\n\n\n\n<figure class=\"wp-block-image alignwide size-full\"><img loading=\"lazy\" decoding=\"async\" width=\"2560\" height=\"1367\" src=\"https:\/\/laubergedesmigrants.fr\/wp-content\/uploads\/2024\/03\/Image-5-1-1-scaled.jpeg\" alt=\"\" class=\"wp-image-1624\" srcset=\"https:\/\/laubergedesmigrants.fr\/wp-content\/uploads\/2024\/03\/Image-5-1-1-scaled.jpeg 2560w, https:\/\/laubergedesmigrants.fr\/wp-content\/uploads\/2024\/03\/Image-5-1-1-300x160.jpeg 300w, https:\/\/laubergedesmigrants.fr\/wp-content\/uploads\/2024\/03\/Image-5-1-1-1024x547.jpeg 1024w, https:\/\/laubergedesmigrants.fr\/wp-content\/uploads\/2024\/03\/Image-5-1-1-768x410.jpeg 768w, https:\/\/laubergedesmigrants.fr\/wp-content\/uploads\/2024\/03\/Image-5-1-1-1536x820.jpeg 1536w, https:\/\/laubergedesmigrants.fr\/wp-content\/uploads\/2024\/03\/Image-5-1-1-2048x1093.jpeg 2048w, https:\/\/laubergedesmigrants.fr\/wp-content\/uploads\/2024\/03\/Image-5-1-1-18x10.jpeg 18w\" sizes=\"auto, (max-width: 2560px) 100vw, 2560px\" \/><\/figure>\n\n\n\n<h2 class=\"wp-block-heading\">Aujourd&rsquo;hui, en 2024, l&rsquo;Auberge des Migrants se structure et se stabilise.&nbsp;&nbsp;<\/h2>\n\n\n\n<p>D&rsquo;une vingtaine de b\u00e9n\u00e9voles dans un garage \u00e0 ses d\u00e9buts, l&rsquo;Auberge Des Migrants, au travers de ses deux projets et de l&rsquo;entrep\u00f4t calaisien, permet maintenant 118 000 heures de volontariat par an, chacune consacr\u00e9e \u00e0 tenter d&rsquo;am\u00e9liorer la vie des milliers de personnes exil\u00e9es bloqu\u00e9es \u00e0 la fronti\u00e8re.<\/p>\n\n\n\n<p>Tout \u00e7a n&rsquo;aurait jamais \u00e9t\u00e9 possible sans l&rsquo;ensemble des donateurs et des b\u00e9n\u00e9voles qui nous ont rejoint au fil des ann\u00e9es, pour cela, nous ne vous remercierons jamais assez.<br><br>Que nous r\u00e9serve l&rsquo;avenir ? Nous n&rsquo;en savons rien, mais au vu des politiques migratoires men\u00e9es en France et en Europe, nous savons que le combat n&rsquo;est pas termin\u00e9 et nous esp\u00e9rons le mener \u00e0 vos c\u00f4t\u00e9s tant qu&rsquo;il sera n\u00e9cessaire.<\/p>\n\n\n\n<p><\/p>\n","protected":false},"excerpt":{"rendered":"<p>Fin 2023, L&rsquo;Auberge des Migrants a f\u00eat\u00e9&nbsp;ses 15 ans d&rsquo;action humanitaire \u00e0 la fronti\u00e8re Franco-Britannique.&nbsp;&nbsp;Au fil des ann\u00e9es, l&rsquo;association s&rsquo;est adapt\u00e9e afin de r\u00e9pondre au mieux aux besoins du terrain.&nbsp;&nbsp;&nbsp;Notre mission est non seulement d&rsquo;apporter de l&rsquo;aide directe&nbsp;sur le terrain, mais aussi d&rsquo;assurer l&rsquo;existence d&rsquo;une plateforme logistique et humanitaire, r\u00e9unissant diff\u00e9rentes associations.&nbsp;&nbsp;Au sein de l&rsquo;entrep\u00f4t [&hellip;]<\/p>\n","protected":false},"author":2,"featured_media":1585,"parent":1147,"menu_order":0,"comment_status":"closed","ping_status":"closed","template":"","meta":{"footnotes":""},"class_list":["post-221","page","type-page","status-publish","has-post-thumbnail","hentry"],"_links":{"self":[{"href":"https:\/\/laubergedesmigrants.fr\/fr\/wp-json\/wp\/v2\/pages\/221","targetHints":{"allow":["GET"]}}],"collection":[{"href":"https:\/\/laubergedesmigrants.fr\/fr\/wp-json\/wp\/v2\/pages"}],"about":[{"href":"https:\/\/laubergedesmigrants.fr\/fr\/wp-json\/wp\/v2\/types\/page"}],"author":[{"embeddable":true,"href":"https:\/\/laubergedesmigrants.fr\/fr\/wp-json\/wp\/v2\/users\/2"}],"replies":[{"embeddable":true,"href":"https:\/\/laubergedesmigrants.fr\/fr\/wp-json\/wp\/v2\/comments?post=221"}],"version-history":[{"count":41,"href":"https:\/\/laubergedesmigrants.fr\/fr\/wp-json\/wp\/v2\/pages\/221\/revisions"}],"predecessor-version":[{"id":1811,"href":"https:\/\/laubergedesmigrants.fr\/fr\/wp-json\/wp\/v2\/pages\/221\/revisions\/1811"}],"up":[{"embeddable":true,"href":"https:\/\/laubergedesmigrants.fr\/fr\/wp-json\/wp\/v2\/pages\/1147"}],"wp:featuredmedia":[{"embeddable":true,"href":"https:\/\/laubergedesmigrants.fr\/fr\/wp-json\/wp\/v2\/media\/1585"}],"wp:attachment":[{"href":"https:\/\/laubergedesmigrants.fr\/fr\/wp-json\/wp\/v2\/media?parent=221"}],"curies":[{"name":"wp","href":"https:\/\/api.w.org\/{rel}","templated":true}]}}