{"id":214,"date":"2023-04-03T13:32:03","date_gmt":"2023-04-03T13:32:03","guid":{"rendered":"https:\/\/laubergedesmigrants.fr\/?page_id=214"},"modified":"2024-03-25T08:30:19","modified_gmt":"2024-03-25T08:30:19","slug":"news","status":"publish","type":"page","link":"https:\/\/laubergedesmigrants.fr\/fr\/lauberge-des-migrants\/news\/","title":{"rendered":"Contexte"},"content":{"rendered":"\n<h2 class=\"wp-block-heading\">Quelle est la situation \u00e0 la fronti\u00e8re nord en 2024&nbsp;?<\/h2>\n\n\n\n<p>Vous avez surement d\u00e9j\u00e0 entendu parler de la fameuse \u00ab&nbsp;Grande Jungle&nbsp;\u00bb de Calais. Ce bidonville, qui \u00e9tait en son temps le plus grand d\u2019Europe, fut d\u00e9truit par les autorit\u00e9s en 2016, et ses occupants, dispers\u00e9s.<\/p>\n\n\n\n<p>Cet \u00e9v\u00e8nement est loin d\u2019avoir mis fin \u00e0 la pr\u00e9sence des exil\u00e9s sur le littoral nord, o\u00f9&nbsp;<strong>ils sont plusieurs dizaines de milliers \u00e0 transiter chaque ann\u00e9e<\/strong>. Depuis, une politique nationale a \u00e9t\u00e9 engag\u00e9e par la France dans le but de tenter d\u2019emp\u00eacher la reconstitution d\u2019un tel lieu. Les exil\u00e9s bloqu\u00e9s pr\u00e8s des c\u00f4tes de la Manche, en attendant un \u00e9ventuel passage au Royaume-Uni, se retrouvent ainsi en permanence traqu\u00e9s, harcel\u00e9s, invisibilis\u00e9s. Expuls\u00e9s loin des yeux du monde.<\/p>\n\n\n\n<figure class=\"wp-block-gallery alignfull has-nested-images columns-default is-cropped wp-block-gallery-1 is-layout-flex wp-block-gallery-is-layout-flex\">\n<figure class=\"wp-block-image size-large\"><img loading=\"lazy\" decoding=\"async\" width=\"1024\" height=\"577\" data-id=\"862\" src=\"https:\/\/laubergedesmigrants.fr\/wp-content\/uploads\/2023\/07\/20211231_090352-1024x577.jpg\" alt=\"\" class=\"wp-image-862\" srcset=\"https:\/\/laubergedesmigrants.fr\/wp-content\/uploads\/2023\/07\/20211231_090352-1024x577.jpg 1024w, https:\/\/laubergedesmigrants.fr\/wp-content\/uploads\/2023\/07\/20211231_090352-300x169.jpg 300w, https:\/\/laubergedesmigrants.fr\/wp-content\/uploads\/2023\/07\/20211231_090352-768x432.jpg 768w, https:\/\/laubergedesmigrants.fr\/wp-content\/uploads\/2023\/07\/20211231_090352-1600x901.jpg 1600w, https:\/\/laubergedesmigrants.fr\/wp-content\/uploads\/2023\/07\/20211231_090352-1536x865.jpg 1536w, https:\/\/laubergedesmigrants.fr\/wp-content\/uploads\/2023\/07\/20211231_090352-2048x1153.jpg 2048w, https:\/\/laubergedesmigrants.fr\/wp-content\/uploads\/2023\/07\/20211231_090352-18x10.jpg 18w, https:\/\/laubergedesmigrants.fr\/wp-content\/uploads\/2023\/07\/20211231_090352-200x113.jpg 200w\" sizes=\"auto, (max-width: 1024px) 100vw, 1024px\" \/><\/figure>\n\n\n\n<figure class=\"wp-block-image size-large\"><img loading=\"lazy\" decoding=\"async\" width=\"1024\" height=\"1024\" data-id=\"882\" src=\"https:\/\/laubergedesmigrants.fr\/wp-content\/uploads\/2023\/07\/20211011_170024-1024x1024.jpg\" alt=\"\" class=\"wp-image-882\" srcset=\"https:\/\/laubergedesmigrants.fr\/wp-content\/uploads\/2023\/07\/20211011_170024-1024x1024.jpg 1024w, https:\/\/laubergedesmigrants.fr\/wp-content\/uploads\/2023\/07\/20211011_170024-300x300.jpg 300w, https:\/\/laubergedesmigrants.fr\/wp-content\/uploads\/2023\/07\/20211011_170024-150x150.jpg 150w, https:\/\/laubergedesmigrants.fr\/wp-content\/uploads\/2023\/07\/20211011_170024-768x768.jpg 768w, https:\/\/laubergedesmigrants.fr\/wp-content\/uploads\/2023\/07\/20211011_170024-1600x1600.jpg 1600w\" sizes=\"auto, (max-width: 1024px) 100vw, 1024px\" \/><\/figure>\n\n\n\n<figure class=\"wp-block-image size-large\"><img loading=\"lazy\" decoding=\"async\" width=\"1024\" height=\"1024\" data-id=\"891\" src=\"https:\/\/laubergedesmigrants.fr\/wp-content\/uploads\/2023\/07\/20211011_164652-1-1024x1024.jpg\" alt=\"\" class=\"wp-image-891\" srcset=\"https:\/\/laubergedesmigrants.fr\/wp-content\/uploads\/2023\/07\/20211011_164652-1-1024x1024.jpg 1024w, https:\/\/laubergedesmigrants.fr\/wp-content\/uploads\/2023\/07\/20211011_164652-1-300x300.jpg 300w, https:\/\/laubergedesmigrants.fr\/wp-content\/uploads\/2023\/07\/20211011_164652-1-150x150.jpg 150w, https:\/\/laubergedesmigrants.fr\/wp-content\/uploads\/2023\/07\/20211011_164652-1-768x768.jpg 768w, https:\/\/laubergedesmigrants.fr\/wp-content\/uploads\/2023\/07\/20211011_164652-1-1600x1600.jpg 1600w\" sizes=\"auto, (max-width: 1024px) 100vw, 1024px\" \/><\/figure>\n\n\n\n<figure class=\"wp-block-image size-large\"><img loading=\"lazy\" decoding=\"async\" width=\"1024\" height=\"1024\" data-id=\"885\" src=\"https:\/\/laubergedesmigrants.fr\/wp-content\/uploads\/2023\/07\/20210914_053905-1024x1024.jpg\" alt=\"\" class=\"wp-image-885\" srcset=\"https:\/\/laubergedesmigrants.fr\/wp-content\/uploads\/2023\/07\/20210914_053905-1024x1024.jpg 1024w, https:\/\/laubergedesmigrants.fr\/wp-content\/uploads\/2023\/07\/20210914_053905-300x300.jpg 300w, https:\/\/laubergedesmigrants.fr\/wp-content\/uploads\/2023\/07\/20210914_053905-150x150.jpg 150w, https:\/\/laubergedesmigrants.fr\/wp-content\/uploads\/2023\/07\/20210914_053905-768x768.jpg 768w, https:\/\/laubergedesmigrants.fr\/wp-content\/uploads\/2023\/07\/20210914_053905-1600x1600.jpg 1600w\" sizes=\"auto, (max-width: 1024px) 100vw, 1024px\" \/><\/figure>\n\n\n\n<figure class=\"wp-block-image size-large\"><img loading=\"lazy\" decoding=\"async\" width=\"1024\" height=\"1024\" data-id=\"886\" src=\"https:\/\/laubergedesmigrants.fr\/wp-content\/uploads\/2023\/07\/20211031_161327-1024x1024.jpg\" alt=\"\" class=\"wp-image-886\" srcset=\"https:\/\/laubergedesmigrants.fr\/wp-content\/uploads\/2023\/07\/20211031_161327-1024x1024.jpg 1024w, https:\/\/laubergedesmigrants.fr\/wp-content\/uploads\/2023\/07\/20211031_161327-300x300.jpg 300w, https:\/\/laubergedesmigrants.fr\/wp-content\/uploads\/2023\/07\/20211031_161327-150x150.jpg 150w, https:\/\/laubergedesmigrants.fr\/wp-content\/uploads\/2023\/07\/20211031_161327-768x768.jpg 768w, https:\/\/laubergedesmigrants.fr\/wp-content\/uploads\/2023\/07\/20211031_161327-1600x1600.jpg 1600w\" sizes=\"auto, (max-width: 1024px) 100vw, 1024px\" \/><\/figure>\n\n\n\n<figure class=\"wp-block-image size-large\"><img loading=\"lazy\" decoding=\"async\" width=\"1024\" height=\"1024\" data-id=\"1168\" src=\"https:\/\/laubergedesmigrants.fr\/wp-content\/uploads\/2024\/03\/20211013_091458-scaled-1-1024x1024.jpg\" alt=\"\" class=\"wp-image-1168\" srcset=\"https:\/\/laubergedesmigrants.fr\/wp-content\/uploads\/2024\/03\/20211013_091458-scaled-1-1024x1024.jpg 1024w, https:\/\/laubergedesmigrants.fr\/wp-content\/uploads\/2024\/03\/20211013_091458-scaled-1-300x300.jpg 300w, https:\/\/laubergedesmigrants.fr\/wp-content\/uploads\/2024\/03\/20211013_091458-scaled-1-150x150.jpg 150w, https:\/\/laubergedesmigrants.fr\/wp-content\/uploads\/2024\/03\/20211013_091458-scaled-1-768x768.jpg 768w, https:\/\/laubergedesmigrants.fr\/wp-content\/uploads\/2024\/03\/20211013_091458-scaled-1-1536x1536.jpg 1536w, https:\/\/laubergedesmigrants.fr\/wp-content\/uploads\/2024\/03\/20211013_091458-scaled-1-2048x2048.jpg 2048w, https:\/\/laubergedesmigrants.fr\/wp-content\/uploads\/2024\/03\/20211013_091458-scaled-1-12x12.jpg 12w\" sizes=\"auto, (max-width: 1024px) 100vw, 1024px\" \/><\/figure>\n<\/figure>\n\n\n\n<p>Durant les semaines, les mois, et parfois les ann\u00e9es d\u2019attente pass\u00e9s \u00e0 Calais, ils n\u2019ont d\u2019autre choix que d\u2019installer les tentes et les b\u00e2ches qui leur servent d\u2019abri dans des bois, sous des ponts, des terrains vagues et d\u2019autres lieux isol\u00e9s dont ils sont d\u00e9log\u00e9s par la police toute les 48h.&nbsp;<strong>Une crise humanitaire se d\u00e9roule sur le sol fran\u00e7ais \u00e0 l\u2019abri des regards.<\/strong><\/p>\n\n\n\n<p>Ce harc\u00e8lement permanent, ajout\u00e9 \u00e0 un manque sciemment voulu par l\u2019\u00c9tat d\u2019acc\u00e8s \u00e0 l\u2019eau, l\u2019alimentation, les soins, l\u2019hygi\u00e8ne et autres besoins essentiels, les maintiennent dans&nbsp;<strong>des conditions de vie proprement inhumaines<\/strong>.<\/p>\n\n\n\n<blockquote class=\"wp-block-quote is-layout-flow wp-block-quote-is-layout-flow\">\n<p>C\u2019est notre mission, \u00e0 nous, associations, de contribuer \u00e0 att\u00e9nuer la duret\u00e9 de leur existence durant ce moment de leur vie.<\/p>\n<\/blockquote>\n\n\n\n<div style=\"height:32px\" aria-hidden=\"true\" class=\"wp-block-spacer\"><\/div>\n\n\n\n<hr class=\"wp-block-separator has-alpha-channel-opacity\"\/>\n\n\n\n<div style=\"height:32px\" aria-hidden=\"true\" class=\"wp-block-spacer\"><\/div>\n\n\n\n<div class=\"wp-block-cover alignwide is-light\" style=\"border-radius:8px\"><span aria-hidden=\"true\" class=\"wp-block-cover__background has-background-dim-10 has-background-dim\"><\/span><div class=\"wp-block-cover__inner-container is-layout-flow wp-block-cover-is-layout-flow\">\n<div class=\"wp-block-group alignfull is-vertical is-layout-flex wp-container-core-group-is-layout-fe9cc265 wp-block-group-is-layout-flex\">\n<div class=\"wp-block-media-text alignfull has-media-on-the-right is-stacked-on-mobile is-vertically-aligned-center\" style=\"grid-template-columns:auto 32%\"><div class=\"wp-block-media-text__content\">\n<h3 class=\"wp-block-heading has-text-align-center has-text-color\" style=\"color:#000000\"><strong>Aller plus loin<\/strong><\/h3>\n\n\n\n<p>Un ensemble de ressources pour comprendre la situation \u00e0 la fronti\u00e8re franco-britannique.<\/p>\n\n\n\n<div class=\"wp-block-buttons is-layout-flex wp-block-buttons-is-layout-flex\">\n<div class=\"wp-block-button\"><a class=\"wp-block-button__link wp-element-button\" href=\"https:\/\/laubergedesmigrants.fr\/news\/aller-plus-loin\/\">Aller plus loin<\/a><\/div>\n<\/div>\n<\/div><figure class=\"wp-block-media-text__media\"><img loading=\"lazy\" decoding=\"async\" width=\"1024\" height=\"1024\" src=\"https:\/\/laubergedesmigrants.fr\/wp-content\/uploads\/2024\/02\/1-2-1024x1024.jpg\" alt=\"\" class=\"wp-image-1114 size-full\" srcset=\"https:\/\/laubergedesmigrants.fr\/wp-content\/uploads\/2024\/02\/1-2-1024x1024.jpg 1024w, https:\/\/laubergedesmigrants.fr\/wp-content\/uploads\/2024\/02\/1-2-300x300.jpg 300w, https:\/\/laubergedesmigrants.fr\/wp-content\/uploads\/2024\/02\/1-2-150x150.jpg 150w, https:\/\/laubergedesmigrants.fr\/wp-content\/uploads\/2024\/02\/1-2-768x768.jpg 768w, https:\/\/laubergedesmigrants.fr\/wp-content\/uploads\/2024\/02\/1-2-12x12.jpg 12w, https:\/\/laubergedesmigrants.fr\/wp-content\/uploads\/2024\/02\/1-2-200x200.jpg 200w, https:\/\/laubergedesmigrants.fr\/wp-content\/uploads\/2024\/02\/1-2.jpg 1080w\" sizes=\"auto, (max-width: 1024px) 100vw, 1024px\" \/><\/figure><\/div>\n<\/div>\n<\/div><\/div>\n","protected":false},"excerpt":{"rendered":"<p>Quelle est la situation \u00e0 la fronti\u00e8re nord en 2024&nbsp;? Vous avez surement d\u00e9j\u00e0 entendu parler de la fameuse \u00ab&nbsp;Grande Jungle&nbsp;\u00bb de Calais. Ce bidonville, qui \u00e9tait en son temps le plus grand d\u2019Europe, fut d\u00e9truit par les autorit\u00e9s en 2016, et ses occupants, dispers\u00e9s. Cet \u00e9v\u00e8nement est loin d\u2019avoir mis fin \u00e0 la pr\u00e9sence [&hellip;]<\/p>\n","protected":false},"author":2,"featured_media":864,"parent":1147,"menu_order":2,"comment_status":"closed","ping_status":"closed","template":"","meta":{"footnotes":""},"class_list":["post-214","page","type-page","status-publish","has-post-thumbnail","hentry"],"_links":{"self":[{"href":"https:\/\/laubergedesmigrants.fr\/fr\/wp-json\/wp\/v2\/pages\/214","targetHints":{"allow":["GET"]}}],"collection":[{"href":"https:\/\/laubergedesmigrants.fr\/fr\/wp-json\/wp\/v2\/pages"}],"about":[{"href":"https:\/\/laubergedesmigrants.fr\/fr\/wp-json\/wp\/v2\/types\/page"}],"author":[{"embeddable":true,"href":"https:\/\/laubergedesmigrants.fr\/fr\/wp-json\/wp\/v2\/users\/2"}],"replies":[{"embeddable":true,"href":"https:\/\/laubergedesmigrants.fr\/fr\/wp-json\/wp\/v2\/comments?post=214"}],"version-history":[{"count":30,"href":"https:\/\/laubergedesmigrants.fr\/fr\/wp-json\/wp\/v2\/pages\/214\/revisions"}],"predecessor-version":[{"id":1584,"href":"https:\/\/laubergedesmigrants.fr\/fr\/wp-json\/wp\/v2\/pages\/214\/revisions\/1584"}],"up":[{"embeddable":true,"href":"https:\/\/laubergedesmigrants.fr\/fr\/wp-json\/wp\/v2\/pages\/1147"}],"wp:featuredmedia":[{"embeddable":true,"href":"https:\/\/laubergedesmigrants.fr\/fr\/wp-json\/wp\/v2\/media\/864"}],"wp:attachment":[{"href":"https:\/\/laubergedesmigrants.fr\/fr\/wp-json\/wp\/v2\/media?parent=214"}],"curies":[{"name":"wp","href":"https:\/\/api.w.org\/{rel}","templated":true}]}}