{"id":19,"date":"2022-11-10T13:39:42","date_gmt":"2022-11-10T13:39:42","guid":{"rendered":"https:\/\/laubergedesmigrants.fr\/?page_id=19"},"modified":"2024-03-21T21:12:50","modified_gmt":"2024-03-21T21:12:50","slug":"become-a-member","status":"publish","type":"page","link":"https:\/\/laubergedesmigrants.fr\/fr\/support\/become-a-member\/","title":{"rendered":"J&rsquo;adh\u00e8re"},"content":{"rendered":"\n<div class=\"wp-block-group has-global-padding is-content-justification-center is-layout-constrained wp-block-group-is-layout-constrained\">\n<iframe id=\"haWidget\" allowtransparency=\"true\" scrolling=\"auto\" src=\"https:\/\/www.helloasso.com\/associations\/l-auberge-des-migrants\/adhesions\/devenir-membre-de-l-auberge\/widget\" style=\"width: 100%; height: 750px; border: none;\"><\/iframe>\n<\/div>\n","protected":false},"excerpt":{"rendered":"<p>En devenant membre de L&rsquo;Auberge des Migrants, vous faites partie de notre communaut\u00e9 en contribuant mensuellement \u00e0 notre cause &#8211; ce qui nous permet de poursuivre notre travail de mani\u00e8re ind\u00e9pendante. En tant que membre, nous vous tiendrons au courant de nos derniers projets par e-mail. Rejoignez-nous aujourd&rsquo;hui et apportez de la dignit\u00e9 aux personnes d\u00e9plac\u00e9es \u00e0 Calais et dans la r\u00e9gion.<\/p>\n","protected":false},"author":1,"featured_media":0,"parent":23,"menu_order":1,"comment_status":"closed","ping_status":"closed","template":"","meta":{"footnotes":""},"class_list":["post-19","page","type-page","status-publish","hentry"],"_links":{"self":[{"href":"https:\/\/laubergedesmigrants.fr\/fr\/wp-json\/wp\/v2\/pages\/19","targetHints":{"allow":["GET"]}}],"collection":[{"href":"https:\/\/laubergedesmigrants.fr\/fr\/wp-json\/wp\/v2\/pages"}],"about":[{"href":"https:\/\/laubergedesmigrants.fr\/fr\/wp-json\/wp\/v2\/types\/page"}],"author":[{"embeddable":true,"href":"https:\/\/laubergedesmigrants.fr\/fr\/wp-json\/wp\/v2\/users\/1"}],"replies":[{"embeddable":true,"href":"https:\/\/laubergedesmigrants.fr\/fr\/wp-json\/wp\/v2\/comments?post=19"}],"version-history":[{"count":15,"href":"https:\/\/laubergedesmigrants.fr\/fr\/wp-json\/wp\/v2\/pages\/19\/revisions"}],"predecessor-version":[{"id":1596,"href":"https:\/\/laubergedesmigrants.fr\/fr\/wp-json\/wp\/v2\/pages\/19\/revisions\/1596"}],"up":[{"embeddable":true,"href":"https:\/\/laubergedesmigrants.fr\/fr\/wp-json\/wp\/v2\/pages\/23"}],"wp:attachment":[{"href":"https:\/\/laubergedesmigrants.fr\/fr\/wp-json\/wp\/v2\/media?parent=19"}],"curies":[{"name":"wp","href":"https:\/\/api.w.org\/{rel}","templated":true}]}}