{"id":17,"date":"2022-11-10T13:39:30","date_gmt":"2022-11-10T13:39:30","guid":{"rendered":"https:\/\/laubergedesmigrants.fr\/?page_id=17"},"modified":"2025-04-25T08:44:28","modified_gmt":"2025-04-25T08:44:28","slug":"our-partners","status":"publish","type":"page","link":"https:\/\/laubergedesmigrants.fr\/fr\/lauberge-des-migrants\/our-partners\/","title":{"rendered":"Nos partenaires"},"content":{"rendered":"\n<div class=\"wp-block-group alignwide action has-global-padding is-layout-constrained wp-block-group-is-layout-constrained\">\n<h2 class=\"wp-block-heading has-text-align-center\" style=\"font-style:normal;font-weight:800;text-transform:none\">Partenaires directs<\/h2>\n\n\n\n<h3 class=\"wp-block-heading has-text-align-center\" style=\"font-style:normal;font-weight:800;text-transform:none\">Pr\u00e9sents \u00e0 l&rsquo;entrep\u00f4t de l&rsquo;Auberge des Migrants<\/h3>\n\n\n\n<div class=\"wp-block-columns alignwide is-layout-flex wp-container-core-columns-is-layout-28f84493 wp-block-columns-is-layout-flex\">\n<div class=\"wp-block-column is-layout-flow wp-container-core-column-is-layout-e3d1c41b wp-block-column-is-layout-flow\">\n<figure class=\"wp-block-image aligncenter size-medium is-resized\"><img loading=\"lazy\" decoding=\"async\" width=\"300\" height=\"192\" src=\"https:\/\/laubergedesmigrants.fr\/wp-content\/uploads\/2023\/04\/Utopia_56_logo-1-300x192.jpeg\" alt=\"Utopia 56\" class=\"wp-image-292\" style=\"width:191px;height:auto\" srcset=\"https:\/\/laubergedesmigrants.fr\/wp-content\/uploads\/2023\/04\/Utopia_56_logo-1-300x192.jpeg 300w, https:\/\/laubergedesmigrants.fr\/wp-content\/uploads\/2023\/04\/Utopia_56_logo-1-1024x654.jpeg 1024w, https:\/\/laubergedesmigrants.fr\/wp-content\/uploads\/2023\/04\/Utopia_56_logo-1-768x490.jpeg 768w, https:\/\/laubergedesmigrants.fr\/wp-content\/uploads\/2023\/04\/Utopia_56_logo-1-18x12.jpeg 18w, https:\/\/laubergedesmigrants.fr\/wp-content\/uploads\/2023\/04\/Utopia_56_logo-1.jpeg 1095w\" sizes=\"auto, (max-width: 300px) 100vw, 300px\" \/><\/figure>\n\n\n\n<div class=\"wp-block-buttons is-content-justification-center is-layout-flex wp-container-core-buttons-is-layout-a89b3969 wp-block-buttons-is-layout-flex\">\n<div class=\"wp-block-button has-custom-width wp-block-button__width-100 is-style-fill\"><a class=\"wp-block-button__link has-accent-3-background-color has-background has-text-align-center wp-element-button\" href=\"https:\/\/utopia56.org\/\" target=\"_blank\" rel=\"noreferrer noopener\">D\u00e9couvrir Utopia 56<\/a><\/div>\n<\/div>\n\n\n\n<p class=\"has-text-align-left\">Utopia 56 intervient pour fournir de l&rsquo;aide d&rsquo;urgence aux personnes exil\u00e9es, de jour comme de nuit.<\/p>\n<\/div>\n\n\n\n<div class=\"wp-block-column is-layout-flow wp-block-column-is-layout-flow\">\n<figure class=\"wp-block-image aligncenter size-medium is-resized\"><img loading=\"lazy\" decoding=\"async\" width=\"300\" height=\"300\" src=\"https:\/\/laubergedesmigrants.fr\/wp-content\/uploads\/2025\/03\/WhatsApp-Image-2025-03-14-at-15.58.13-300x300.jpeg\" alt=\"\" class=\"wp-image-2614\" style=\"width:119px;height:auto\" srcset=\"https:\/\/laubergedesmigrants.fr\/wp-content\/uploads\/2025\/03\/WhatsApp-Image-2025-03-14-at-15.58.13-300x300.jpeg 300w, https:\/\/laubergedesmigrants.fr\/wp-content\/uploads\/2025\/03\/WhatsApp-Image-2025-03-14-at-15.58.13-1024x1024.jpeg 1024w, https:\/\/laubergedesmigrants.fr\/wp-content\/uploads\/2025\/03\/WhatsApp-Image-2025-03-14-at-15.58.13-150x150.jpeg 150w, https:\/\/laubergedesmigrants.fr\/wp-content\/uploads\/2025\/03\/WhatsApp-Image-2025-03-14-at-15.58.13-768x768.jpeg 768w, https:\/\/laubergedesmigrants.fr\/wp-content\/uploads\/2025\/03\/WhatsApp-Image-2025-03-14-at-15.58.13-1536x1536.jpeg 1536w, https:\/\/laubergedesmigrants.fr\/wp-content\/uploads\/2025\/03\/WhatsApp-Image-2025-03-14-at-15.58.13-12x12.jpeg 12w, https:\/\/laubergedesmigrants.fr\/wp-content\/uploads\/2025\/03\/WhatsApp-Image-2025-03-14-at-15.58.13.jpeg 1600w\" sizes=\"auto, (max-width: 300px) 100vw, 300px\" \/><\/figure>\n\n\n\n<div class=\"wp-block-buttons is-content-justification-center is-layout-flex wp-container-core-buttons-is-layout-a89b3969 wp-block-buttons-is-layout-flex\">\n<div class=\"wp-block-button has-custom-width wp-block-button__width-100\"><a class=\"wp-block-button__link has-accent-3-background-color has-background wp-element-button\" href=\"https:\/\/lacapuche.e-monsite.com\" target=\"_blank\" rel=\"noreferrer noopener\">D\u00e9couvrir la Capuche Mobilis\u00e9e<\/a><\/div>\n<\/div>\n\n\n\n<p class=\"has-text-align-left\">La Capuche Mobilis\u00e9e a pris le relai de Collective Aid depuis le 1er janvier 2025 pour la distribution de tentes et de couvertures, essentielle du fait de l&rsquo;absence quasi totale d&rsquo;h\u00e9bergement.<\/p>\n<\/div>\n\n\n\n<div class=\"wp-block-column is-layout-flow wp-block-column-is-layout-flow\">\n<figure class=\"wp-block-image aligncenter size-medium is-resized\"><img loading=\"lazy\" decoding=\"async\" width=\"300\" height=\"261\" src=\"https:\/\/laubergedesmigrants.fr\/wp-content\/uploads\/2023\/04\/Capture-decran-2023-04-17-a-14.21.02-1-300x261.png\" alt=\"\" class=\"wp-image-316\" style=\"width:auto;height:120px\" srcset=\"https:\/\/laubergedesmigrants.fr\/wp-content\/uploads\/2023\/04\/Capture-decran-2023-04-17-a-14.21.02-1-300x261.png 300w, https:\/\/laubergedesmigrants.fr\/wp-content\/uploads\/2023\/04\/Capture-decran-2023-04-17-a-14.21.02-1-768x669.png 768w, https:\/\/laubergedesmigrants.fr\/wp-content\/uploads\/2023\/04\/Capture-decran-2023-04-17-a-14.21.02-1-14x12.png 14w, https:\/\/laubergedesmigrants.fr\/wp-content\/uploads\/2023\/04\/Capture-decran-2023-04-17-a-14.21.02-1.png 960w\" sizes=\"auto, (max-width: 300px) 100vw, 300px\" \/><\/figure>\n\n\n\n<div class=\"wp-block-buttons is-content-justification-center is-layout-flex wp-container-core-buttons-is-layout-a89b3969 wp-block-buttons-is-layout-flex\">\n<div class=\"wp-block-button has-custom-width wp-block-button__width-100\"><a class=\"wp-block-button__link has-accent-3-background-color has-background has-text-align-center wp-element-button\" href=\"https:\/\/refugeecommunitykitchen.org\/\" target=\"_blank\" rel=\"noreferrer noopener\">D\u00e9couvrir la Refugee Community Kitchen<\/a><\/div>\n<\/div>\n\n\n\n<p class=\"has-text-align-left\">La Refugee Community Kitchen produit pr\u00e8s de<strong>&nbsp;2&nbsp;000 repas&nbsp;<\/strong>chaque jour dans les cuisines de l\u2019entrep\u00f4t, pour assurer la distribution \u00e0 Calais et Dunkerque.<\/p>\n<\/div>\n<\/div>\n\n\n\n<div style=\"height:43px\" aria-hidden=\"true\" class=\"wp-block-spacer\"><\/div>\n\n\n\n<div class=\"wp-block-columns alignwide is-layout-flex wp-container-core-columns-is-layout-28f84493 wp-block-columns-is-layout-flex\">\n<div class=\"wp-block-column is-layout-flow wp-block-column-is-layout-flow\">\n<figure class=\"wp-block-image aligncenter size-full is-resized\"><img loading=\"lazy\" decoding=\"async\" width=\"225\" height=\"225\" src=\"https:\/\/laubergedesmigrants.fr\/wp-content\/uploads\/2022\/12\/partners_food.jpeg\" alt=\"\" class=\"wp-image-140\" style=\"width:auto;height:120px\"\/><\/figure>\n\n\n\n<div class=\"wp-block-buttons is-content-justification-center is-layout-flex wp-container-core-buttons-is-layout-a89b3969 wp-block-buttons-is-layout-flex\">\n<div class=\"wp-block-button has-custom-width wp-block-button__width-100\"><a class=\"wp-block-button__link has-accent-3-background-color has-background wp-element-button\" href=\"https:\/\/calaisfood.wixsite.com\/calaisfood?lang=fr\" target=\"_blank\" rel=\"noreferrer noopener\">D\u00e9couvrir Calais Food Collective<\/a><\/div>\n<\/div>\n\n\n\n<p class=\"has-text-align-left\" style=\"font-style:normal;font-weight:200\">Calais Food Collective est un projet cr\u00e9\u00e9 lors des mesures de confinement suite \u00e0 la pand\u00e9mie de Covid19, afin d&rsquo;assurer la s\u00e9curit\u00e9 alimentaire des personnes vivant \u00e0 la rue en distribuant des colis de nourriture.<\/p>\n<\/div>\n\n\n\n<div class=\"wp-block-column is-layout-flow wp-block-column-is-layout-flow\">\n<figure class=\"wp-block-image aligncenter size-full is-resized\"><img loading=\"lazy\" decoding=\"async\" width=\"1000\" height=\"1000\" src=\"https:\/\/laubergedesmigrants.fr\/wp-content\/uploads\/2022\/12\/partners_women.png\" alt=\"\" class=\"wp-image-144\" style=\"width:auto;height:120px\"\/><\/figure>\n\n\n\n<div class=\"wp-block-buttons is-content-justification-center is-layout-flex wp-container-core-buttons-is-layout-a89b3969 wp-block-buttons-is-layout-flex\">\n<div class=\"wp-block-button has-custom-width wp-block-button__width-100\"><a class=\"wp-block-button__link has-accent-3-background-color has-background wp-element-button\" href=\"https:\/\/www.facebook.com\/refugeewomenscentre\/\" target=\"_blank\" rel=\"noreferrer noopener\">D\u00e9couvrir Refugee Women\u2019s Center<\/a><\/div>\n<\/div>\n\n\n\n<p class=\"has-text-align-left\" style=\"font-style:normal;font-weight:200\">Op\u00e9rant \u00e0 Calais, Dunkerque et Grand-Synthe, le Refugee Women\u2019s Center offre un refuge aux femmes et enfants.<\/p>\n<\/div>\n\n\n\n<div class=\"wp-block-column is-layout-flow wp-block-column-is-layout-flow\">\n<figure class=\"wp-block-image aligncenter size-full is-resized\"><img loading=\"lazy\" decoding=\"async\" width=\"500\" height=\"500\" src=\"https:\/\/laubergedesmigrants.fr\/wp-content\/uploads\/2023\/01\/play_logo.png\" alt=\"\" class=\"wp-image-168\" style=\"object-fit:contain;width:222px;height:120px\"\/><\/figure>\n\n\n\n<div class=\"wp-block-buttons is-content-justification-center is-layout-flex wp-container-core-buttons-is-layout-a89b3969 wp-block-buttons-is-layout-flex\">\n<div class=\"wp-block-button has-custom-width wp-block-button__width-100\"><a class=\"wp-block-button__link has-accent-3-background-color has-background wp-element-button\" href=\"https:\/\/www.project-play.org\/\" target=\"_blank\" rel=\"noreferrer noopener\">D\u00e9couvrir Project Play <\/a><\/div>\n<\/div>\n\n\n\n<p class=\"has-text-align-left\" style=\"font-style:normal;font-weight:200\">Project Play fournit des espaces de jeux pour les enfants exil\u00e9s dans le nord de la France pour att\u00e9nuer les impacts des traumas et aider \u00e0 la r\u00e9silience.<a href=\"https:\/\/www.project-play.org\/\"><\/a><\/p>\n<\/div>\n<\/div>\n<\/div>\n\n\n\n<div style=\"height:58px\" aria-hidden=\"true\" class=\"wp-block-spacer\"><\/div>\n\n\n\n<div class=\"wp-block-columns is-layout-flex wp-container-core-columns-is-layout-28f84493 wp-block-columns-is-layout-flex\">\n<div class=\"wp-block-column is-layout-flow wp-block-column-is-layout-flow\" style=\"flex-basis:33.33%\">\n<figure class=\"wp-block-image size-medium is-style-rounded is-style-rounded--1\"><img loading=\"lazy\" decoding=\"async\" width=\"300\" height=\"300\" src=\"https:\/\/laubergedesmigrants.fr\/wp-content\/uploads\/2023\/04\/PqVWogKe_400x400-300x300.jpeg\" alt=\"\" class=\"wp-image-307\" style=\"object-fit:cover\" srcset=\"https:\/\/laubergedesmigrants.fr\/wp-content\/uploads\/2023\/04\/PqVWogKe_400x400-300x300.jpeg 300w, https:\/\/laubergedesmigrants.fr\/wp-content\/uploads\/2023\/04\/PqVWogKe_400x400-150x150.jpeg 150w, https:\/\/laubergedesmigrants.fr\/wp-content\/uploads\/2023\/04\/PqVWogKe_400x400-12x12.jpeg 12w, https:\/\/laubergedesmigrants.fr\/wp-content\/uploads\/2023\/04\/PqVWogKe_400x400.jpeg 400w\" sizes=\"auto, (max-width: 300px) 100vw, 300px\" \/><\/figure>\n<\/div>\n\n\n\n<div class=\"wp-block-column is-layout-flow wp-block-column-is-layout-flow\" style=\"flex-basis:66.66%\">\n<p class=\"has-text-align-left\" style=\"font-style:normal;font-weight:200\">Groupement d&rsquo;associations humanitaires calaisiennes, nous partageons ressources et expertises depuis plusieurs ann\u00e9es. <\/p>\n\n\n\n<p class=\"has-text-align-left\" style=\"font-style:normal;font-weight:200\">Nous faisons front commun pour fournir bois de chauffage, nourriture, eau, v\u00eatements, acc\u00e8s \u00e0 l&rsquo;information et refuge aux personnes en recherche de protection.<\/p>\n\n\n\n<div class=\"wp-block-buttons is-content-justification-center is-layout-flex wp-container-core-buttons-is-layout-a89b3969 wp-block-buttons-is-layout-flex\">\n<div class=\"wp-block-button has-custom-width wp-block-button__width-100\"><a class=\"wp-block-button__link has-accent-3-background-color has-background wp-element-button\" href=\"https:\/\/www.calaisappeal.co.uk\/\" target=\"_blank\" rel=\"noreferrer noopener\">D\u00e9couvrir le Calais Appeal<\/a><\/div>\n<\/div>\n<\/div>\n<\/div>\n\n\n\n<div style=\"height:100px\" aria-hidden=\"true\" class=\"wp-block-spacer\"><\/div>\n\n\n\n<h2 class=\"wp-block-heading has-text-align-center\"><\/h2>\n\n\n\n<hr class=\"wp-block-separator has-alpha-channel-opacity\"\/>\n\n\n\n<div style=\"height:32px\" aria-hidden=\"true\" class=\"wp-block-spacer\"><\/div>\n\n\n\n<div class=\"wp-block-cover alignwide is-light\" style=\"border-radius:8px\"><span aria-hidden=\"true\" class=\"wp-block-cover__background has-background-dim-10 has-background-dim\"><\/span><div class=\"wp-block-cover__inner-container is-layout-flow wp-block-cover-is-layout-flow\">\n<div class=\"wp-block-group alignfull is-vertical is-layout-flex wp-container-core-group-is-layout-fe9cc265 wp-block-group-is-layout-flex\">\n<div class=\"wp-block-media-text alignfull has-media-on-the-right is-stacked-on-mobile is-vertically-aligned-center\" style=\"grid-template-columns:auto 32%\"><div class=\"wp-block-media-text__content\">\n<h3 class=\"wp-block-heading has-text-align-center has-text-color\" style=\"color:#000000\"><strong>Ils nous soutiennent<\/strong><\/h3>\n\n\n\n<p>Les fonds priv\u00e9s et les fondations qui nous soutiennent <\/p>\n\n\n\n<div class=\"wp-block-buttons is-layout-flex wp-block-buttons-is-layout-flex\">\n<div class=\"wp-block-button\"><a class=\"wp-block-button__link wp-element-button\" href=\"https:\/\/laubergedesmigrants.fr\/fr\/lauberge-des-migrants\/our-partners\/ils-nous-soutiennent\/\">Ils nous soutiennent<\/a><\/div>\n<\/div>\n<\/div><figure class=\"wp-block-media-text__media\"><img loading=\"lazy\" decoding=\"async\" width=\"1024\" height=\"1024\" src=\"https:\/\/laubergedesmigrants.fr\/wp-content\/uploads\/2025\/04\/LE-GROUPE-DECES-1024x1024.jpg\" alt=\"\" class=\"wp-image-2791 size-full\" srcset=\"https:\/\/laubergedesmigrants.fr\/wp-content\/uploads\/2025\/04\/LE-GROUPE-DECES-1024x1024.jpg 1024w, https:\/\/laubergedesmigrants.fr\/wp-content\/uploads\/2025\/04\/LE-GROUPE-DECES-300x300.jpg 300w, https:\/\/laubergedesmigrants.fr\/wp-content\/uploads\/2025\/04\/LE-GROUPE-DECES-150x150.jpg 150w, https:\/\/laubergedesmigrants.fr\/wp-content\/uploads\/2025\/04\/LE-GROUPE-DECES-768x768.jpg 768w, https:\/\/laubergedesmigrants.fr\/wp-content\/uploads\/2025\/04\/LE-GROUPE-DECES-12x12.jpg 12w, https:\/\/laubergedesmigrants.fr\/wp-content\/uploads\/2025\/04\/LE-GROUPE-DECES.jpg 1080w\" sizes=\"auto, (max-width: 1024px) 100vw, 1024px\" \/><\/figure><\/div>\n<\/div>\n<\/div><\/div>\n\n\n\n<p class=\"has-text-align-center\"><\/p>\n\n\n\n<p><\/p>\n","protected":false},"excerpt":{"rendered":"<p>L\u2019Auberge des Migrants joue le r\u00f4le de \u201cparapluie\u201d pour plusieurs associations partenaires et projets, en leur apportant un soutien logistique (via notre entrep\u00f4t), financier, humain ou bien administratif, et en coordonnant nos actions pour diversifier nos services.<\/p>\n","protected":false},"author":1,"featured_media":0,"parent":1147,"menu_order":98,"comment_status":"closed","ping_status":"closed","template":"","meta":{"footnotes":""},"class_list":["post-17","page","type-page","status-publish","hentry"],"_links":{"self":[{"href":"https:\/\/laubergedesmigrants.fr\/fr\/wp-json\/wp\/v2\/pages\/17","targetHints":{"allow":["GET"]}}],"collection":[{"href":"https:\/\/laubergedesmigrants.fr\/fr\/wp-json\/wp\/v2\/pages"}],"about":[{"href":"https:\/\/laubergedesmigrants.fr\/fr\/wp-json\/wp\/v2\/types\/page"}],"author":[{"embeddable":true,"href":"https:\/\/laubergedesmigrants.fr\/fr\/wp-json\/wp\/v2\/users\/1"}],"replies":[{"embeddable":true,"href":"https:\/\/laubergedesmigrants.fr\/fr\/wp-json\/wp\/v2\/comments?post=17"}],"version-history":[{"count":86,"href":"https:\/\/laubergedesmigrants.fr\/fr\/wp-json\/wp\/v2\/pages\/17\/revisions"}],"predecessor-version":[{"id":2792,"href":"https:\/\/laubergedesmigrants.fr\/fr\/wp-json\/wp\/v2\/pages\/17\/revisions\/2792"}],"up":[{"embeddable":true,"href":"https:\/\/laubergedesmigrants.fr\/fr\/wp-json\/wp\/v2\/pages\/1147"}],"wp:attachment":[{"href":"https:\/\/laubergedesmigrants.fr\/fr\/wp-json\/wp\/v2\/media?parent=17"}],"curies":[{"name":"wp","href":"https:\/\/api.w.org\/{rel}","templated":true}]}}