{"id":1180,"date":"2024-03-03T23:19:15","date_gmt":"2024-03-03T23:19:15","guid":{"rendered":"https:\/\/laubergedesmigrants.fr\/?page_id=1180"},"modified":"2024-03-22T09:21:46","modified_gmt":"2024-03-22T09:21:46","slug":"le-live-de-la-jungle","status":"publish","type":"page","link":"https:\/\/laubergedesmigrants.fr\/fr\/support\/le-live-de-la-jungle\/","title":{"rendered":"Le \u00ab live \u00bb de la jungle"},"content":{"rendered":"\n<p>Si vous voulez en savoir plus sur la Jungle, \u00ab Le Live de la Jungle \u00bb pr\u00e9sente 39 t\u00e9moignages de volontaires qui ont particip\u00e9 \u00e0 la construction et \u00e0 la vie de ce qui \u00e9tait le plus grand camp d\u2019exil\u00e9s d\u2019Europe, avec plus de 10\u00a0000 habitants en septembre 2016.<\/p>\n\n\n\n<p><a href=\"https:\/\/www.babelio.com\/livres\/LAuberge-des-Migrants-Le-livede-la-jungle\/1326271\">Commandez le livre en ligne<\/a> ou envoyez-nous un ch\u00e8que de 26 \u20ac (20 \u20ac + 6 \u20ac de frais d\u2019envoi, variables hors de France + emballage) \u00e0 L\u2019Auberge des Migrants, BP 70113, 62100 Calais Cedex.<\/p>\n\n\n\n<p>Pour d\u2019autres moyens de paiement, contactez-nous au :<br>t\u00e9l : 06 78 02 05 32<br>email : contact@laubergedesmigrants.fr<\/p>\n","protected":false},"excerpt":{"rendered":"<p>Si vous voulez en savoir plus sur la Jungle, \u00ab Le Live de la Jungle \u00bb pr\u00e9sente 39 t\u00e9moignages de volontaires qui ont particip\u00e9 \u00e0 la construction et \u00e0 la vie de ce qui \u00e9tait le plus grand camp d\u2019exil\u00e9s d\u2019Europe, avec plus de 10\u00a0000 habitants en septembre 2016. Commandez le livre en ligne ou [&hellip;]<\/p>\n","protected":false},"author":3,"featured_media":806,"parent":23,"menu_order":98,"comment_status":"closed","ping_status":"closed","template":"","meta":{"footnotes":""},"class_list":["post-1180","page","type-page","status-publish","has-post-thumbnail","hentry"],"_links":{"self":[{"href":"https:\/\/laubergedesmigrants.fr\/fr\/wp-json\/wp\/v2\/pages\/1180","targetHints":{"allow":["GET"]}}],"collection":[{"href":"https:\/\/laubergedesmigrants.fr\/fr\/wp-json\/wp\/v2\/pages"}],"about":[{"href":"https:\/\/laubergedesmigrants.fr\/fr\/wp-json\/wp\/v2\/types\/page"}],"author":[{"embeddable":true,"href":"https:\/\/laubergedesmigrants.fr\/fr\/wp-json\/wp\/v2\/users\/3"}],"replies":[{"embeddable":true,"href":"https:\/\/laubergedesmigrants.fr\/fr\/wp-json\/wp\/v2\/comments?post=1180"}],"version-history":[{"count":2,"href":"https:\/\/laubergedesmigrants.fr\/fr\/wp-json\/wp\/v2\/pages\/1180\/revisions"}],"predecessor-version":[{"id":1614,"href":"https:\/\/laubergedesmigrants.fr\/fr\/wp-json\/wp\/v2\/pages\/1180\/revisions\/1614"}],"up":[{"embeddable":true,"href":"https:\/\/laubergedesmigrants.fr\/fr\/wp-json\/wp\/v2\/pages\/23"}],"wp:featuredmedia":[{"embeddable":true,"href":"https:\/\/laubergedesmigrants.fr\/fr\/wp-json\/wp\/v2\/media\/806"}],"wp:attachment":[{"href":"https:\/\/laubergedesmigrants.fr\/fr\/wp-json\/wp\/v2\/media?parent=1180"}],"curies":[{"name":"wp","href":"https:\/\/api.w.org\/{rel}","templated":true}]}}