{"id":1147,"date":"2024-03-03T22:16:56","date_gmt":"2024-03-03T22:16:56","guid":{"rendered":"https:\/\/laubergedesmigrants.fr\/?page_id=1147"},"modified":"2025-07-29T09:31:14","modified_gmt":"2025-07-29T09:31:14","slug":"lauberge-des-migrants","status":"publish","type":"page","link":"https:\/\/laubergedesmigrants.fr\/fr\/","title":{"rendered":"L&rsquo;Auberge des Migrants"},"content":{"rendered":"\n<div class=\"wp-block-cover alignfull has-custom-content-position is-position-center-left\" style=\"min-height:431px;aspect-ratio:unset;\"><img loading=\"lazy\" decoding=\"async\" width=\"1200\" height=\"627\" class=\"wp-block-cover__image-background wp-image-698\" alt=\"\" src=\"https:\/\/laubergedesmigrants.fr\/wp-content\/uploads\/2023\/07\/SOMMET-DU-COMMERCE-MONDIAL.png\" data-object-fit=\"cover\" srcset=\"https:\/\/laubergedesmigrants.fr\/wp-content\/uploads\/2023\/07\/SOMMET-DU-COMMERCE-MONDIAL.png 1200w, https:\/\/laubergedesmigrants.fr\/wp-content\/uploads\/2023\/07\/SOMMET-DU-COMMERCE-MONDIAL-300x157.png 300w, https:\/\/laubergedesmigrants.fr\/wp-content\/uploads\/2023\/07\/SOMMET-DU-COMMERCE-MONDIAL-1024x535.png 1024w, https:\/\/laubergedesmigrants.fr\/wp-content\/uploads\/2023\/07\/SOMMET-DU-COMMERCE-MONDIAL-768x401.png 768w, https:\/\/laubergedesmigrants.fr\/wp-content\/uploads\/2023\/07\/SOMMET-DU-COMMERCE-MONDIAL-18x9.png 18w, https:\/\/laubergedesmigrants.fr\/wp-content\/uploads\/2023\/07\/SOMMET-DU-COMMERCE-MONDIAL-200x105.png 200w\" sizes=\"auto, (max-width: 1200px) 100vw, 1200px\" \/><span aria-hidden=\"true\" class=\"wp-block-cover__background has-background-dim\" style=\"background-color:#766963\"><\/span><div class=\"wp-block-cover__inner-container is-layout-flow wp-block-cover-is-layout-flow\">\n<p class=\"has-text-align-left has-body-font-family has-x-large-font-size\" style=\"margin-top:0;margin-right:var(--wp--preset--spacing--60);margin-bottom:0;margin-left:var(--wp--preset--spacing--60)\"><strong>LA PLATEFORME LOGISTIQUE ET HUMANITAIRE DU LITTORAL NORD DE LA FRANCE<\/strong><\/p>\n\n\n\n<div class=\"wp-block-buttons is-content-justification-center is-layout-flex wp-container-core-buttons-is-layout-a89b3969 wp-block-buttons-is-layout-flex\">\n<div class=\"wp-block-button is-style-outline is-style-outline--1\"><a class=\"wp-block-button__link wp-element-button\" href=\"https:\/\/laubergedesmigrants.fr\/fr\/support\/volunteer\/\">DEVENIR B\u00c9N\u00c9VOLE<\/a><\/div>\n\n\n\n<div class=\"wp-block-button\"><a class=\"wp-block-button__link wp-element-button\" href=\"https:\/\/www.helloasso.com\/associations\/l-auberge-des-migrants\/formulaires\/2\">FAIRE UN DON<\/a><\/div>\n<\/div>\n<\/div><\/div>\n\n\n\n<div class=\"wp-block-group has-base-2-color has-text-color has-link-color wp-elements-cc9c65ce6852794c07c2f49d92caa299 has-global-padding is-layout-constrained wp-container-core-group-is-layout-c385debf wp-block-group-is-layout-constrained\" style=\"padding-top:var(--wp--preset--spacing--20);padding-right:var(--wp--preset--spacing--20);padding-bottom:var(--wp--preset--spacing--20);padding-left:var(--wp--preset--spacing--20)\">\n<h1 class=\"wp-block-heading alignfull has-text-align-center is-style-default has-x-large-font-size\">Soutenez la libre circulation de l\u2019information et des \u00eatres humains.<\/h1>\n\n\n\n<p class=\"has-text-align-left has-contrast-color has-text-color has-link-color wp-elements-5b6c5f3a1e5be50f4b89998c690a2d34\">Depuis 2008, L\u2019Auberge Des Migrants travaille avec les personnes en situation d\u2019exil \u00e0 Calais et dans le Nord de la France, en apportant aide mat\u00e9rielle directe, soutien et plaidoyer. <\/p>\n\n\n\n<p class=\"has-contrast-color has-text-color has-link-color wp-elements-db4de3121a631f7d2f858fb04c17cad3\">Fort de son ancrage territorial et historique, l\u2019entrep\u00f4t de l\u2019Auberge des Migrants (ADM) est lieu incontournable dans l\u2019\u00e9cosyst\u00e8me humanitaire et associatif du nord de la France. Notre entrep\u00f4t est un espace commun, partag\u00e9 et collaboratif dont le but est de permettre <strong>le d\u00e9ploiement d\u2019un socle humanitaire ind\u00e9pendant et n\u00e9cessaire&nbsp;<\/strong>afin d\u2019assurer une <strong>couverture des besoins vitaux&nbsp;<\/strong>des personnes exil\u00e9es du Calaisis et alentours. Aussi, notre r\u00f4le est de maximiser&nbsp;<strong>l\u2019efficacit\u00e9 du travail des organisations pr\u00e9sentes en son sein&nbsp;<\/strong>et de<strong>&nbsp;mettre \u00e0 disposition des ressources<\/strong>&nbsp;pour les organisations ext\u00e9rieures<strong>.&nbsp;<\/strong>Nous faisons \u00e9galement office de \u201cporte d\u2019entr\u00e9e\u201d dans le tissu associatif ou de premier point de contact pour les sollicitations ext\u00e9rieures : institutions, presse, parlementaires, groupes scolaires.<\/p>\n\n\n\n<p class=\"has-text-align-left has-contrast-color has-text-color has-link-color wp-elements-ee68ad5d368dcf74c7b07c189eace03d\">\u00c0 travers nos actions, que ce soit sur le terrain ou au sein de l&rsquo;entrep\u00f4t, nous luttons pour promouvoir un accueil digne, inconditionnel et adapt\u00e9 pour toutes et tous.<\/p>\n\n\n\n<div class=\"wp-block-buttons is-content-justification-center is-layout-flex wp-container-core-buttons-is-layout-a89b3969 wp-block-buttons-is-layout-flex\">\n<div class=\"wp-block-button\"><a class=\"wp-block-button__link wp-element-button\" href=\"https:\/\/www.donnerenligne.fr\/l-auberge-des-migrants\/faire-un-don\/2\" target=\"_blank\" rel=\"noreferrer noopener\">Faire un don<\/a><\/div>\n<\/div>\n<\/div>\n\n\n\n<div style=\"height:64px\" aria-hidden=\"true\" class=\"wp-block-spacer\"><\/div>\n\n\n\n<h2 class=\"wp-block-heading has-text-align-center is-style-default\">Nos actions de terrain<\/h2>\n\n\n\n<div class=\"wp-block-columns alignwide is-layout-flex wp-container-core-columns-is-layout-28f84493 wp-block-columns-is-layout-flex\">\n<div class=\"wp-block-column is-layout-flow wp-block-column-is-layout-flow\">\n<div class=\"wp-block-group alignfull has-global-padding is-layout-constrained wp-container-core-group-is-layout-72190d31 wp-block-group-is-layout-constrained\" style=\"margin-top:0;margin-bottom:0;padding-top:0;padding-right:0;padding-bottom:0;padding-left:0\">\n<figure class=\"wp-block-image size-full is-style-default\"><img loading=\"lazy\" decoding=\"async\" width=\"1024\" height=\"768\" src=\"https:\/\/laubergedesmigrants.fr\/wp-content\/uploads\/2023\/07\/Sans-titre-1.png\" alt=\"Des personnes se r\u00e9chauffent autours d'un feu - L'auberge des Migrants\" class=\"wp-image-749\" style=\"aspect-ratio:4\/3;object-fit:cover\" srcset=\"https:\/\/laubergedesmigrants.fr\/wp-content\/uploads\/2023\/07\/Sans-titre-1.png 1024w, https:\/\/laubergedesmigrants.fr\/wp-content\/uploads\/2023\/07\/Sans-titre-1-300x225.png 300w, https:\/\/laubergedesmigrants.fr\/wp-content\/uploads\/2023\/07\/Sans-titre-1-768x576.png 768w, https:\/\/laubergedesmigrants.fr\/wp-content\/uploads\/2023\/07\/Sans-titre-1-16x12.png 16w, https:\/\/laubergedesmigrants.fr\/wp-content\/uploads\/2023\/07\/Sans-titre-1-200x150.png 200w\" sizes=\"auto, (max-width: 1024px) 100vw, 1024px\" \/><\/figure>\n\n\n\n<h2 class=\"wp-block-heading\">Woodyard<\/h2>\n\n\n\n<p style=\"font-size:clamp(0.984rem, 0.984rem + ((1vw - 0.2rem) * 0.86), 1.5rem);\">Depuis 2016, le&nbsp;<strong>Woodyard&nbsp;<\/strong>distribue jusqu\u2019\u00e0 10 tonnes de bois par semaine aux personnes en exil \u00e0 la fronti\u00e8re franco-britannique, r\u00e9pondant aux besoins essentiels en hiver, tels que se chauffer, cuisiner, lutter contre l&rsquo;humidit\u00e9 et s\u00e9cher les v\u00eatements, mais \u00e9galement cr\u00e9er des espaces de convivialit\u00e9.<\/p>\n\n\n\n<p>L\u2019\u00e9quipe travaille en solidarit\u00e9, remettant en cause les dynamiques d\u2019oppression et la gouvernance humanitaire, offrant autonomie aux b\u00e9n\u00e9voles pour mieux r\u00e9pondre aux difficult\u00e9s des conditions de vie \u00e0 la fronti\u00e8re.<\/p>\n\n\n\n<div class=\"wp-block-buttons is-layout-flex wp-block-buttons-is-layout-flex\">\n<div class=\"wp-block-button\"><a class=\"wp-block-button__link wp-element-button\" href=\"https:\/\/laubergedesmigrants.fr\/nos-actions\/project-woodyard\/\">D\u00e9couvrir Woodyard<\/a><\/div>\n<\/div>\n<\/div>\n<\/div>\n\n\n\n<div class=\"wp-block-column is-layout-flow wp-block-column-is-layout-flow\">\n<div class=\"wp-block-group alignfull has-global-padding is-layout-constrained wp-container-core-group-is-layout-72190d31 wp-block-group-is-layout-constrained\" style=\"margin-top:0;margin-bottom:0;padding-top:0;padding-right:0;padding-bottom:0;padding-left:0\">\n<figure class=\"wp-block-image size-full is-style-default\"><img loading=\"lazy\" decoding=\"async\" width=\"2560\" height=\"1439\" src=\"https:\/\/laubergedesmigrants.fr\/wp-content\/uploads\/2023\/07\/info-small-board-1-edited-scaled.jpg\" alt=\"Channel info project\" class=\"wp-image-661\" style=\"aspect-ratio:4\/3;object-fit:cover\" srcset=\"https:\/\/laubergedesmigrants.fr\/wp-content\/uploads\/2023\/07\/info-small-board-1-edited-scaled.jpg 2560w, https:\/\/laubergedesmigrants.fr\/wp-content\/uploads\/2023\/07\/info-small-board-1-edited-300x169.jpg 300w, https:\/\/laubergedesmigrants.fr\/wp-content\/uploads\/2023\/07\/info-small-board-1-edited-1024x576.jpg 1024w, https:\/\/laubergedesmigrants.fr\/wp-content\/uploads\/2023\/07\/info-small-board-1-edited-768x432.jpg 768w, https:\/\/laubergedesmigrants.fr\/wp-content\/uploads\/2023\/07\/info-small-board-1-edited-1600x899.jpg 1600w\" sizes=\"auto, (max-width: 2560px) 100vw, 2560px\" \/><\/figure>\n\n\n\n<h2 class=\"wp-block-heading\">Channel Info Project (CHiP)<\/h2>\n\n\n\n<p style=\"font-size:clamp(0.984rem, 0.984rem + ((1vw - 0.2rem) * 0.86), 1.5rem);\">La pr\u00e9carit\u00e9 num\u00e9rique et le manque d\u2019informations centralis\u00e9es constituent des enjeux vitaux sur le littoral. Ce sont ces d\u00e9faillances que<strong> Channel Info Project <\/strong>tente de combler au quotidien au travers de la cr\u00e9ation d\u2019un guide multilingue par ainsi que des sessions de charges \u00e9lectriques et des distributions de cartes SIM.<\/p>\n\n\n\n<p>Ces services constituent une aide essentielle pour les personnes que ce soit pour s\u2019orienter, pouvoir acc\u00e9der aux diff\u00e9rents services tels que les distributions alimentaires ou encore appeler les secours en cas de d\u00e9tresse en mer ou \u00e0 terre.<\/p>\n\n\n\n<div class=\"wp-block-buttons is-layout-flex wp-block-buttons-is-layout-flex\">\n<div class=\"wp-block-button\"><a class=\"wp-block-button__link wp-element-button\" href=\"https:\/\/laubergedesmigrants.fr\/nos-actions\/channel-info-project\/\">D\u00e9couvrir ChIP<\/a><\/div>\n<\/div>\n<\/div>\n<\/div>\n<\/div>\n\n\n\n<div style=\"height:100px\" aria-hidden=\"true\" class=\"wp-block-spacer\"><\/div>\n\n\n\n<div class=\"wp-block-group alignfull has-contrast-3-background-color has-background has-global-padding is-layout-constrained wp-container-core-group-is-layout-d89aad35 wp-block-group-is-layout-constrained\" style=\"margin-top:0;margin-bottom:0;padding-top:var(--wp--preset--spacing--50);padding-right:var(--wp--preset--spacing--50);padding-bottom:var(--wp--preset--spacing--50);padding-left:var(--wp--preset--spacing--50)\">\n<div class=\"wp-block-columns alignwide is-layout-flex wp-container-core-columns-is-layout-1da03c2a wp-block-columns-is-layout-flex\">\n<div class=\"wp-block-column is-vertically-aligned-center is-layout-flow wp-block-column-is-layout-flow\" style=\"flex-basis:60%\">\n<figure class=\"wp-block-image size-full is-style-rounded wp-duotone-duotone-1 is-style-rounded--2\"><img loading=\"lazy\" decoding=\"async\" width=\"2560\" height=\"2560\" src=\"https:\/\/laubergedesmigrants.fr\/wp-content\/uploads\/2023\/07\/20211031_161327-scaled.jpg\" alt=\"\" class=\"wp-image-886\" style=\"aspect-ratio:4\/3;object-fit:cover\" srcset=\"https:\/\/laubergedesmigrants.fr\/wp-content\/uploads\/2023\/07\/20211031_161327-scaled.jpg 2560w, https:\/\/laubergedesmigrants.fr\/wp-content\/uploads\/2023\/07\/20211031_161327-300x300.jpg 300w, https:\/\/laubergedesmigrants.fr\/wp-content\/uploads\/2023\/07\/20211031_161327-1024x1024.jpg 1024w, https:\/\/laubergedesmigrants.fr\/wp-content\/uploads\/2023\/07\/20211031_161327-150x150.jpg 150w, https:\/\/laubergedesmigrants.fr\/wp-content\/uploads\/2023\/07\/20211031_161327-768x768.jpg 768w, https:\/\/laubergedesmigrants.fr\/wp-content\/uploads\/2023\/07\/20211031_161327-1600x1600.jpg 1600w\" sizes=\"auto, (max-width: 2560px) 100vw, 2560px\" \/><\/figure>\n<\/div>\n\n\n\n<div class=\"wp-block-column is-layout-flow wp-block-column-is-layout-flow\" style=\"flex-basis:40%\">\n<h2 class=\"wp-block-heading\">Soutenez la libre circulation de l\u2019information et des \u00eatres humains.<\/h2>\n\n\n\n<p>Abonnez-vous \u00e0 notre newsletter et restez inform\u00e9.e.s<\/p>\n\n\n<script>(function() {\n\twindow.mc4wp = window.mc4wp || {\n\t\tlisteners: [],\n\t\tforms: {\n\t\t\ton: function(evt, cb) {\n\t\t\t\twindow.mc4wp.listeners.push(\n\t\t\t\t\t{\n\t\t\t\t\t\tevent   : evt,\n\t\t\t\t\t\tcallback: cb\n\t\t\t\t\t}\n\t\t\t\t);\n\t\t\t}\n\t\t}\n\t}\n})();\n<\/script><!-- Mailchimp for WordPress v4.9.21 - https:\/\/wordpress.org\/plugins\/mailchimp-for-wp\/ --><form id=\"mc4wp-form-1\" class=\"mc4wp-form mc4wp-form-790 mc4wp-form-basic\" method=\"post\" data-id=\"790\" data-name=\"Newsletter\" ><div class=\"mc4wp-form-fields\"><p>\r\n    <label for=\"MMERGE2\">Nom<\/label>\r\n    <input type=\"text\" name=\"MMERGE2\" required=\"\">\r\n<\/p>\r\n<p>\r\n\t<label for=\"EMAIL\">Adresse email:<\/label> \r\n\t\t<input type=\"email\" name=\"EMAIL\" placeholder=\"\" required \/>\r\n<\/p>\r\n\r\n<div class=\"macilchimp-block-button\">\r\n\t<input type=\"submit\" value=\"S'abonner \u00e0 la newsletter\" \/>\r\n<\/div><\/div><label style=\"display: none !important;\">Laissez ce champ vide si vous \u00eates humain\u00a0: <input type=\"text\" name=\"_mc4wp_honeypot\" value=\"\" tabindex=\"-1\" autocomplete=\"off\" \/><\/label><input type=\"hidden\" name=\"_mc4wp_timestamp\" value=\"1775588633\" \/><input type=\"hidden\" name=\"_mc4wp_form_id\" value=\"790\" \/><input type=\"hidden\" name=\"_mc4wp_form_element_id\" value=\"mc4wp-form-1\" \/><div class=\"mc4wp-response\"><\/div><\/form><!-- \/ Mailchimp for WordPress Plugin --><\/div>\n<\/div>\n<\/div>\n\n\n\n<div style=\"height:100px\" aria-hidden=\"true\" class=\"wp-block-spacer\"><\/div>\n\n\n\n<div class=\"wp-block-group alignwide has-base-2-background-color has-background has-global-padding is-layout-constrained wp-container-core-group-is-layout-39412042 wp-block-group-is-layout-constrained\" style=\"border-radius:16px;padding-top:var(--wp--preset--spacing--40);padding-right:var(--wp--preset--spacing--50);padding-bottom:var(--wp--preset--spacing--40);padding-left:var(--wp--preset--spacing--50)\">\n<div style=\"height:var(--wp--preset--spacing--10)\" aria-hidden=\"true\" class=\"wp-block-spacer\"><\/div>\n\n\n\n<h2 class=\"wp-block-heading has-text-align-center has-x-large-font-size\">Vous souhaitez soutenir les projets de l&rsquo;Auberge des Migrants\u00a0?<\/h2>\n\n\n\n<div class=\"wp-block-buttons is-content-justification-center is-layout-flex wp-container-core-buttons-is-layout-a89b3969 wp-block-buttons-is-layout-flex\">\n<div class=\"wp-block-button\"><a class=\"wp-block-button__link wp-element-button\" href=\"https:\/\/laubergedesmigrants.fr\/support\/volunteer\/\">Je deviens b\u00e9n\u00e9vole<\/a><\/div>\n<\/div>\n\n\n\n<div style=\"height:var(--wp--preset--spacing--10)\" aria-hidden=\"true\" class=\"wp-block-spacer\"><\/div>\n<\/div>\n\n\n\n<div class=\"wp-block-query alignwide is-layout-flow wp-block-query-is-layout-flow\">\n<h2 class=\"wp-block-heading\">Actualit\u00e9s<\/h2>\n<\/div>\n\n\n<ul style=\"padding-top:var(--wp--preset--spacing--10);padding-bottom:var(--wp--preset--spacing--10);padding-left:var(--wp--preset--spacing--10);padding-right:var(--wp--preset--spacing--10);margin-top:var(--wp--preset--spacing--10);margin-bottom:var(--wp--preset--spacing--10);margin-left:var(--wp--preset--spacing--10);margin-right:var(--wp--preset--spacing--10);\" class=\"wp-block-latest-posts__list is-grid columns-3 has-dates has-link-color alignwide wp-elements-95f365b2bb1f7d4de071b4751e4a2461 wp-block-latest-posts has-background has-base-2-background-color\"><li><div class=\"wp-block-latest-posts__featured-image aligncenter\"><a href=\"https:\/\/laubergedesmigrants.fr\/fr\/charge-e-de-projet-volet-acces-informations-channel-info-project\/\" aria-label=\"Charg\u00e9.e de Projet \u2013 Volet Acc\u00e8s Informations &#8211; Channel Info Project\"><img loading=\"lazy\" decoding=\"async\" width=\"1024\" height=\"780\" src=\"https:\/\/laubergedesmigrants.fr\/wp-content\/uploads\/2026\/03\/ChIP-Logo-Colour-1024x780.png\" class=\"attachment-large size-large wp-post-image\" alt=\"\" style=\"\" srcset=\"https:\/\/laubergedesmigrants.fr\/wp-content\/uploads\/2026\/03\/ChIP-Logo-Colour-1024x780.png 1024w, https:\/\/laubergedesmigrants.fr\/wp-content\/uploads\/2026\/03\/ChIP-Logo-Colour-300x229.png 300w, https:\/\/laubergedesmigrants.fr\/wp-content\/uploads\/2026\/03\/ChIP-Logo-Colour-768x585.png 768w, https:\/\/laubergedesmigrants.fr\/wp-content\/uploads\/2026\/03\/ChIP-Logo-Colour-1536x1171.png 1536w, https:\/\/laubergedesmigrants.fr\/wp-content\/uploads\/2026\/03\/ChIP-Logo-Colour-2048x1561.png 2048w, https:\/\/laubergedesmigrants.fr\/wp-content\/uploads\/2026\/03\/ChIP-Logo-Colour-16x12.png 16w\" sizes=\"auto, (max-width: 1024px) 100vw, 1024px\" \/><\/a><\/div><a class=\"wp-block-latest-posts__post-title\" href=\"https:\/\/laubergedesmigrants.fr\/fr\/charge-e-de-projet-volet-acces-informations-channel-info-project\/\">Charg\u00e9.e de Projet \u2013 Volet Acc\u00e8s Informations &#8211; Channel Info Project<\/a><time datetime=\"2026-03-30T17:24:47+00:00\" class=\"wp-block-latest-posts__post-date\">mars 30, 2026<\/time><div class=\"wp-block-latest-posts__post-excerpt\">Lieu : Calais, France Engagement : CDD 6 mois Date limite de d\u00e9p\u00f4t des candidatures : vendredi 24 avril 2026 Date de prise de poste : lundi 15 juin 2026 Salaire : 1 824\u20ac brut\/mois Contexte L&rsquo;Auberge des Migrants (AdM) est une organisation locale, \u00e0 but non lucrative qui travaille aupr\u00e8s des\u2026 <a class=\"wp-block-latest-posts__read-more\" href=\"https:\/\/laubergedesmigrants.fr\/fr\/charge-e-de-projet-volet-acces-informations-channel-info-project\/\" rel=\"noopener noreferrer\">Lire la suite<span class=\"screen-reader-text\">\u00a0: Charg\u00e9.e de Projet \u2013 Volet Acc\u00e8s Informations &#8211; Channel Info Project<\/span><\/a><\/div><\/li>\n<li><div class=\"wp-block-latest-posts__featured-image aligncenter\"><a href=\"https:\/\/laubergedesmigrants.fr\/fr\/stage-communication\/\" aria-label=\"L\u2019accord \u00ab One in One out \u00bb continue de porter atteinte aux droits humains et internationaux en plus d\u2019\u00eatre inefficace\u00a0\"><img loading=\"lazy\" decoding=\"async\" width=\"819\" height=\"1024\" src=\"https:\/\/laubergedesmigrants.fr\/wp-content\/uploads\/2026\/01\/1-819x1024.png\" class=\"attachment-large size-large wp-post-image\" alt=\"\" style=\"\" srcset=\"https:\/\/laubergedesmigrants.fr\/wp-content\/uploads\/2026\/01\/1-819x1024.png 819w, https:\/\/laubergedesmigrants.fr\/wp-content\/uploads\/2026\/01\/1-240x300.png 240w, https:\/\/laubergedesmigrants.fr\/wp-content\/uploads\/2026\/01\/1-768x960.png 768w, https:\/\/laubergedesmigrants.fr\/wp-content\/uploads\/2026\/01\/1-10x12.png 10w, https:\/\/laubergedesmigrants.fr\/wp-content\/uploads\/2026\/01\/1.png 1080w\" sizes=\"auto, (max-width: 819px) 100vw, 819px\" \/><\/a><\/div><a class=\"wp-block-latest-posts__post-title\" href=\"https:\/\/laubergedesmigrants.fr\/fr\/stage-communication\/\">L\u2019accord \u00ab One in One out \u00bb continue de porter atteinte aux droits humains et internationaux en plus d\u2019\u00eatre inefficace\u00a0<\/a><time datetime=\"2026-01-06T15:19:14+00:00\" class=\"wp-block-latest-posts__post-date\">janvier 6, 2026<\/time><div class=\"wp-block-latest-posts__post-excerpt\">Communiqu\u00e9 de presse Mars 2026 Le 26 f\u00e9vrier dernier, le minist\u00e8re de l\u2019int\u00e9rieur a communiqu\u00e9 sur cet accord&nbsp;dans le cadre de la&nbsp;commission d\u2019enqu\u00eate parlementaire&nbsp;sur les cons\u00e9quences des accords du Touquet. C\u2019est sans ambigu\u00eft\u00e9 qu\u2019il ressort de l\u2019objectif central du&nbsp;one in one out,&nbsp;la dissuasion des&nbsp;travers\u00e9es&nbsp;migratoires \u00e0 travers la Manche. Il s\u2019agit d\u2019amener un\u2026 <a class=\"wp-block-latest-posts__read-more\" href=\"https:\/\/laubergedesmigrants.fr\/fr\/stage-communication\/\" rel=\"noopener noreferrer\">Lire la suite<span class=\"screen-reader-text\">\u00a0: L\u2019accord \u00ab One in One out \u00bb continue de porter atteinte aux droits humains et internationaux en plus d\u2019\u00eatre inefficace\u00a0<\/span><\/a><\/div><\/li>\n<li><div class=\"wp-block-latest-posts__featured-image aligncenter\"><a href=\"https:\/\/laubergedesmigrants.fr\/fr\/petition-et-boycott-contre-airfrance\/\" aria-label=\"P\u00e9tition et boycott contre AirFrance\"><img loading=\"lazy\" decoding=\"async\" width=\"819\" height=\"1024\" src=\"https:\/\/laubergedesmigrants.fr\/wp-content\/uploads\/2025\/11\/1-819x1024.png\" class=\"attachment-large size-large wp-post-image\" alt=\"\" style=\"\" srcset=\"https:\/\/laubergedesmigrants.fr\/wp-content\/uploads\/2025\/11\/1-819x1024.png 819w, https:\/\/laubergedesmigrants.fr\/wp-content\/uploads\/2025\/11\/1-240x300.png 240w, https:\/\/laubergedesmigrants.fr\/wp-content\/uploads\/2025\/11\/1-768x960.png 768w, https:\/\/laubergedesmigrants.fr\/wp-content\/uploads\/2025\/11\/1-10x12.png 10w, https:\/\/laubergedesmigrants.fr\/wp-content\/uploads\/2025\/11\/1.png 1080w\" sizes=\"auto, (max-width: 819px) 100vw, 819px\" \/><\/a><\/div><a class=\"wp-block-latest-posts__post-title\" href=\"https:\/\/laubergedesmigrants.fr\/fr\/petition-et-boycott-contre-airfrance\/\">P\u00e9tition et boycott contre AirFrance<\/a><time datetime=\"2025-11-04T14:19:52+00:00\" class=\"wp-block-latest-posts__post-date\">novembre 4, 2025<\/time><div class=\"wp-block-latest-posts__post-excerpt\">Air France facilite les expulsions cruelles de personnes exilees au Royaume-Uni, y compris des survivants de la traite des \u00eatres humains.&nbsp; Signons massivement la p\u00e9tition et engageons nous \u00e0 boycotter Air France jusqu&rsquo;\u00e0 ce qu&rsquo;elle cesse ces pratiques.<\/div><\/li>\n<\/ul>\n\n\n<h4 class=\"wp-block-heading\"><\/h4>\n","protected":false},"excerpt":{"rendered":"<p>Soutenez la libre circulation de l\u2019information et des \u00eatres humains. Depuis 2008, L\u2019Auberge Des Migrants travaille avec les personnes en situation d\u2019exil \u00e0 Calais et dans le Nord de la France, en apportant aide mat\u00e9rielle directe, soutien et plaidoyer. Fort de son ancrage territorial et historique, l\u2019entrep\u00f4t de l\u2019Auberge des Migrants (ADM) est lieu incontournable [&hellip;]<\/p>\n","protected":false},"author":3,"featured_media":0,"parent":0,"menu_order":1,"comment_status":"closed","ping_status":"closed","template":"","meta":{"footnotes":""},"class_list":["post-1147","page","type-page","status-publish","hentry"],"_links":{"self":[{"href":"https:\/\/laubergedesmigrants.fr\/fr\/wp-json\/wp\/v2\/pages\/1147","targetHints":{"allow":["GET"]}}],"collection":[{"href":"https:\/\/laubergedesmigrants.fr\/fr\/wp-json\/wp\/v2\/pages"}],"about":[{"href":"https:\/\/laubergedesmigrants.fr\/fr\/wp-json\/wp\/v2\/types\/page"}],"author":[{"embeddable":true,"href":"https:\/\/laubergedesmigrants.fr\/fr\/wp-json\/wp\/v2\/users\/3"}],"replies":[{"embeddable":true,"href":"https:\/\/laubergedesmigrants.fr\/fr\/wp-json\/wp\/v2\/comments?post=1147"}],"version-history":[{"count":61,"href":"https:\/\/laubergedesmigrants.fr\/fr\/wp-json\/wp\/v2\/pages\/1147\/revisions"}],"predecessor-version":[{"id":2960,"href":"https:\/\/laubergedesmigrants.fr\/fr\/wp-json\/wp\/v2\/pages\/1147\/revisions\/2960"}],"wp:attachment":[{"href":"https:\/\/laubergedesmigrants.fr\/fr\/wp-json\/wp\/v2\/media?parent=1147"}],"curies":[{"name":"wp","href":"https:\/\/api.w.org\/{rel}","templated":true}]}}