{"id":10,"date":"2022-11-10T13:38:38","date_gmt":"2022-11-10T13:38:38","guid":{"rendered":"https:\/\/laubergedesmigrants.fr\/?page_id=10"},"modified":"2024-07-23T12:54:22","modified_gmt":"2024-07-23T12:54:22","slug":"about","status":"publish","type":"page","link":"https:\/\/laubergedesmigrants.fr\/fr\/lauberge-des-migrants\/about\/","title":{"rendered":"Qui sommes-nous?"},"content":{"rendered":"\n<h2 class=\"wp-block-heading\">Comment nous travaillons<\/h2>\n\n\n\n<p>Bas\u00e9 dans notre entrep\u00f4t de Calais, la grande majorit\u00e9 de notre travail repose sur des dons priv\u00e9s et des relations avec des partenaires.Si l&rsquo;appuie de certaines fondations nous permettent de couvrir une partie de nos d\u00e9penses, ce sont les dons qui nous permettent de poursuivre notre travail de mani\u00e8re ind\u00e9pendante.<br>Tous les dons sont utilis\u00e9s pour apporter une aide humanitaire et promouvoir la dignit\u00e9 des personnes d\u00e9plac\u00e9es dans la r\u00e9gion.<\/p>\n\n\n\n<div class=\"wp-block-buttons is-layout-flex wp-block-buttons-is-layout-flex\">\n<div class=\"wp-block-button\"><a class=\"wp-block-button__link wp-element-button\" href=\"https:\/\/laubergedesmigrants.fr\/about\/our-partners\/\">En savoir plus sur nos partenaires<\/a><\/div>\n\n\n\n<div class=\"wp-block-button is-style-outline is-style-outline--1\"><a class=\"wp-block-button__link wp-element-button\" href=\"https:\/\/laubergedesmigrants.fr\/support\/make-a-donation\/\" target=\"_blank\" rel=\"noreferrer noopener\">Faire un don<\/a><\/div>\n\n\n\n<div class=\"wp-block-button is-style-outline is-style-outline--2\"><a class=\"wp-block-button__link wp-element-button\" href=\"https:\/\/laubergedesmigrants.fr\/support\/material-donations\/\">Je donne du mat\u00e9riel<\/a><\/div>\n<\/div>\n\n\n\n<figure class=\"wp-block-image alignwide size-full\"><img loading=\"lazy\" decoding=\"async\" width=\"2560\" height=\"1441\" src=\"https:\/\/laubergedesmigrants.fr\/wp-content\/uploads\/2023\/07\/20220502_105014-scaled.jpg\" alt=\"\" class=\"wp-image-744\" srcset=\"https:\/\/laubergedesmigrants.fr\/wp-content\/uploads\/2023\/07\/20220502_105014-scaled.jpg 2560w, https:\/\/laubergedesmigrants.fr\/wp-content\/uploads\/2023\/07\/20220502_105014-300x169.jpg 300w, https:\/\/laubergedesmigrants.fr\/wp-content\/uploads\/2023\/07\/20220502_105014-1024x577.jpg 1024w, https:\/\/laubergedesmigrants.fr\/wp-content\/uploads\/2023\/07\/20220502_105014-768x432.jpg 768w, https:\/\/laubergedesmigrants.fr\/wp-content\/uploads\/2023\/07\/20220502_105014-1600x901.jpg 1600w, https:\/\/laubergedesmigrants.fr\/wp-content\/uploads\/2023\/07\/20220502_105014-1536x865.jpg 1536w, https:\/\/laubergedesmigrants.fr\/wp-content\/uploads\/2023\/07\/20220502_105014-2048x1153.jpg 2048w, https:\/\/laubergedesmigrants.fr\/wp-content\/uploads\/2023\/07\/20220502_105014-18x10.jpg 18w, https:\/\/laubergedesmigrants.fr\/wp-content\/uploads\/2023\/07\/20220502_105014-200x113.jpg 200w\" sizes=\"auto, (max-width: 2560px) 100vw, 2560px\" \/><\/figure>\n\n\n\n<h2 class=\"wp-block-heading\">Notre \u00e9quipe<\/h2>\n\n\n\n<p>L&rsquo;Auberge des Migrants est compos\u00e9e d&rsquo;un r\u00e9seau de salari\u00e9\u00b7es et de b\u00e9n\u00e9voles bas\u00e9s \u00e0 Calais, mais travaillant dans toute la r\u00e9gion. <\/p>\n\n\n\n<p>En 2023, <strong>106 000 heures<\/strong> de b\u00e9n\u00e9volat ont \u00e9t\u00e9 r\u00e9alis\u00e9es sur nos actions. Valoris\u00e9 en euros, cela repr\u00e9sente <strong>1,2 million d&rsquo;euros de contribution volontaire<\/strong>.<\/p>\n\n\n\n<p>Notre \u00e9quipe dirigeante est compos\u00e9e de <\/p>\n\n\n\n<ul class=\"wp-block-list\">\n<li><strong>Pierre-Antoine Gelot<\/strong> &#8211; pr\u00e9sident, <\/li>\n\n\n\n<li><strong>Marion Tabouret-Ferret<\/strong> &#8211; vice-pr\u00e9sidente,<\/li>\n\n\n\n<li><strong>Charlotte Kwantes<\/strong> &#8211; secr\u00e9taire, <\/li>\n\n\n\n<li><strong>Fran\u00e7ois Guennoc<\/strong> &#8211; tr\u00e9sorier.<\/li>\n<\/ul>\n\n\n\n<div class=\"wp-block-media-text alignwide is-stacked-on-mobile is-vertically-aligned-center has-base-2-background-color has-background\" style=\"padding-top:0;padding-right:0;padding-bottom:0;padding-left:0;grid-template-columns:22% auto\"><figure class=\"wp-block-media-text__media\"><img loading=\"lazy\" decoding=\"async\" width=\"1024\" height=\"1024\" src=\"https:\/\/laubergedesmigrants.fr\/wp-content\/uploads\/2023\/06\/20210913_204300-1024x1024.jpg\" alt=\"\" class=\"wp-image-382 size-full\" srcset=\"https:\/\/laubergedesmigrants.fr\/wp-content\/uploads\/2023\/06\/20210913_204300-1024x1024.jpg 1024w, https:\/\/laubergedesmigrants.fr\/wp-content\/uploads\/2023\/06\/20210913_204300-300x300.jpg 300w, https:\/\/laubergedesmigrants.fr\/wp-content\/uploads\/2023\/06\/20210913_204300-150x150.jpg 150w, https:\/\/laubergedesmigrants.fr\/wp-content\/uploads\/2023\/06\/20210913_204300-768x768.jpg 768w, https:\/\/laubergedesmigrants.fr\/wp-content\/uploads\/2023\/06\/20210913_204300-1536x1536.jpg 1536w, https:\/\/laubergedesmigrants.fr\/wp-content\/uploads\/2023\/06\/20210913_204300-2048x2048.jpg 2048w, https:\/\/laubergedesmigrants.fr\/wp-content\/uploads\/2023\/06\/20210913_204300-12x12.jpg 12w\" sizes=\"auto, (max-width: 1024px) 100vw, 1024px\" \/><\/figure><div class=\"wp-block-media-text__content\">\n<h3 class=\"wp-block-heading has-text-align-left has-text-color\" style=\"color:#000000\"><strong>D\u00e9couvrez notre histoire<\/strong><\/h3>\n\n\n\n<p>Notre objectif est d\u2019apporter une&nbsp;aide mat\u00e9rielle d\u2019urgence&nbsp;pour soutenir les personnes en exil. Plus que la survie, nous nous battons pour&nbsp;promouvoir la dignit\u00e9 des personnes en situation d&rsquo;exil&nbsp;\u00e0 travers nos actions.<\/p>\n\n\n\n<div class=\"wp-block-buttons is-layout-flex wp-block-buttons-is-layout-flex\">\n<div class=\"wp-block-button\"><a class=\"wp-block-button__link wp-element-button\" href=\"https:\/\/laubergedesmigrants.fr\/lauberge-des-migrants\/notre-histoire\/\">D\u00e9couvrez notre histoire<\/a><\/div>\n<\/div>\n\n\n\n<div style=\"height:32px\" aria-hidden=\"true\" class=\"wp-block-spacer\"><\/div>\n<\/div><\/div>\n","protected":false},"excerpt":{"rendered":"<p>L\u2019Auberge des Migrants has been working with refugees and displaced people in Calais and the surrounding area since 2008. Today, our association plays an umbrella role by bringing together 8 different organisations, working collaboratively to support people, volunteers and organisations in the region. <\/p>\n","protected":false},"author":3,"featured_media":745,"parent":1147,"menu_order":0,"comment_status":"closed","ping_status":"closed","template":"","meta":{"footnotes":""},"class_list":["post-10","page","type-page","status-publish","has-post-thumbnail","hentry"],"_links":{"self":[{"href":"https:\/\/laubergedesmigrants.fr\/fr\/wp-json\/wp\/v2\/pages\/10","targetHints":{"allow":["GET"]}}],"collection":[{"href":"https:\/\/laubergedesmigrants.fr\/fr\/wp-json\/wp\/v2\/pages"}],"about":[{"href":"https:\/\/laubergedesmigrants.fr\/fr\/wp-json\/wp\/v2\/types\/page"}],"author":[{"embeddable":true,"href":"https:\/\/laubergedesmigrants.fr\/fr\/wp-json\/wp\/v2\/users\/3"}],"replies":[{"embeddable":true,"href":"https:\/\/laubergedesmigrants.fr\/fr\/wp-json\/wp\/v2\/comments?post=10"}],"version-history":[{"count":20,"href":"https:\/\/laubergedesmigrants.fr\/fr\/wp-json\/wp\/v2\/pages\/10\/revisions"}],"predecessor-version":[{"id":1998,"href":"https:\/\/laubergedesmigrants.fr\/fr\/wp-json\/wp\/v2\/pages\/10\/revisions\/1998"}],"up":[{"embeddable":true,"href":"https:\/\/laubergedesmigrants.fr\/fr\/wp-json\/wp\/v2\/pages\/1147"}],"wp:featuredmedia":[{"embeddable":true,"href":"https:\/\/laubergedesmigrants.fr\/fr\/wp-json\/wp\/v2\/media\/745"}],"wp:attachment":[{"href":"https:\/\/laubergedesmigrants.fr\/fr\/wp-json\/wp\/v2\/media?parent=10"}],"curies":[{"name":"wp","href":"https:\/\/api.w.org\/{rel}","templated":true}]}}