{"id":935,"date":"2023-09-12T11:40:22","date_gmt":"2023-09-12T11:40:22","guid":{"rendered":"https:\/\/laubergedesmigrants.fr\/?page_id=935"},"modified":"2024-04-09T08:11:05","modified_gmt":"2024-04-09T08:11:05","slug":"anciens-projets","status":"publish","type":"page","link":"https:\/\/laubergedesmigrants.fr\/en\/nos-actions\/anciens-projets\/","title":{"rendered":"Older projects"},"content":{"rendered":"<h2 class=\"wp-block-heading\" id=\"Human-Rights-Observers\">Human Rights Observers<\/h2>\n\n\n\n<figure class=\"wp-block-image size-full is-resized\"><img loading=\"lazy\" decoding=\"async\" width=\"960\" height=\"960\" src=\"https:\/\/laubergedesmigrants.fr\/wp-content\/uploads\/2023\/09\/345167278_200289999149893_8915158925819782941_n.jpeg\" alt=\"\" class=\"wp-image-936\" style=\"width:250px\" srcset=\"https:\/\/laubergedesmigrants.fr\/wp-content\/uploads\/2023\/09\/345167278_200289999149893_8915158925819782941_n.jpeg 960w, https:\/\/laubergedesmigrants.fr\/wp-content\/uploads\/2023\/09\/345167278_200289999149893_8915158925819782941_n-300x300.jpeg 300w, https:\/\/laubergedesmigrants.fr\/wp-content\/uploads\/2023\/09\/345167278_200289999149893_8915158925819782941_n-150x150.jpeg 150w, https:\/\/laubergedesmigrants.fr\/wp-content\/uploads\/2023\/09\/345167278_200289999149893_8915158925819782941_n-768x768.jpeg 768w, https:\/\/laubergedesmigrants.fr\/wp-content\/uploads\/2023\/09\/345167278_200289999149893_8915158925819782941_n-12x12.jpeg 12w, https:\/\/laubergedesmigrants.fr\/wp-content\/uploads\/2023\/09\/345167278_200289999149893_8915158925819782941_n-200x200.jpeg 200w\" sizes=\"auto, (max-width: 960px) 100vw, 960px\" \/><\/figure>\n\n\n\n<p style=\"font-style:normal;font-weight:300\">After several years with l\u2019Auberge des Migrants, the association \"Human Rights Observers\" became independent in March 2023.<\/p>\n\n\n\n<p style=\"font-style:normal;font-weight:300\">Human Rights Observers is an observation organisation that aims to document and denounce the state violence perpetrated against people in exile on the French-British border - more specifically in Calais and Grande-Synthe - with a view to putting an end to it.<\/p>\n\n\n\n<div class=\"wp-block-buttons is-layout-flex wp-block-buttons-is-layout-flex\">\n<div class=\"wp-block-button\"><a class=\"wp-block-button__link wp-element-button\" href=\"https:\/\/humanrightsobservers.org\/fr\/\">Discover Human Rights Observers<\/a><\/div>\n<\/div>\n\n\n\n<p style=\"font-style:normal;font-weight:300\"><\/p>\n\n\n\n<hr class=\"wp-block-separator has-alpha-channel-opacity\"\/>\n\n\n\n<h2 class=\"wp-block-heading\" id=\"Calais-Food-Collective\">Calais Food Collective<\/h2>\n\n\n\n<figure class=\"wp-block-image size-full is-resized\"><img loading=\"lazy\" decoding=\"async\" width=\"461\" height=\"461\" src=\"https:\/\/laubergedesmigrants.fr\/wp-content\/uploads\/2023\/09\/348279098_776923704148760_1401378278287673227_n.png\" alt=\"Calais Food Collective\" class=\"wp-image-937\" style=\"width:250px\" srcset=\"https:\/\/laubergedesmigrants.fr\/wp-content\/uploads\/2023\/09\/348279098_776923704148760_1401378278287673227_n.png 461w, https:\/\/laubergedesmigrants.fr\/wp-content\/uploads\/2023\/09\/348279098_776923704148760_1401378278287673227_n-300x300.png 300w, https:\/\/laubergedesmigrants.fr\/wp-content\/uploads\/2023\/09\/348279098_776923704148760_1401378278287673227_n-150x150.png 150w, https:\/\/laubergedesmigrants.fr\/wp-content\/uploads\/2023\/09\/348279098_776923704148760_1401378278287673227_n-12x12.png 12w, https:\/\/laubergedesmigrants.fr\/wp-content\/uploads\/2023\/09\/348279098_776923704148760_1401378278287673227_n-200x200.png 200w\" sizes=\"auto, (max-width: 461px) 100vw, 461px\" \/><\/figure>\n\n\n\n<p style=\"font-style:normal;font-weight:300\">Calais Food Collective is now an independently registered association supporting displaced people in Calais. CFC mainly distributes cooking ingredients, such as rice, onions, beans and fresh vegetables, as well as cooking equipment and water.<\/p>\n\n\n\n<div class=\"wp-block-buttons is-layout-flex wp-block-buttons-is-layout-flex\">\n<div class=\"wp-block-button\"><a class=\"wp-block-button__link wp-element-button\" href=\"https:\/\/calaisfood.wixsite.com\/home\">Discover Calais Food Collective<\/a><\/div>\n<\/div>\n\n\n\n<hr class=\"wp-block-separator has-alpha-channel-opacity\"\/>","protected":false},"excerpt":{"rendered":"<p>Human Rights Observers Apr\u00e8s plusieurs ann\u00e9es sous l\u2019Auberge des Migrants, l\u2019association loi 1901 \u00ab Human Rights Observers \u00bb a \u00e9t\u00e9 cr\u00e9\u00e9e en mars 2023. Human Rights Observers est un organe d\u2019observation qui vise \u00e0 documenter pour d\u00e9noncer les violences d\u2019\u00c9tat perp\u00e9tr\u00e9es contre les personnes en situation d\u2019exil \u00e0 la fronti\u00e8re franco-britannique \u2013 plus sp\u00e9cifiquement \u00e0 [&hellip;]<\/p>","protected":false},"author":2,"featured_media":0,"parent":1132,"menu_order":99,"comment_status":"closed","ping_status":"closed","template":"","meta":{"footnotes":""},"class_list":["post-935","page","type-page","status-publish","hentry"],"_links":{"self":[{"href":"https:\/\/laubergedesmigrants.fr\/en\/wp-json\/wp\/v2\/pages\/935","targetHints":{"allow":["GET"]}}],"collection":[{"href":"https:\/\/laubergedesmigrants.fr\/en\/wp-json\/wp\/v2\/pages"}],"about":[{"href":"https:\/\/laubergedesmigrants.fr\/en\/wp-json\/wp\/v2\/types\/page"}],"author":[{"embeddable":true,"href":"https:\/\/laubergedesmigrants.fr\/en\/wp-json\/wp\/v2\/users\/2"}],"replies":[{"embeddable":true,"href":"https:\/\/laubergedesmigrants.fr\/en\/wp-json\/wp\/v2\/comments?post=935"}],"version-history":[{"count":11,"href":"https:\/\/laubergedesmigrants.fr\/en\/wp-json\/wp\/v2\/pages\/935\/revisions"}],"predecessor-version":[{"id":1730,"href":"https:\/\/laubergedesmigrants.fr\/en\/wp-json\/wp\/v2\/pages\/935\/revisions\/1730"}],"up":[{"embeddable":true,"href":"https:\/\/laubergedesmigrants.fr\/en\/wp-json\/wp\/v2\/pages\/1132"}],"wp:attachment":[{"href":"https:\/\/laubergedesmigrants.fr\/en\/wp-json\/wp\/v2\/media?parent=935"}],"curies":[{"name":"wp","href":"https:\/\/api.w.org\/{rel}","templated":true}]}}