{"id":33,"date":"2022-11-10T13:41:03","date_gmt":"2022-11-10T13:41:03","guid":{"rendered":"https:\/\/laubergedesmigrants.fr\/?page_id=33"},"modified":"2025-07-21T14:00:01","modified_gmt":"2025-07-21T14:00:01","slug":"volunteer","status":"publish","type":"page","link":"https:\/\/laubergedesmigrants.fr\/en\/support\/volunteer\/","title":{"rendered":"Volunteer with us"},"content":{"rendered":"<div class=\"wp-block-buttons is-content-justification-center is-layout-flex wp-container-core-buttons-is-layout-a89b3969 wp-block-buttons-is-layout-flex\">\n<div class=\"wp-block-button\"><a class=\"wp-block-button__link wp-element-button\" href=\"https:\/\/forms.office.com\/e\/b9sJ7E7jGt\">Volunteer with us<\/a><\/div>\n<\/div>\n\n\n\n<h2 class=\"wp-block-heading\">Pourquoi nous rejoindre en tant que b\u00e9n\u00e9vole\u202f?<\/h2>\n\n\n\n<p>Our organisation depends on the commitment of volunteers. We collaborate with you to take concrete action on behalf of the displaced people stranded on the French-British border. We welcome all kinds of volunteers, with many different skills and aspirations. Our organisation has been designed so that everyone can take part in our work with exiles and help with the running of l\u2019Auberge.<\/p>\n\n\n\n<figure class=\"wp-block-image size-large\"><img loading=\"lazy\" decoding=\"async\" width=\"1024\" height=\"1024\" src=\"https:\/\/laubergedesmigrants.fr\/wp-content\/uploads\/2023\/07\/WhatsApp-Image-2022-06-21-at-14.45.55-1024x1024.jpeg\" alt=\"Les b\u00e9n\u00e9voles de Woodyard\" class=\"wp-image-763\" srcset=\"https:\/\/laubergedesmigrants.fr\/wp-content\/uploads\/2023\/07\/WhatsApp-Image-2022-06-21-at-14.45.55-1024x1024.jpeg 1024w, https:\/\/laubergedesmigrants.fr\/wp-content\/uploads\/2023\/07\/WhatsApp-Image-2022-06-21-at-14.45.55-300x300.jpeg 300w, https:\/\/laubergedesmigrants.fr\/wp-content\/uploads\/2023\/07\/WhatsApp-Image-2022-06-21-at-14.45.55-150x150.jpeg 150w, https:\/\/laubergedesmigrants.fr\/wp-content\/uploads\/2023\/07\/WhatsApp-Image-2022-06-21-at-14.45.55-768x768.jpeg 768w, https:\/\/laubergedesmigrants.fr\/wp-content\/uploads\/2023\/07\/WhatsApp-Image-2022-06-21-at-14.45.55-12x12.jpeg 12w, https:\/\/laubergedesmigrants.fr\/wp-content\/uploads\/2023\/07\/WhatsApp-Image-2022-06-21-at-14.45.55-200x200.jpeg 200w, https:\/\/laubergedesmigrants.fr\/wp-content\/uploads\/2023\/07\/WhatsApp-Image-2022-06-21-at-14.45.55.jpeg 1496w\" sizes=\"auto, (max-width: 1024px) 100vw, 1024px\" \/><\/figure>\n\n\n\n<div style=\"height:44px\" aria-hidden=\"true\" class=\"wp-block-spacer\"><\/div>\n\n\n\n<h2 class=\"wp-block-heading\">Why become a volunteer?<\/h2>\n\n\n\n<div class=\"wp-block-media-text alignwide has-media-on-the-right is-stacked-on-mobile is-image-fill-element has-base-2-background-color has-background\" style=\"grid-template-columns:auto 44%\"><div class=\"wp-block-media-text__content\">\n<div style=\"height:20px\" aria-hidden=\"true\" class=\"wp-block-spacer\"><\/div>\n\n\n\n<p>Volunteering is an excellent way of understanding first-hand the reality of the daily lives of displaced people. <\/p>\n\n\n\n<p>Calais is no longer a hot topic in the media, but the humanitarian drama unfolding on our doorstep remains unresolved.<\/p>\n\n\n\n<p>We want to enable people to see, judge and act directly. Our volunteers can then spread the word and raise awareness when they return home. <\/p>\n\n\n\n<p><strong>We are convinced that through solidarity and collective action, we can change our society for the better.<\/strong><\/p>\n<\/div><figure class=\"wp-block-media-text__media\"><img loading=\"lazy\" decoding=\"async\" width=\"1790\" height=\"1792\" src=\"https:\/\/laubergedesmigrants.fr\/wp-content\/uploads\/2023\/07\/Capture-decran-2021-12-01-a-17.28.21.png\" alt=\"\" class=\"wp-image-532 size-full\" style=\"object-position:50% 50%\"\/><\/figure><\/div>\n\n\n\n<h2 class=\"wp-block-heading\">What will I do as a volunteer?<\/h2>\n\n\n\n<p>There are several ways to get involved as a volunteer:&nbsp;<\/p>\n\n\n\n<ul class=\"wp-block-list\">\n<li><strong>Join the<\/strong> <strong><a href=\"https:\/\/laubergedesmigrants.fr\/en\/nos-actions\/project-woodyard\/\" data-type=\"link\" data-id=\"https:\/\/laubergedesmigrants.fr\/fr\/nos-actions\/project-woodyard\/\">Woodyard<\/a> \u2192<\/strong> You cut and distribute firewood in the living sites, to enable everyone to heat themselves, cook and dry their clothes during the harsh Calais winters.<\/li>\n<\/ul>\n\n\n\n<ul class=\"wp-block-list\">\n<li><strong>Join the <a href=\"https:\/\/laubergedesmigrants.fr\/en\/nos-actions\/channel-info-project\/\" data-type=\"link\" data-id=\"https:\/\/laubergedesmigrants.fr\/fr\/nos-actions\/channel-info-project\/\">The Channel Info Project<\/a><\/strong> <strong>\u2192<\/strong> You participate in access to information and digital inclusion for people on the move, with the aim of strengthening their autonomy and security.<\/li>\n<\/ul>\n\n\n\n<p>For these projects, we generally request a <strong><em>availability from 6 weeks to 2 months minimum.&nbsp;<\/em><\/strong>&nbsp;<\/p>\n\n\n\n<ul class=\"wp-block-list\">\n<li><strong>Supporting the warehouse \u2192<\/strong> Tu peux venir en soutien aux associations partenaires qui se trouvent \u00e0 l&rsquo;entrep\u00f4t.&nbsp;Sur une courte p\u00e9riode, tu pourras prendre part \u00e0 des activit\u00e9s de soutien logistique.<\/li>\n<\/ul>\n\n\n\n<p><strong>These actions are more than necessary for our organizations' action on the ground; without them, meeting the needs of people stranded on the coast is impossible. <\/strong><\/p>\n\n\n\n<div class=\"wp-block-media-text alignwide is-stacked-on-mobile is-image-fill-element has-base-2-background-color has-background\" style=\"grid-template-columns:37% auto\"><figure class=\"wp-block-media-text__media\"><img loading=\"lazy\" decoding=\"async\" width=\"1024\" height=\"683\" src=\"https:\/\/laubergedesmigrants.fr\/wp-content\/uploads\/2023\/01\/volunteer_img_2.jpg\" alt=\"\" class=\"wp-image-179 size-full\" style=\"object-position:50% 50%\"\/><\/figure><div class=\"wp-block-media-text__content\">\n<p>After a few days at the warehouse, we'll try to get you to join our teams on the ground for distribution in Calais and the region. You can work directly with l'Auberge or with one of our partner organisations.<a href=\"https:\/\/laubergedesmigrants.fr\/en\/lauberge-des-migrants\/our-partners\/\" data-type=\"page\" data-id=\"17\"> l&rsquo;une de nos organisations partenaires<\/a>.<\/p>\n<\/div><\/div>\n\n\n\n<h2 class=\"wp-block-heading\">Comment devenir b\u00e9n\u00e9vole\u202f?<\/h2>\n\n\n\n<p id=\"benevole-form\">Pour toute question relative au b\u00e9n\u00e9volat :\u00a0<a href=\"mailto:volontariat@laubergedesmigrants.fr\">volontariat@laubergedesmigrants.fr<\/a>, sinon merci de cliquer ci-dessous !<\/p>\n\n\n\n<div class=\"wp-block-buttons is-content-justification-center is-layout-flex wp-container-core-buttons-is-layout-a89b3969 wp-block-buttons-is-layout-flex\">\n<div class=\"wp-block-button\"><a class=\"wp-block-button__link wp-element-button\" href=\"https:\/\/forms.office.com\/e\/b9sJ7E7jGt\">DEVENIR B\u00c9N\u00c9VOLE <\/a><\/div>\n<\/div>\n\n\n\n<div style=\"height:100px\" aria-hidden=\"true\" class=\"wp-block-spacer\"><\/div>\n\n\n\n<div style=\"height:32px\" aria-hidden=\"true\" class=\"wp-block-spacer\"><\/div>","protected":false},"excerpt":{"rendered":"<p>.<\/p>","protected":false},"author":1,"featured_media":0,"parent":23,"menu_order":3,"comment_status":"closed","ping_status":"closed","template":"","meta":{"footnotes":""},"class_list":["post-33","page","type-page","status-publish","hentry"],"_links":{"self":[{"href":"https:\/\/laubergedesmigrants.fr\/en\/wp-json\/wp\/v2\/pages\/33","targetHints":{"allow":["GET"]}}],"collection":[{"href":"https:\/\/laubergedesmigrants.fr\/en\/wp-json\/wp\/v2\/pages"}],"about":[{"href":"https:\/\/laubergedesmigrants.fr\/en\/wp-json\/wp\/v2\/types\/page"}],"author":[{"embeddable":true,"href":"https:\/\/laubergedesmigrants.fr\/en\/wp-json\/wp\/v2\/users\/1"}],"replies":[{"embeddable":true,"href":"https:\/\/laubergedesmigrants.fr\/en\/wp-json\/wp\/v2\/comments?post=33"}],"version-history":[{"count":126,"href":"https:\/\/laubergedesmigrants.fr\/en\/wp-json\/wp\/v2\/pages\/33\/revisions"}],"predecessor-version":[{"id":2942,"href":"https:\/\/laubergedesmigrants.fr\/en\/wp-json\/wp\/v2\/pages\/33\/revisions\/2942"}],"up":[{"embeddable":true,"href":"https:\/\/laubergedesmigrants.fr\/en\/wp-json\/wp\/v2\/pages\/23"}],"wp:attachment":[{"href":"https:\/\/laubergedesmigrants.fr\/en\/wp-json\/wp\/v2\/media?parent=33"}],"curies":[{"name":"wp","href":"https:\/\/api.w.org\/{rel}","templated":true}]}}