{"id":31,"date":"2022-11-10T13:40:49","date_gmt":"2022-11-10T13:40:49","guid":{"rendered":"https:\/\/laubergedesmigrants.fr\/?page_id=31"},"modified":"2024-03-29T17:09:52","modified_gmt":"2024-03-29T17:09:52","slug":"liste-des-besoins","status":"publish","type":"page","link":"https:\/\/laubergedesmigrants.fr\/en\/support\/material-donations\/liste-des-besoins\/","title":{"rendered":"Needs List"},"content":{"rendered":"<h2 class=\"wp-block-heading\">Priorities<\/h2>\n\n\n\n<ul class=\"wp-block-list\">\n<li>Sports or walking shoes (40-43 EU \/ 9-12 UK)<\/li>\n\n\n\n<li>Tents (for 2 or 3 people) and tarpaulins<\/li>\n\n\n\n<li>Thick blankets<\/li>\n\n\n\n<li>Sleeping bags<\/li>\n\n\n\n<li>Waterproof jackets or coats for men<\/li>\n\n\n\n<li>New underwear (S-M)<\/li>\n\n\n\n<li>Winter hats, gloves and scarves, snoods<\/li>\n\n\n\n<li>Chaussettes<\/li>\n\n\n\n<li>Thin or thick fleece pullovers<\/li>\n\n\n\n<li>sweats \u00e0 capuche<\/li>\n\n\n\n<li>Waterproof ponchos (including disposable ponchos)<\/li>\n\n\n\n<li>Thermal T-shirts and trousers<\/li>\n\n\n\n<li>Backpacks (less than 40 litres), corduroy bags<\/li>\n<\/ul>\n\n\n\n<div class=\"wp-block-group alignfull has-base-2-color has-contrast-2-background-color has-text-color has-background has-link-color wp-elements-b418bb19d14b70adaee23e97cbef9c5c has-global-padding is-layout-constrained wp-block-group-is-layout-constrained\" style=\"border-radius:0px;padding-top:var(--wp--preset--spacing--40);padding-bottom:var(--wp--preset--spacing--40)\">\n<p class=\"translation-block\"><strong>For clothing<\/strong> : dark colours are preferable.<\/p>\n\n\n\n<p class=\"translation-block\"><strong>Blankets<\/strong> : they must be large enough to cover an adult man, otherwise they cannot be distributed.<\/p>\n\n\n\n<p class=\"translation-block\"><strong>Donations of women's and children's clothing:<\/strong> We are currently not taking any more donations as we already have sufficient stock.<\/p>\n<\/div>\n\n\n\n<h3 class=\"wp-block-heading\">Hygiene products :<\/h3>\n\n\n\n<ul class=\"wp-block-list\">\n<li>Toothpaste<\/li>\n\n\n\n<li>Toothbrush<\/li>\n\n\n\n<li>Disposable razors<\/li>\n\n\n\n<li>Shampoo and shower gel<\/li>\n\n\n\n<li>Paper tissues<\/li>\n\n\n\n<li>Lip balm<\/li>\n\n\n\n<li>Body lotion, moisturiser<\/li>\n\n\n\n<li>Moist wipes<\/li>\n<\/ul>\n\n\n\n<h3 class=\"wp-block-heading\">Others:<\/h3>\n\n\n\n<ul class=\"wp-block-list\">\n<li>Firelighters<\/li>\n\n\n\n<li>Biodegradable disposable cups (for hot drinks)<\/li>\n\n\n\n<li>French Lyca SIM cards<\/li>\n\n\n\n<li>UK plugs\/adaptors  European (to use UK plugs in France)<\/li>\n\n\n\n<li>Bin bags<\/li>\n\n\n\n<li>Reusable bags<\/li>\n\n\n\n<li>Thick adhesive tape<\/li>\n\n\n\n<li>Permanent markers<\/li>\n\n\n\n<li>Unlocked and working mobile phones<\/li>\n\n\n\n<li>Floor mats<\/li>\n\n\n\n<li>Backpacks (maximum 40 litres)<\/li>\n<\/ul>\n\n\n\n<div class=\"wp-block-group alignfull has-background has-global-padding is-layout-constrained wp-container-core-group-is-layout-c385debf wp-block-group-is-layout-constrained\" style=\"background-color:#ffafaf;padding-top:var(--wp--preset--spacing--20);padding-right:var(--wp--preset--spacing--20);padding-bottom:var(--wp--preset--spacing--20);padding-left:var(--wp--preset--spacing--20)\">\n<h4 class=\"wp-block-heading\">Objects we cannot accept :<\/h4>\n\n\n\n<ul class=\"wp-block-list\">\n<li>Medication<\/li>\n\n\n\n<li>Damaged or soiled items<\/li>\n\n\n\n<li>ALL TYPES of clothing L and XL<\/li>\n\n\n\n<li>Suit shirts<\/li>\n\n\n\n<li>Safety footwear<\/li>\n\n\n\n<li>Rubber boots<\/li>\n\n\n\n<li>Suit or city shoes<\/li>\n\n\n\n<li>Ski suits or overalls<\/li>\n\n\n\n<li>Camouflage motifs, satanic symbols, religious symbols, sexual references, alcohol, drugs<\/li>\n\n\n\n<li>High-gloss or fluorescent clothing<\/li>\n\n\n\n<li>V\u00eatements tricot\u00e9s \u00e0 la main (trop fragiles)<\/li>\n\n\n\n<li>Suitcases<\/li>\n\n\n\n<li>Duvets<\/li>\n\n\n\n<li>Small blankets (smaller than an adult)<\/li>\n<\/ul>\n<\/div>\n\n\n\n<figure class=\"wp-block-image size-full\"><img loading=\"lazy\" decoding=\"async\" width=\"572\" height=\"821\" src=\"https:\/\/laubergedesmigrants.fr\/wp-content\/uploads\/2022\/11\/calais_donations.png\" alt=\"\" class=\"wp-image-105\"\/><\/figure>\n\n\n\n<h3 class=\"wp-block-heading\"><strong>Comment trier vos dons<\/strong><\/h3>\n\n\n\n<p>Pour un tri efficace de vos dons, veuillez les <strong>diviser<\/strong>, les <strong>emballer <\/strong>et les <strong>marquer <\/strong>selon les cat\u00e9gories ci-dessus. Si vous faites un don important (plus de 5 cartons ou sacs), un inventaire pr\u00e9cis de vos dons est indispensable. Merci d&rsquo;avance !<\/p>\n\n\n\n<p>Ce pr\u00e9-tri permet \u00e0 nos b\u00e9n\u00e9voles de gagner un temps consid\u00e9rable et de distribuer vos dons aux exil\u00e9s beaucoup plus rapidement. Pour plus d&rsquo;informations sur le tri des dons ou pour toute autre question, <a href=\"https:\/\/laubergedesmigrants.fr\/en\/lauberge-des-migrants\/contact-us\/\" data-type=\"page\" data-id=\"21\">n&rsquo;h\u00e9sitez pas \u00e0 nous contacter<\/a>.<\/p>\n\n\n\n<p>Vous pouvez si vous le pr\u00e9f\u00e9rez <a href=\"https:\/\/laubergedesmigrants.fr\/en\/support\/make-a-donation\/\" data-type=\"page\" data-id=\"25\" target=\"_blank\" rel=\"noreferrer noopener\">faire un don mon\u00e9taire<\/a><\/p>\n\n\n\n<div style=\"height:100px\" aria-hidden=\"true\" class=\"wp-block-spacer\"><\/div>","protected":false},"excerpt":{"rendered":"<p>Avant de nous envoyer du mat\u00e9riel, assurez-vous que les articles que vous souhaitez donner figurent dans la liste ci-dessous. Si un article ne figure pas sur la liste, nous ne le distribuerons pas aux personnes d\u00e9plac\u00e9es dans la r\u00e9gion. Le tri et le stockage des objets \u00ab\u00a0ind\u00e9sirables\u00a0\u00bb nous co\u00fbtent beaucoup de temps et d&rsquo;argent, c&rsquo;est pourquoi nous vous demandons de faire vos dons avec soin. Pour plus d&rsquo;informations sur le tri des dons ou pour toute autre question, veuillez nous contacter par courrier \u00e9lectronique.<\/p>","protected":false},"author":1,"featured_media":0,"parent":27,"menu_order":0,"comment_status":"closed","ping_status":"closed","template":"","meta":{"footnotes":""},"class_list":["post-31","page","type-page","status-publish","hentry"],"_links":{"self":[{"href":"https:\/\/laubergedesmigrants.fr\/en\/wp-json\/wp\/v2\/pages\/31","targetHints":{"allow":["GET"]}}],"collection":[{"href":"https:\/\/laubergedesmigrants.fr\/en\/wp-json\/wp\/v2\/pages"}],"about":[{"href":"https:\/\/laubergedesmigrants.fr\/en\/wp-json\/wp\/v2\/types\/page"}],"author":[{"embeddable":true,"href":"https:\/\/laubergedesmigrants.fr\/en\/wp-json\/wp\/v2\/users\/1"}],"replies":[{"embeddable":true,"href":"https:\/\/laubergedesmigrants.fr\/en\/wp-json\/wp\/v2\/comments?post=31"}],"version-history":[{"count":15,"href":"https:\/\/laubergedesmigrants.fr\/en\/wp-json\/wp\/v2\/pages\/31\/revisions"}],"predecessor-version":[{"id":1602,"href":"https:\/\/laubergedesmigrants.fr\/en\/wp-json\/wp\/v2\/pages\/31\/revisions\/1602"}],"up":[{"embeddable":true,"href":"https:\/\/laubergedesmigrants.fr\/en\/wp-json\/wp\/v2\/pages\/27"}],"wp:attachment":[{"href":"https:\/\/laubergedesmigrants.fr\/en\/wp-json\/wp\/v2\/media?parent=31"}],"curies":[{"name":"wp","href":"https:\/\/api.w.org\/{rel}","templated":true}]}}