{"id":27,"date":"2022-11-10T13:40:23","date_gmt":"2022-11-10T13:40:23","guid":{"rendered":"https:\/\/laubergedesmigrants.fr\/?page_id=27"},"modified":"2024-03-29T17:10:23","modified_gmt":"2024-03-29T17:10:23","slug":"material-donations","status":"publish","type":"page","link":"https:\/\/laubergedesmigrants.fr\/en\/support\/material-donations\/","title":{"rendered":"Donate goods"},"content":{"rendered":"<div class=\"wp-block-columns is-layout-flex wp-container-core-columns-is-layout-28f84493 wp-block-columns-is-layout-flex\">\n<div class=\"wp-block-column is-layout-flow wp-block-column-is-layout-flow\">\n<h2 class=\"wp-block-heading\">Bring material donations to the warehouse<\/h2>\n\n\n\n<p>Are you coming as a volunteer or just passing through the warehouse? Don't forget to fill up your car! Ask your friends and family to bring the things we need most.<\/p>\n\n\n\n<div class=\"wp-block-buttons is-content-justification-center is-layout-flex wp-container-core-buttons-is-layout-a89b3969 wp-block-buttons-is-layout-flex\">\n<div class=\"wp-block-button\"><a class=\"wp-block-button__link wp-element-button\" href=\"https:\/\/laubergedesmigrants.fr\/en\/support\/material-donations\/liste-des-besoins\/\">Needs List<\/a><\/div>\n<\/div>\n<\/div>\n<\/div>\n\n\n\n<figure class=\"wp-block-gallery alignfull has-nested-images columns-4 is-cropped wp-block-gallery-1 is-layout-flex wp-block-gallery-is-layout-flex\">\n<figure class=\"wp-block-image size-large\"><img loading=\"lazy\" decoding=\"async\" width=\"1024\" height=\"577\" data-id=\"744\" src=\"https:\/\/laubergedesmigrants.fr\/wp-content\/uploads\/2023\/07\/20220502_105014-1024x577.jpg\" alt=\"\" class=\"wp-image-744\" srcset=\"https:\/\/laubergedesmigrants.fr\/wp-content\/uploads\/2023\/07\/20220502_105014-1024x577.jpg 1024w, https:\/\/laubergedesmigrants.fr\/wp-content\/uploads\/2023\/07\/20220502_105014-300x169.jpg 300w, https:\/\/laubergedesmigrants.fr\/wp-content\/uploads\/2023\/07\/20220502_105014-768x432.jpg 768w, https:\/\/laubergedesmigrants.fr\/wp-content\/uploads\/2023\/07\/20220502_105014-1600x901.jpg 1600w, https:\/\/laubergedesmigrants.fr\/wp-content\/uploads\/2023\/07\/20220502_105014-1536x865.jpg 1536w, https:\/\/laubergedesmigrants.fr\/wp-content\/uploads\/2023\/07\/20220502_105014-2048x1153.jpg 2048w, https:\/\/laubergedesmigrants.fr\/wp-content\/uploads\/2023\/07\/20220502_105014-18x10.jpg 18w, https:\/\/laubergedesmigrants.fr\/wp-content\/uploads\/2023\/07\/20220502_105014-200x113.jpg 200w\" sizes=\"auto, (max-width: 1024px) 100vw, 1024px\" \/><\/figure>\n\n\n\n<figure class=\"wp-block-image size-large\"><img loading=\"lazy\" decoding=\"async\" width=\"1600\" height=\"900\" data-id=\"745\" src=\"https:\/\/laubergedesmigrants.fr\/wp-content\/uploads\/2023\/07\/WhatsApp-Image-2022-06-21-at-14.45.03.jpeg\" alt=\"\" class=\"wp-image-745\"\/><\/figure>\n\n\n\n<figure class=\"wp-block-image size-large\"><img loading=\"lazy\" decoding=\"async\" width=\"640\" height=\"1024\" data-id=\"650\" src=\"https:\/\/laubergedesmigrants.fr\/wp-content\/uploads\/2023\/07\/20211119_153425-edited-640x1024.jpg\" alt=\"\" class=\"wp-image-650\" srcset=\"https:\/\/laubergedesmigrants.fr\/wp-content\/uploads\/2023\/07\/20211119_153425-edited-640x1024.jpg 640w, https:\/\/laubergedesmigrants.fr\/wp-content\/uploads\/2023\/07\/20211119_153425-edited-188x300.jpg 188w, https:\/\/laubergedesmigrants.fr\/wp-content\/uploads\/2023\/07\/20211119_153425-edited-768x1229.jpg 768w, https:\/\/laubergedesmigrants.fr\/wp-content\/uploads\/2023\/07\/20211119_153425-edited-960x1536.jpg 960w, https:\/\/laubergedesmigrants.fr\/wp-content\/uploads\/2023\/07\/20211119_153425-edited-1280x2048.jpg 1280w, https:\/\/laubergedesmigrants.fr\/wp-content\/uploads\/2023\/07\/20211119_153425-edited-8x12.jpg 8w, https:\/\/laubergedesmigrants.fr\/wp-content\/uploads\/2023\/07\/20211119_153425-edited-scaled.jpg 1600w\" sizes=\"auto, (max-width: 640px) 100vw, 640px\" \/><\/figure>\n\n\n\n<figure class=\"wp-block-image size-large\"><img loading=\"lazy\" decoding=\"async\" width=\"1024\" height=\"683\" data-id=\"179\" src=\"https:\/\/laubergedesmigrants.fr\/wp-content\/uploads\/2023\/01\/volunteer_img_2.jpg\" alt=\"\" class=\"wp-image-179\"\/><\/figure>\n<\/figure>\n\n\n\n<div style=\"height:20px\" aria-hidden=\"true\" class=\"wp-block-spacer\"><\/div>\n\n\n\n<h2 class=\"wp-block-heading\">Where do donations go?<\/h2>\n\n\n\n<p>Every day, the donations we receive are distributed on the ground in and around Calais: food, clothing, shoes, blankets, tents, hygiene products, etc. Every donation benefits the people living in exile in the region.<\/p>\n\n\n\n<figure class=\"wp-block-gallery alignwide has-nested-images columns-default is-cropped wp-block-gallery-2 is-layout-flex wp-block-gallery-is-layout-flex\">\n<figure class=\"wp-block-image size-large\"><img loading=\"lazy\" decoding=\"async\" width=\"1024\" height=\"577\" data-id=\"647\" src=\"https:\/\/laubergedesmigrants.fr\/wp-content\/uploads\/2023\/07\/20221118_154514-1024x577.jpg\" alt=\"\" class=\"wp-image-647\" srcset=\"https:\/\/laubergedesmigrants.fr\/wp-content\/uploads\/2023\/07\/20221118_154514-1024x577.jpg 1024w, https:\/\/laubergedesmigrants.fr\/wp-content\/uploads\/2023\/07\/20221118_154514-300x169.jpg 300w, https:\/\/laubergedesmigrants.fr\/wp-content\/uploads\/2023\/07\/20221118_154514-768x432.jpg 768w, https:\/\/laubergedesmigrants.fr\/wp-content\/uploads\/2023\/07\/20221118_154514-1536x865.jpg 1536w, https:\/\/laubergedesmigrants.fr\/wp-content\/uploads\/2023\/07\/20221118_154514-2048x1153.jpg 2048w, https:\/\/laubergedesmigrants.fr\/wp-content\/uploads\/2023\/07\/20221118_154514-18x10.jpg 18w\" sizes=\"auto, (max-width: 1024px) 100vw, 1024px\" \/><\/figure>\n\n\n\n<figure class=\"wp-block-image size-large\"><img loading=\"lazy\" decoding=\"async\" width=\"640\" height=\"1024\" data-id=\"650\" src=\"https:\/\/laubergedesmigrants.fr\/wp-content\/uploads\/2023\/07\/20211119_153425-edited-640x1024.jpg\" alt=\"\" class=\"wp-image-650\" srcset=\"https:\/\/laubergedesmigrants.fr\/wp-content\/uploads\/2023\/07\/20211119_153425-edited-640x1024.jpg 640w, https:\/\/laubergedesmigrants.fr\/wp-content\/uploads\/2023\/07\/20211119_153425-edited-188x300.jpg 188w, https:\/\/laubergedesmigrants.fr\/wp-content\/uploads\/2023\/07\/20211119_153425-edited-768x1229.jpg 768w, https:\/\/laubergedesmigrants.fr\/wp-content\/uploads\/2023\/07\/20211119_153425-edited-960x1536.jpg 960w, https:\/\/laubergedesmigrants.fr\/wp-content\/uploads\/2023\/07\/20211119_153425-edited-1280x2048.jpg 1280w, https:\/\/laubergedesmigrants.fr\/wp-content\/uploads\/2023\/07\/20211119_153425-edited-8x12.jpg 8w, https:\/\/laubergedesmigrants.fr\/wp-content\/uploads\/2023\/07\/20211119_153425-edited-scaled.jpg 1600w\" sizes=\"auto, (max-width: 640px) 100vw, 640px\" \/><\/figure>\n<\/figure>\n\n\n\n<h2 class=\"wp-block-heading\">How do you sort them?<\/h2>\n\n\n\n<p>For efficient sorting of your donations, please divide them up, pack them and mark them by category (clothing\/hygiene\/miscellaneous). <\/p>\n\n\n\n<p>If you are making a large donation (more than 5 boxes or bags), a precise inventory of your donations is essential. Thank you in advance! <\/p>\n\n\n\n<p>This preliminary sorting saves our volunteers a considerable amount of time, and enables us to distribute your donations to the exiles much more quickly. For more information on sorting donations, or if you have any other questions, please don't hesitate to contact us by email.&nbsp;<a href=\"https:\/\/laubergedesmigrants.fr\/en\/about\/contact-us\/\"><a href=\"https:\/\/laubergedesmigrants.fr\/en\/about\/contact-us\/\" data-type=\"page\" data-id=\"21\" target=\"_self\">contact us by email<\/a><\/a>.<\/p>\n\n\n\n<div style=\"height:100px\" aria-hidden=\"true\" class=\"wp-block-spacer\"><\/div>\n\n\n\n<div class=\"wp-block-group alignwide has-base-2-background-color has-background has-global-padding is-layout-constrained wp-container-core-group-is-layout-570efc33 wp-block-group-is-layout-constrained\" style=\"padding-top:var(--wp--preset--spacing--30);padding-right:var(--wp--preset--spacing--30);padding-bottom:var(--wp--preset--spacing--30);padding-left:var(--wp--preset--spacing--30)\">\n<h1 class=\"wp-block-heading\">Alternative donations<\/h1>\n\n\n\n<div class=\"wp-block-media-text alignwide is-stacked-on-mobile\" style=\"grid-template-columns:25% auto\"><figure class=\"wp-block-media-text__media\"><img loading=\"lazy\" decoding=\"async\" width=\"1860\" height=\"1142\" src=\"https:\/\/laubergedesmigrants.fr\/wp-content\/uploads\/2022\/11\/lilo-logo-baseline.png\" alt=\"\" class=\"wp-image-109 size-full\"\/><\/figure><div class=\"wp-block-media-text__content\">\n<h3 class=\"wp-block-heading\">Lilo: the solidarity-based search engine<\/h3>\n\n\n\n<p>Launched in 2015 by 2 French engineers, Lilo is a solidarity-based search engine that distributes half of its revenues to social and environmental projects.<\/p>\n\n\n\n<p>Choose Lilo as your search engine, collect \"water drops\" (digital tokens that turn into real donations) and donate them to L'Auberge des Migrants by clicking on this link (this link redirects to the Lilo installation page and activates the donation of water drops to our project for new users).&nbsp;<a href=\"https:\/\/www.lilo.org\/?utm_source=lauberge-des-migrants\" target=\"_blank\" rel=\"noreferrer noopener\">ce lien<\/a>&nbsp;(ce lien redirige vers la page d\u2019installation de Lilo et active le don de gouttes d\u2019eau \u00e0 notre projet pour le nouvel utilisateur).<\/p>\n\n\n\n<p>Every year, an Internet user generates around \u20ac30 through his or her research. It's easy to support the causes you care about!<\/p>\n\n\n\n<div class=\"wp-block-buttons is-layout-flex wp-block-buttons-is-layout-flex\">\n<div class=\"wp-block-button\"><a class=\"wp-block-button__link wp-element-button\" href=\"https:\/\/www.lilo.org\/\" target=\"_blank\" rel=\"noreferrer noopener\">Discover Lilo<\/a><\/div>\n<\/div>\n<\/div><\/div>\n\n\n\n<div class=\"wp-block-media-text alignwide has-media-on-the-right is-stacked-on-mobile\" style=\"grid-template-columns:auto 25%\"><div class=\"wp-block-media-text__content\">\n<h3 class=\"wp-block-heading\">HA Solidaire: donations collected through your online purchases<\/h3>\n\n\n\n<p>HA Solidaire is a platform that enables charities to gain funds thanks to your online purchases. You can register and designate us as your cashback beneficiary. By activating cashback before each of your online purchases, you enable us to receive the cashback from the purchase at no extra cost to you.<\/p>\n\n\n\n<p>For example: for a purchase of 100 euros in a shop offering 8% cashback, we will receive 8 euros.<\/p>\n\n\n\n<p class=\"translation-block\">HA-solidaire is an innovative solution that allows you to support important causes with your everyday purchases. It's 100% free and 100% generous! Sign up by clicking on <a rel=\"noreferrer noopener\" href=\"https:\/\/laubergedesmigrants.ha-solidaire.com\/#\/login\" data-type=\"URL\" data-id=\"https:\/\/laubergedesmigrants.ha-solidaire.com\/#\/login\" target=\"_blank\">this link<\/a> to support us through your purchases.<\/p>\n\n\n\n<div class=\"wp-block-buttons is-layout-flex wp-block-buttons-is-layout-flex\">\n<div class=\"wp-block-button\"><a class=\"wp-block-button__link wp-element-button\" href=\"https:\/\/ha-solidaire.com\/\" target=\"_blank\" rel=\"noreferrer noopener\">Discover HA Solidaire<\/a><\/div>\n<\/div>\n<\/div><figure class=\"wp-block-media-text__media\"><img loading=\"lazy\" decoding=\"async\" width=\"283\" height=\"283\" src=\"https:\/\/laubergedesmigrants.fr\/wp-content\/uploads\/2022\/11\/logo-ha-solidaires.png\" alt=\"HA Solidaire: les dons collect\u00e9s par vos achats en ligne\" class=\"wp-image-110 size-full\"\/><\/figure><\/div>\n<\/div>","protected":false},"excerpt":{"rendered":"<p>Apporter des dons mat\u00e9riels \u00e0 l\u2019entrep\u00f4t Vous venez en tant que b\u00e9n\u00e9vole ou vous passez simplement par l\u2019entrep\u00f4t ? N\u2019oubliez pas de remplir votre voiture ! Faites une collecte aupr\u00e8s de vos amis et de votre famille pour apporter les choses dont nous avons le plus besoin. O\u00f9 vont les donations ? Chaque jour, les [&hellip;]<\/p>","protected":false},"author":1,"featured_media":0,"parent":23,"menu_order":4,"comment_status":"closed","ping_status":"closed","template":"","meta":{"footnotes":""},"class_list":["post-27","page","type-page","status-publish","hentry"],"_links":{"self":[{"href":"https:\/\/laubergedesmigrants.fr\/en\/wp-json\/wp\/v2\/pages\/27","targetHints":{"allow":["GET"]}}],"collection":[{"href":"https:\/\/laubergedesmigrants.fr\/en\/wp-json\/wp\/v2\/pages"}],"about":[{"href":"https:\/\/laubergedesmigrants.fr\/en\/wp-json\/wp\/v2\/types\/page"}],"author":[{"embeddable":true,"href":"https:\/\/laubergedesmigrants.fr\/en\/wp-json\/wp\/v2\/users\/1"}],"replies":[{"embeddable":true,"href":"https:\/\/laubergedesmigrants.fr\/en\/wp-json\/wp\/v2\/comments?post=27"}],"version-history":[{"count":34,"href":"https:\/\/laubergedesmigrants.fr\/en\/wp-json\/wp\/v2\/pages\/27\/revisions"}],"predecessor-version":[{"id":1644,"href":"https:\/\/laubergedesmigrants.fr\/en\/wp-json\/wp\/v2\/pages\/27\/revisions\/1644"}],"up":[{"embeddable":true,"href":"https:\/\/laubergedesmigrants.fr\/en\/wp-json\/wp\/v2\/pages\/23"}],"wp:attachment":[{"href":"https:\/\/laubergedesmigrants.fr\/en\/wp-json\/wp\/v2\/media?parent=27"}],"curies":[{"name":"wp","href":"https:\/\/api.w.org\/{rel}","templated":true}]}}