{"id":25,"date":"2022-11-10T13:40:13","date_gmt":"2022-11-10T13:40:13","guid":{"rendered":"https:\/\/laubergedesmigrants.fr\/?page_id=25"},"modified":"2024-03-21T21:10:56","modified_gmt":"2024-03-21T21:10:56","slug":"make-a-donation","status":"publish","type":"page","link":"https:\/\/laubergedesmigrants.fr\/en\/support\/make-a-donation\/","title":{"rendered":"Make a donation"},"content":{"rendered":"<h2 class=\"wp-block-heading\">More than ever, we need your help.<\/h2>\n\n\n\n<p><strong>Every donation can make a difference:<\/strong> :<\/p>\n\n\n\n<ul class=\"wp-block-list\">\n<li><strong>1\u20ac<\/strong>is a hot meal distributed to an exile in Calais<\/li>\n\n\n\n<li><strong>5\u20ac<\/strong>is a bag of firewood for a family of five<\/li>\n\n\n\n<li><strong>10\u20ac<\/strong>is a sleeping bag to shelter an exile from the cold this winter<\/li>\n\n\n\n<li><strong>50\u20ac<\/strong>is a days\u2019 electricity at the warehouse to prepare more than 1,000 meals<\/li>\n\n\n\n<li><strong>100\u20ac<\/strong>is 15 pairs of shoes to equip exiles for the winter<\/li>\n\n\n\n<li><strong>500\u20ac<\/strong>is a month's supply of firewood and food parcels to cook for ten people<\/li>\n<\/ul>\n\n\n\n<div style=\"height:45px\" aria-hidden=\"true\" class=\"wp-block-spacer\"><\/div>\n\n\n\n<h3 class=\"wp-block-heading\"><strong>Make an online donation <\/strong><\/h3>\n\n\n\n<p>by filling in the form below:<\/p>\n\n\n\n<div class=\"wp-block-group has-global-padding is-layout-constrained wp-block-group-is-layout-constrained\">\n<iframe id=\"haWidget\" allowtransparency=\"true\" scrolling=\"auto\" src=\"https:\/\/www.helloasso.com\/associations\/l-auberge-des-migrants\/formulaires\/2\/widget\" style=\"width: 100%; height: 750px; border: none;\"><\/iframe>\n<\/div>\n\n\n\n<h3 class=\"wp-block-heading\"><strong>To support us you can :<\/strong><\/h3>\n\n\n\n<p>Send a cheque to : <br>L\u2019Auberge des Migrants, <br>BP 70113, 62100 Calais Cedex<\/p>\n\n\n\n<div style=\"height:45px\" aria-hidden=\"true\" class=\"wp-block-spacer\"><\/div>\n\n\n\n<div style=\"height:100px\" aria-hidden=\"true\" class=\"wp-block-spacer\"><\/div>","protected":false},"excerpt":{"rendered":"<p>Notre association d\u00e9pend exclusivement de la g\u00e9n\u00e9rosit\u00e9 de ses donateurs. C&rsquo;est gr\u00e2ce \u00e0 cela que nous pouvons continuer \u00e0 travailler de mani\u00e8re ind\u00e9pendante pour aider les exil\u00e9s.<\/p>","protected":false},"author":1,"featured_media":0,"parent":23,"menu_order":2,"comment_status":"closed","ping_status":"closed","template":"","meta":{"footnotes":""},"class_list":["post-25","page","type-page","status-publish","hentry"],"_links":{"self":[{"href":"https:\/\/laubergedesmigrants.fr\/en\/wp-json\/wp\/v2\/pages\/25","targetHints":{"allow":["GET"]}}],"collection":[{"href":"https:\/\/laubergedesmigrants.fr\/en\/wp-json\/wp\/v2\/pages"}],"about":[{"href":"https:\/\/laubergedesmigrants.fr\/en\/wp-json\/wp\/v2\/types\/page"}],"author":[{"embeddable":true,"href":"https:\/\/laubergedesmigrants.fr\/en\/wp-json\/wp\/v2\/users\/1"}],"replies":[{"embeddable":true,"href":"https:\/\/laubergedesmigrants.fr\/en\/wp-json\/wp\/v2\/comments?post=25"}],"version-history":[{"count":27,"href":"https:\/\/laubergedesmigrants.fr\/en\/wp-json\/wp\/v2\/pages\/25\/revisions"}],"predecessor-version":[{"id":1595,"href":"https:\/\/laubergedesmigrants.fr\/en\/wp-json\/wp\/v2\/pages\/25\/revisions\/1595"}],"up":[{"embeddable":true,"href":"https:\/\/laubergedesmigrants.fr\/en\/wp-json\/wp\/v2\/pages\/23"}],"wp:attachment":[{"href":"https:\/\/laubergedesmigrants.fr\/en\/wp-json\/wp\/v2\/media?parent=25"}],"curies":[{"name":"wp","href":"https:\/\/api.w.org\/{rel}","templated":true}]}}