{"id":221,"date":"2023-04-03T13:40:47","date_gmt":"2023-04-03T13:40:47","guid":{"rendered":"https:\/\/laubergedesmigrants.fr\/?page_id=221"},"modified":"2024-04-26T15:58:15","modified_gmt":"2024-04-26T15:58:15","slug":"notre-histoire","status":"publish","type":"page","link":"https:\/\/laubergedesmigrants.fr\/en\/lauberge-des-migrants\/notre-histoire\/","title":{"rendered":"Our story"},"content":{"rendered":"<p>At the end of 2023, l'Auberge des Migrants celebrated 15 years of humanitarian work on the Franco-British border.&nbsp;<br>&nbsp;<br>Over the years, the association has adapted and evolved to meet the changing needs on the ground as effectively as possible.&nbsp;&nbsp;<br>&nbsp;<br>Our mission is not only to provide direct aid, but also to ensure the existence of a logistical and humanitarian platform, bringing together different associations.&nbsp;<br>&nbsp;<br>In the l\u2019Auberge des Migrants warehouse, hundreds of meals are prepared, blankets and clothes are stored, and seven different associations coexist.&nbsp;<br>&nbsp;<br>Scroll down to look back at the 15 years that have led to the association as we know it today.&nbsp;<\/p>\n\n\n\n<h2 class=\"wp-block-heading\">2007-2008 : Our beginning<\/h2>\n\n\n\n<figure class=\"wp-block-image size-full is-resized\"><img loading=\"lazy\" decoding=\"async\" width=\"1024\" height=\"683\" src=\"https:\/\/laubergedesmigrants.fr\/wp-content\/uploads\/2024\/03\/51251675-25a3-fa30-5723-949f2114583d.jpg\" alt=\"\" class=\"wp-image-1626\" style=\"width:622px;height:auto\" srcset=\"https:\/\/laubergedesmigrants.fr\/wp-content\/uploads\/2024\/03\/51251675-25a3-fa30-5723-949f2114583d.jpg 1024w, https:\/\/laubergedesmigrants.fr\/wp-content\/uploads\/2024\/03\/51251675-25a3-fa30-5723-949f2114583d-300x200.jpg 300w, https:\/\/laubergedesmigrants.fr\/wp-content\/uploads\/2024\/03\/51251675-25a3-fa30-5723-949f2114583d-768x512.jpg 768w, https:\/\/laubergedesmigrants.fr\/wp-content\/uploads\/2024\/03\/51251675-25a3-fa30-5723-949f2114583d-18x12.jpg 18w\" sizes=\"auto, (max-width: 1024px) 100vw, 1024px\" \/><\/figure>\n\n\n\n<p>The association Belle \u00e9toile, who distribute food in Calais, announced the end of their activities. Some of their volunteers then set up the l\u2019Auberge des Migrants and organised replacement food distributions.&nbsp;<\/p>\n\n\n\n<h2 class=\"wp-block-heading\">2014-2016 :  The Auberge is expanding<\/h2>\n\n\n\n<p>The needs are growing, and the association now distributes 900 meals 3 times a week, as well as clothing collected from private individuals. This aid goes directly to the nine places where exiles live.&nbsp;<\/p>\n\n\n\n<p>We collect warm clothing, shoes, blankets and sleeping bags to help protect them from the elements.<\/p>\n\n\n\n<p><strong>In 2015, <\/strong>what became known in the media as the \"Great Jungle\" of Calais, up to 10,000 people live there. <\/p>\n\n\n\n<p>We began working with Help Refugees, an English charity (later to become Choose Love), with whom we launched a shelter construction programme.<\/p>\n\n\n\n<p>The activities of  l\u2019Auberge des Migrants move to a new warehouse and Refugee Community Kitchen, which prepares hot meals, joins the new site.&nbsp;<\/p>\n\n\n\n<h2 class=\"wp-block-heading\">After October 2016: Dismantling creates a dramatic situation<\/h2>\n\n\n\n<p>The \"Great Jungle\" was destroyed and evacuated by the State, and the disappearance of the makeshift town also meant the end of semi-permanent shelter. Exiled people found themselves more vulnerable, and faced major material needs to protect themselves from the cold and destitution.<\/p>\n\n\n\n<p>At the same time, Choose Love launched the Woodyard project, which distributed firewood in the new various tented camps which people now lived in.<\/p>\n\n\n\n<figure class=\"wp-block-image alignwide size-full\"><img loading=\"lazy\" decoding=\"async\" width=\"1024\" height=\"683\" src=\"https:\/\/laubergedesmigrants.fr\/wp-content\/uploads\/2024\/03\/82a8ea5e-f804-ec37-e187-9052b717e1f8.jpg\" alt=\"\" class=\"wp-image-1621\" srcset=\"https:\/\/laubergedesmigrants.fr\/wp-content\/uploads\/2024\/03\/82a8ea5e-f804-ec37-e187-9052b717e1f8.jpg 1024w, https:\/\/laubergedesmigrants.fr\/wp-content\/uploads\/2024\/03\/82a8ea5e-f804-ec37-e187-9052b717e1f8-300x200.jpg 300w, https:\/\/laubergedesmigrants.fr\/wp-content\/uploads\/2024\/03\/82a8ea5e-f804-ec37-e187-9052b717e1f8-768x512.jpg 768w, https:\/\/laubergedesmigrants.fr\/wp-content\/uploads\/2024\/03\/82a8ea5e-f804-ec37-e187-9052b717e1f8-18x12.jpg 18w\" sizes=\"auto, (max-width: 1024px) 100vw, 1024px\" \/><\/figure>\n\n\n\n<p>In 2017,&nbsp;<strong>between 1,000 and 2,000 people are living in the border zone.<\/strong>The end of the Jungle and the shift in media attention led to a massive drop in material and financial collections for exiled people in Calais.<\/p>\n\n\n\n<p>The Human Rights Observers project, which documents and denounces State violence against people in exile, was launched. l\u2019Auberge des Migrants continued to facilitate and support the work of the warehouse's associations.&nbsp;<\/p>\n\n\n\n<p>The warehouse grew to welcome new associations, with Refugee Women Centre, Utopia 56 and Refugee Info Bus joining what is now the leading humanitarian platform on the coast.&nbsp;<\/p>\n\n\n\n<h2 class=\"wp-block-heading\">2018 : The solidarity march<\/h2>\n\n\n\n<p>To protest against the blocking of borders and campaign for a genuine welcome for people in exile, lAuberge des Migrants organised a solidarity march from Ventimiglia - Calais - London, which mobilised nearly 15,000 people between 30th April and 8th July.&nbsp;<\/p>\n\n\n\n<div class=\"wp-block-columns is-layout-flex wp-container-core-columns-is-layout-28f84493 wp-block-columns-is-layout-flex\">\n<div class=\"wp-block-column is-layout-flow wp-block-column-is-layout-flow\" style=\"flex-basis:100%\">\n<figure class=\"wp-block-image alignwide size-large\"><img loading=\"lazy\" decoding=\"async\" width=\"1024\" height=\"538\" src=\"https:\/\/laubergedesmigrants.fr\/wp-content\/uploads\/2024\/03\/3ad16939-eeb3-8ab0-0e9c-019fc4264778-1024x538.jpg\" alt=\"\" class=\"wp-image-1620\" srcset=\"https:\/\/laubergedesmigrants.fr\/wp-content\/uploads\/2024\/03\/3ad16939-eeb3-8ab0-0e9c-019fc4264778-1024x538.jpg 1024w, https:\/\/laubergedesmigrants.fr\/wp-content\/uploads\/2024\/03\/3ad16939-eeb3-8ab0-0e9c-019fc4264778-300x158.jpg 300w, https:\/\/laubergedesmigrants.fr\/wp-content\/uploads\/2024\/03\/3ad16939-eeb3-8ab0-0e9c-019fc4264778-768x403.jpg 768w, https:\/\/laubergedesmigrants.fr\/wp-content\/uploads\/2024\/03\/3ad16939-eeb3-8ab0-0e9c-019fc4264778-18x9.jpg 18w, https:\/\/laubergedesmigrants.fr\/wp-content\/uploads\/2024\/03\/3ad16939-eeb3-8ab0-0e9c-019fc4264778.jpg 1200w\" sizes=\"auto, (max-width: 1024px) 100vw, 1024px\" \/><\/figure>\n<\/div>\n<\/div>\n\n\n\n<h2 class=\"wp-block-heading\">2020-2024: Major developments<\/h2>\n\n\n\n<p><strong>In 2020,<\/strong> due to the Covid pandemic, some of the associations stopped their activities and access to water, food, and aid provided by the association mandated by the State, was massively reduced. <\/p>\n\n\n\n<p>To meet the growing need for food, some of the volunteers at the warehouse launched Calais Food Collective with the support of l\u2019Auberge des Migrants. They ensured daily food distributions in Calais and Grande-Synthe.&nbsp;<\/p>\n\n\n\n<p><strong>Fin 2021,<\/strong> Choose Love, which finances up to 70% of the associations in the warehouse, withdrew from Calais. The humanitarian base was destabilised and faced complete closure. Under the initiative of l\u2019Auberge des Migrants and Utopia 56, a consortium was co-founded. Calais Appeal was born, to raise funds and maintain the activities of the Calais humanitarian platform.&nbsp;<\/p>\n\n\n\n<p>At the same time, l'Auberge des Migrants took over management of the Woodyard project.&nbsp;<\/p>\n\n\n\n<p><strong>In 2022,<\/strong> following the departure of Refugee Info Bus, l'Auberge des Migrants launched a new project, Channel Info Project. The aim was to fill the gaps in ensuring access to information and connectivity for people in exile, which is essential in a context where people risk their lives to reach the United Kingdom.&nbsp;<\/p>\n\n\n\n<p><strong>In 2023,<\/strong> the Human Right Observers project became an independent association.<\/p>\n\n\n\n<figure class=\"wp-block-image alignwide size-full\"><img loading=\"lazy\" decoding=\"async\" width=\"2560\" height=\"1367\" src=\"https:\/\/laubergedesmigrants.fr\/wp-content\/uploads\/2024\/03\/Image-5-1-1-scaled.jpeg\" alt=\"\" class=\"wp-image-1624\" srcset=\"https:\/\/laubergedesmigrants.fr\/wp-content\/uploads\/2024\/03\/Image-5-1-1-scaled.jpeg 2560w, https:\/\/laubergedesmigrants.fr\/wp-content\/uploads\/2024\/03\/Image-5-1-1-300x160.jpeg 300w, https:\/\/laubergedesmigrants.fr\/wp-content\/uploads\/2024\/03\/Image-5-1-1-1024x547.jpeg 1024w, https:\/\/laubergedesmigrants.fr\/wp-content\/uploads\/2024\/03\/Image-5-1-1-768x410.jpeg 768w, https:\/\/laubergedesmigrants.fr\/wp-content\/uploads\/2024\/03\/Image-5-1-1-1536x820.jpeg 1536w, https:\/\/laubergedesmigrants.fr\/wp-content\/uploads\/2024\/03\/Image-5-1-1-2048x1093.jpeg 2048w, https:\/\/laubergedesmigrants.fr\/wp-content\/uploads\/2024\/03\/Image-5-1-1-18x10.jpeg 18w\" sizes=\"auto, (max-width: 2560px) 100vw, 2560px\" \/><\/figure>\n\n\n\n<h2 class=\"wp-block-heading\">Today, in 2024, l\u2019Auberge des Migrants is more structured and stable.&nbsp;&nbsp;<\/h2>\n\n\n\n<p>From twenty or so volunteers in a garage in its early days, l\u2019Auberge Des Migrants -through its two projects and the Calais warehouse- now provides 118,000 hours of voluntary work a year, each devoted to improving the lives of thousands of exiles stranded at the border.<\/p>\n\n\n\n<p>None of this would have been possible without all the donors and volunteers who have joined us over the years, and for that we can never thank you enough.<br><br>What does the future hold for us? We don't know, but in view of the migration policies being pursued in France and Europe, we know that the fight is not over, and we are prepared to fight it alongside you for as long as necessary.<\/p>\n\n\n\n<p><\/p>","protected":false},"excerpt":{"rendered":"<p>Fin 2023, L&rsquo;Auberge des Migrants a f\u00eat\u00e9&nbsp;ses 15 ans d&rsquo;action humanitaire \u00e0 la fronti\u00e8re Franco-Britannique.&nbsp;&nbsp;Au fil des ann\u00e9es, l&rsquo;association s&rsquo;est adapt\u00e9e afin de r\u00e9pondre au mieux aux besoins du terrain.&nbsp;&nbsp;&nbsp;Notre mission est non seulement d&rsquo;apporter de l&rsquo;aide directe&nbsp;sur le terrain, mais aussi d&rsquo;assurer l&rsquo;existence d&rsquo;une plateforme logistique et humanitaire, r\u00e9unissant diff\u00e9rentes associations.&nbsp;&nbsp;Au sein de l&rsquo;entrep\u00f4t [&hellip;]<\/p>","protected":false},"author":2,"featured_media":1585,"parent":1147,"menu_order":0,"comment_status":"closed","ping_status":"closed","template":"","meta":{"footnotes":""},"class_list":["post-221","page","type-page","status-publish","has-post-thumbnail","hentry"],"_links":{"self":[{"href":"https:\/\/laubergedesmigrants.fr\/en\/wp-json\/wp\/v2\/pages\/221","targetHints":{"allow":["GET"]}}],"collection":[{"href":"https:\/\/laubergedesmigrants.fr\/en\/wp-json\/wp\/v2\/pages"}],"about":[{"href":"https:\/\/laubergedesmigrants.fr\/en\/wp-json\/wp\/v2\/types\/page"}],"author":[{"embeddable":true,"href":"https:\/\/laubergedesmigrants.fr\/en\/wp-json\/wp\/v2\/users\/2"}],"replies":[{"embeddable":true,"href":"https:\/\/laubergedesmigrants.fr\/en\/wp-json\/wp\/v2\/comments?post=221"}],"version-history":[{"count":41,"href":"https:\/\/laubergedesmigrants.fr\/en\/wp-json\/wp\/v2\/pages\/221\/revisions"}],"predecessor-version":[{"id":1811,"href":"https:\/\/laubergedesmigrants.fr\/en\/wp-json\/wp\/v2\/pages\/221\/revisions\/1811"}],"up":[{"embeddable":true,"href":"https:\/\/laubergedesmigrants.fr\/en\/wp-json\/wp\/v2\/pages\/1147"}],"wp:featuredmedia":[{"embeddable":true,"href":"https:\/\/laubergedesmigrants.fr\/en\/wp-json\/wp\/v2\/media\/1585"}],"wp:attachment":[{"href":"https:\/\/laubergedesmigrants.fr\/en\/wp-json\/wp\/v2\/media?parent=221"}],"curies":[{"name":"wp","href":"https:\/\/api.w.org\/{rel}","templated":true}]}}