{"id":214,"date":"2023-04-03T13:32:03","date_gmt":"2023-04-03T13:32:03","guid":{"rendered":"https:\/\/laubergedesmigrants.fr\/?page_id=214"},"modified":"2024-03-25T08:30:19","modified_gmt":"2024-03-25T08:30:19","slug":"news","status":"publish","type":"page","link":"https:\/\/laubergedesmigrants.fr\/en\/lauberge-des-migrants\/news\/","title":{"rendered":"Context"},"content":{"rendered":"<h2 class=\"wp-block-heading\">What's the situation on the northern border in 2024?<\/h2>\n\n\n\n<p>You've probably already heard of the famous \"Grande Jungle\" in Calais. This shantytown, once the largest in Europ, was destroyed by the authorities in 2016, and its occupants dispersed.<\/p>\n\n\n\n<p>This event is far from having put an end to the presence of exiles on the northern coast, where&nbsp;<strong>tens of thousands of them pass through every year<\/strong>. Since then, France has launched a national policy to try and prevent the re-establishment of such a place. The exiles stranded near the Channel coast, awaiting eventual passage to the United Kingdom, find themselves constantly hunted down, harassed and made invisible. Expelled far from the eyes of the world.<\/p>\n\n\n\n<figure class=\"wp-block-gallery alignfull has-nested-images columns-default is-cropped wp-block-gallery-1 is-layout-flex wp-block-gallery-is-layout-flex\">\n<figure class=\"wp-block-image size-large\"><img loading=\"lazy\" decoding=\"async\" width=\"1024\" height=\"577\" data-id=\"862\" src=\"https:\/\/laubergedesmigrants.fr\/wp-content\/uploads\/2023\/07\/20211231_090352-1024x577.jpg\" alt=\"\" class=\"wp-image-862\" srcset=\"https:\/\/laubergedesmigrants.fr\/wp-content\/uploads\/2023\/07\/20211231_090352-1024x577.jpg 1024w, https:\/\/laubergedesmigrants.fr\/wp-content\/uploads\/2023\/07\/20211231_090352-300x169.jpg 300w, https:\/\/laubergedesmigrants.fr\/wp-content\/uploads\/2023\/07\/20211231_090352-768x432.jpg 768w, https:\/\/laubergedesmigrants.fr\/wp-content\/uploads\/2023\/07\/20211231_090352-1600x901.jpg 1600w, https:\/\/laubergedesmigrants.fr\/wp-content\/uploads\/2023\/07\/20211231_090352-1536x865.jpg 1536w, https:\/\/laubergedesmigrants.fr\/wp-content\/uploads\/2023\/07\/20211231_090352-2048x1153.jpg 2048w, https:\/\/laubergedesmigrants.fr\/wp-content\/uploads\/2023\/07\/20211231_090352-18x10.jpg 18w, https:\/\/laubergedesmigrants.fr\/wp-content\/uploads\/2023\/07\/20211231_090352-200x113.jpg 200w\" sizes=\"auto, (max-width: 1024px) 100vw, 1024px\" \/><\/figure>\n\n\n\n<figure class=\"wp-block-image size-large\"><img loading=\"lazy\" decoding=\"async\" width=\"1024\" height=\"1024\" data-id=\"882\" src=\"https:\/\/laubergedesmigrants.fr\/wp-content\/uploads\/2023\/07\/20211011_170024-1024x1024.jpg\" alt=\"\" class=\"wp-image-882\" srcset=\"https:\/\/laubergedesmigrants.fr\/wp-content\/uploads\/2023\/07\/20211011_170024-1024x1024.jpg 1024w, https:\/\/laubergedesmigrants.fr\/wp-content\/uploads\/2023\/07\/20211011_170024-300x300.jpg 300w, https:\/\/laubergedesmigrants.fr\/wp-content\/uploads\/2023\/07\/20211011_170024-150x150.jpg 150w, https:\/\/laubergedesmigrants.fr\/wp-content\/uploads\/2023\/07\/20211011_170024-768x768.jpg 768w, https:\/\/laubergedesmigrants.fr\/wp-content\/uploads\/2023\/07\/20211011_170024-1600x1600.jpg 1600w\" sizes=\"auto, (max-width: 1024px) 100vw, 1024px\" \/><\/figure>\n\n\n\n<figure class=\"wp-block-image size-large\"><img loading=\"lazy\" decoding=\"async\" width=\"1024\" height=\"1024\" data-id=\"891\" src=\"https:\/\/laubergedesmigrants.fr\/wp-content\/uploads\/2023\/07\/20211011_164652-1-1024x1024.jpg\" alt=\"\" class=\"wp-image-891\" srcset=\"https:\/\/laubergedesmigrants.fr\/wp-content\/uploads\/2023\/07\/20211011_164652-1-1024x1024.jpg 1024w, https:\/\/laubergedesmigrants.fr\/wp-content\/uploads\/2023\/07\/20211011_164652-1-300x300.jpg 300w, https:\/\/laubergedesmigrants.fr\/wp-content\/uploads\/2023\/07\/20211011_164652-1-150x150.jpg 150w, https:\/\/laubergedesmigrants.fr\/wp-content\/uploads\/2023\/07\/20211011_164652-1-768x768.jpg 768w, https:\/\/laubergedesmigrants.fr\/wp-content\/uploads\/2023\/07\/20211011_164652-1-1600x1600.jpg 1600w\" sizes=\"auto, (max-width: 1024px) 100vw, 1024px\" \/><\/figure>\n\n\n\n<figure class=\"wp-block-image size-large\"><img loading=\"lazy\" decoding=\"async\" width=\"1024\" height=\"1024\" data-id=\"885\" src=\"https:\/\/laubergedesmigrants.fr\/wp-content\/uploads\/2023\/07\/20210914_053905-1024x1024.jpg\" alt=\"\" class=\"wp-image-885\" srcset=\"https:\/\/laubergedesmigrants.fr\/wp-content\/uploads\/2023\/07\/20210914_053905-1024x1024.jpg 1024w, https:\/\/laubergedesmigrants.fr\/wp-content\/uploads\/2023\/07\/20210914_053905-300x300.jpg 300w, https:\/\/laubergedesmigrants.fr\/wp-content\/uploads\/2023\/07\/20210914_053905-150x150.jpg 150w, https:\/\/laubergedesmigrants.fr\/wp-content\/uploads\/2023\/07\/20210914_053905-768x768.jpg 768w, https:\/\/laubergedesmigrants.fr\/wp-content\/uploads\/2023\/07\/20210914_053905-1600x1600.jpg 1600w\" sizes=\"auto, (max-width: 1024px) 100vw, 1024px\" \/><\/figure>\n\n\n\n<figure class=\"wp-block-image size-large\"><img loading=\"lazy\" decoding=\"async\" width=\"1024\" height=\"1024\" data-id=\"886\" src=\"https:\/\/laubergedesmigrants.fr\/wp-content\/uploads\/2023\/07\/20211031_161327-1024x1024.jpg\" alt=\"\" class=\"wp-image-886\" srcset=\"https:\/\/laubergedesmigrants.fr\/wp-content\/uploads\/2023\/07\/20211031_161327-1024x1024.jpg 1024w, https:\/\/laubergedesmigrants.fr\/wp-content\/uploads\/2023\/07\/20211031_161327-300x300.jpg 300w, https:\/\/laubergedesmigrants.fr\/wp-content\/uploads\/2023\/07\/20211031_161327-150x150.jpg 150w, https:\/\/laubergedesmigrants.fr\/wp-content\/uploads\/2023\/07\/20211031_161327-768x768.jpg 768w, https:\/\/laubergedesmigrants.fr\/wp-content\/uploads\/2023\/07\/20211031_161327-1600x1600.jpg 1600w\" sizes=\"auto, (max-width: 1024px) 100vw, 1024px\" \/><\/figure>\n\n\n\n<figure class=\"wp-block-image size-large\"><img loading=\"lazy\" decoding=\"async\" width=\"1024\" height=\"1024\" data-id=\"1168\" src=\"https:\/\/laubergedesmigrants.fr\/wp-content\/uploads\/2024\/03\/20211013_091458-scaled-1-1024x1024.jpg\" alt=\"\" class=\"wp-image-1168\" srcset=\"https:\/\/laubergedesmigrants.fr\/wp-content\/uploads\/2024\/03\/20211013_091458-scaled-1-1024x1024.jpg 1024w, https:\/\/laubergedesmigrants.fr\/wp-content\/uploads\/2024\/03\/20211013_091458-scaled-1-300x300.jpg 300w, https:\/\/laubergedesmigrants.fr\/wp-content\/uploads\/2024\/03\/20211013_091458-scaled-1-150x150.jpg 150w, https:\/\/laubergedesmigrants.fr\/wp-content\/uploads\/2024\/03\/20211013_091458-scaled-1-768x768.jpg 768w, https:\/\/laubergedesmigrants.fr\/wp-content\/uploads\/2024\/03\/20211013_091458-scaled-1-1536x1536.jpg 1536w, https:\/\/laubergedesmigrants.fr\/wp-content\/uploads\/2024\/03\/20211013_091458-scaled-1-2048x2048.jpg 2048w, https:\/\/laubergedesmigrants.fr\/wp-content\/uploads\/2024\/03\/20211013_091458-scaled-1-12x12.jpg 12w\" sizes=\"auto, (max-width: 1024px) 100vw, 1024px\" \/><\/figure>\n<\/figure>\n\n\n\n<p>During the weeks, months and sometimes years they spend waiting in Calais, they have no choice but to set up the tents and tarpaulins they use as shelter in woods, under bridges, on wasteland and in other isolated places from which they are evicted by the police every 48 hours.&nbsp;<strong>A humanitarian crisis is unfolding on French soil, hidden from view.<\/strong><\/p>\n\n\n\n<p>This constant harassment, combined with the state's deliberate lack of access to water, food, healthcare, hygiene and other basic needs, means that they are kept in&nbsp;<strong>inhuman living conditions<\/strong>.<\/p>\n\n\n\n<blockquote class=\"wp-block-quote is-layout-flow wp-block-quote-is-layout-flow\">\n<p>It is our mission as associations to help alleviate the hardship they face at this time in their lives.<\/p>\n<\/blockquote>\n\n\n\n<div style=\"height:32px\" aria-hidden=\"true\" class=\"wp-block-spacer\"><\/div>\n\n\n\n<hr class=\"wp-block-separator has-alpha-channel-opacity\"\/>\n\n\n\n<div style=\"height:32px\" aria-hidden=\"true\" class=\"wp-block-spacer\"><\/div>\n\n\n\n<div class=\"wp-block-cover alignwide is-light\" style=\"border-radius:8px\"><span aria-hidden=\"true\" class=\"wp-block-cover__background has-background-dim-10 has-background-dim\"><\/span><div class=\"wp-block-cover__inner-container is-layout-flow wp-block-cover-is-layout-flow\">\n<div class=\"wp-block-group alignfull is-vertical is-layout-flex wp-container-core-group-is-layout-fe9cc265 wp-block-group-is-layout-flex\">\n<div class=\"wp-block-media-text alignfull has-media-on-the-right is-stacked-on-mobile is-vertically-aligned-center\" style=\"grid-template-columns:auto 32%\"><div class=\"wp-block-media-text__content\">\n<h3 class=\"wp-block-heading has-text-align-center has-text-color\" style=\"color:#000000\"><strong>More<\/strong><\/h3>\n\n\n\n<p>A range of resources to help you understand the situation on the Franco-British border.<\/p>\n\n\n\n<div class=\"wp-block-buttons is-layout-flex wp-block-buttons-is-layout-flex\">\n<div class=\"wp-block-button\"><a class=\"wp-block-button__link wp-element-button\" href=\"https:\/\/laubergedesmigrants.fr\/en\/news\/aller-plus-loin\/\">More<\/a><\/div>\n<\/div>\n<\/div><figure class=\"wp-block-media-text__media\"><img loading=\"lazy\" decoding=\"async\" width=\"1024\" height=\"1024\" src=\"https:\/\/laubergedesmigrants.fr\/wp-content\/uploads\/2024\/02\/1-2-1024x1024.jpg\" alt=\"\" class=\"wp-image-1114 size-full\" srcset=\"https:\/\/laubergedesmigrants.fr\/wp-content\/uploads\/2024\/02\/1-2-1024x1024.jpg 1024w, https:\/\/laubergedesmigrants.fr\/wp-content\/uploads\/2024\/02\/1-2-300x300.jpg 300w, https:\/\/laubergedesmigrants.fr\/wp-content\/uploads\/2024\/02\/1-2-150x150.jpg 150w, https:\/\/laubergedesmigrants.fr\/wp-content\/uploads\/2024\/02\/1-2-768x768.jpg 768w, https:\/\/laubergedesmigrants.fr\/wp-content\/uploads\/2024\/02\/1-2-12x12.jpg 12w, https:\/\/laubergedesmigrants.fr\/wp-content\/uploads\/2024\/02\/1-2-200x200.jpg 200w, https:\/\/laubergedesmigrants.fr\/wp-content\/uploads\/2024\/02\/1-2.jpg 1080w\" sizes=\"auto, (max-width: 1024px) 100vw, 1024px\" \/><\/figure><\/div>\n<\/div>\n<\/div><\/div>","protected":false},"excerpt":{"rendered":"<p>Quelle est la situation \u00e0 la fronti\u00e8re nord en 2024&nbsp;? Vous avez surement d\u00e9j\u00e0 entendu parler de la fameuse \u00ab&nbsp;Grande Jungle&nbsp;\u00bb de Calais. Ce bidonville, qui \u00e9tait en son temps le plus grand d\u2019Europe, fut d\u00e9truit par les autorit\u00e9s en 2016, et ses occupants, dispers\u00e9s. Cet \u00e9v\u00e8nement est loin d\u2019avoir mis fin \u00e0 la pr\u00e9sence [&hellip;]<\/p>","protected":false},"author":2,"featured_media":864,"parent":1147,"menu_order":2,"comment_status":"closed","ping_status":"closed","template":"","meta":{"footnotes":""},"class_list":["post-214","page","type-page","status-publish","has-post-thumbnail","hentry"],"_links":{"self":[{"href":"https:\/\/laubergedesmigrants.fr\/en\/wp-json\/wp\/v2\/pages\/214","targetHints":{"allow":["GET"]}}],"collection":[{"href":"https:\/\/laubergedesmigrants.fr\/en\/wp-json\/wp\/v2\/pages"}],"about":[{"href":"https:\/\/laubergedesmigrants.fr\/en\/wp-json\/wp\/v2\/types\/page"}],"author":[{"embeddable":true,"href":"https:\/\/laubergedesmigrants.fr\/en\/wp-json\/wp\/v2\/users\/2"}],"replies":[{"embeddable":true,"href":"https:\/\/laubergedesmigrants.fr\/en\/wp-json\/wp\/v2\/comments?post=214"}],"version-history":[{"count":30,"href":"https:\/\/laubergedesmigrants.fr\/en\/wp-json\/wp\/v2\/pages\/214\/revisions"}],"predecessor-version":[{"id":1584,"href":"https:\/\/laubergedesmigrants.fr\/en\/wp-json\/wp\/v2\/pages\/214\/revisions\/1584"}],"up":[{"embeddable":true,"href":"https:\/\/laubergedesmigrants.fr\/en\/wp-json\/wp\/v2\/pages\/1147"}],"wp:featuredmedia":[{"embeddable":true,"href":"https:\/\/laubergedesmigrants.fr\/en\/wp-json\/wp\/v2\/media\/864"}],"wp:attachment":[{"href":"https:\/\/laubergedesmigrants.fr\/en\/wp-json\/wp\/v2\/media?parent=214"}],"curies":[{"name":"wp","href":"https:\/\/api.w.org\/{rel}","templated":true}]}}