{"id":17,"date":"2022-11-10T13:39:30","date_gmt":"2022-11-10T13:39:30","guid":{"rendered":"https:\/\/laubergedesmigrants.fr\/?page_id=17"},"modified":"2025-04-25T08:44:28","modified_gmt":"2025-04-25T08:44:28","slug":"our-partners","status":"publish","type":"page","link":"https:\/\/laubergedesmigrants.fr\/en\/lauberge-des-migrants\/our-partners\/","title":{"rendered":"Our partners"},"content":{"rendered":"<div class=\"wp-block-group alignwide action has-global-padding is-layout-constrained wp-block-group-is-layout-constrained\">\n<h2 class=\"wp-block-heading has-text-align-center\" style=\"font-style:normal;font-weight:800;text-transform:none\">Direct partners<\/h2>\n\n\n\n<h3 class=\"wp-block-heading has-text-align-center\" style=\"font-style:normal;font-weight:800;text-transform:none\">Pr\u00e9sents \u00e0 l&rsquo;entrep\u00f4t de l&rsquo;Auberge des Migrants<\/h3>\n\n\n\n<div class=\"wp-block-columns alignwide is-layout-flex wp-container-core-columns-is-layout-28f84493 wp-block-columns-is-layout-flex\">\n<div class=\"wp-block-column is-layout-flow wp-container-core-column-is-layout-e3d1c41b wp-block-column-is-layout-flow\">\n<figure class=\"wp-block-image aligncenter size-medium is-resized\"><img loading=\"lazy\" decoding=\"async\" width=\"300\" height=\"192\" src=\"https:\/\/laubergedesmigrants.fr\/wp-content\/uploads\/2023\/04\/Utopia_56_logo-1-300x192.jpeg\" alt=\"Utopia 56\" class=\"wp-image-292\" style=\"width:191px;height:auto\" srcset=\"https:\/\/laubergedesmigrants.fr\/wp-content\/uploads\/2023\/04\/Utopia_56_logo-1-300x192.jpeg 300w, https:\/\/laubergedesmigrants.fr\/wp-content\/uploads\/2023\/04\/Utopia_56_logo-1-1024x654.jpeg 1024w, https:\/\/laubergedesmigrants.fr\/wp-content\/uploads\/2023\/04\/Utopia_56_logo-1-768x490.jpeg 768w, https:\/\/laubergedesmigrants.fr\/wp-content\/uploads\/2023\/04\/Utopia_56_logo-1-18x12.jpeg 18w, https:\/\/laubergedesmigrants.fr\/wp-content\/uploads\/2023\/04\/Utopia_56_logo-1.jpeg 1095w\" sizes=\"auto, (max-width: 300px) 100vw, 300px\" \/><\/figure>\n\n\n\n<div class=\"wp-block-buttons is-content-justification-center is-layout-flex wp-container-core-buttons-is-layout-a89b3969 wp-block-buttons-is-layout-flex\">\n<div class=\"wp-block-button has-custom-width wp-block-button__width-100 is-style-fill\"><a class=\"wp-block-button__link has-accent-3-background-color has-background has-text-align-center wp-element-button\" href=\"https:\/\/utopia56.org\/\" target=\"_blank\" rel=\"noreferrer noopener\">Discover Utopia 56<\/a><\/div>\n<\/div>\n\n\n\n<p class=\"has-text-align-left\">Utopia 56 provides emergency aid to exiles, day and night.<\/p>\n<\/div>\n\n\n\n<div class=\"wp-block-column is-layout-flow wp-block-column-is-layout-flow\">\n<figure class=\"wp-block-image aligncenter size-medium is-resized\"><img loading=\"lazy\" decoding=\"async\" width=\"300\" height=\"300\" src=\"https:\/\/laubergedesmigrants.fr\/wp-content\/uploads\/2025\/03\/WhatsApp-Image-2025-03-14-at-15.58.13-300x300.jpeg\" alt=\"\" class=\"wp-image-2614\" style=\"width:119px;height:auto\" srcset=\"https:\/\/laubergedesmigrants.fr\/wp-content\/uploads\/2025\/03\/WhatsApp-Image-2025-03-14-at-15.58.13-300x300.jpeg 300w, https:\/\/laubergedesmigrants.fr\/wp-content\/uploads\/2025\/03\/WhatsApp-Image-2025-03-14-at-15.58.13-1024x1024.jpeg 1024w, https:\/\/laubergedesmigrants.fr\/wp-content\/uploads\/2025\/03\/WhatsApp-Image-2025-03-14-at-15.58.13-150x150.jpeg 150w, https:\/\/laubergedesmigrants.fr\/wp-content\/uploads\/2025\/03\/WhatsApp-Image-2025-03-14-at-15.58.13-768x768.jpeg 768w, https:\/\/laubergedesmigrants.fr\/wp-content\/uploads\/2025\/03\/WhatsApp-Image-2025-03-14-at-15.58.13-1536x1536.jpeg 1536w, https:\/\/laubergedesmigrants.fr\/wp-content\/uploads\/2025\/03\/WhatsApp-Image-2025-03-14-at-15.58.13-12x12.jpeg 12w, https:\/\/laubergedesmigrants.fr\/wp-content\/uploads\/2025\/03\/WhatsApp-Image-2025-03-14-at-15.58.13.jpeg 1600w\" sizes=\"auto, (max-width: 300px) 100vw, 300px\" \/><\/figure>\n\n\n\n<div class=\"wp-block-buttons is-content-justification-center is-layout-flex wp-container-core-buttons-is-layout-a89b3969 wp-block-buttons-is-layout-flex\">\n<div class=\"wp-block-button has-custom-width wp-block-button__width-100\"><a class=\"wp-block-button__link has-accent-3-background-color has-background wp-element-button\" href=\"https:\/\/lacapuche.e-monsite.com\" target=\"_blank\" rel=\"noreferrer noopener\">D\u00e9couvrir la Capuche Mobilis\u00e9e<\/a><\/div>\n<\/div>\n\n\n\n<p class=\"has-text-align-left\">La Capuche Mobilis\u00e9e a pris le relai de Collective Aid depuis le 1er janvier 2025 pour la distribution de tentes et de couvertures, essentielle du fait de l&rsquo;absence quasi totale d&rsquo;h\u00e9bergement.<\/p>\n<\/div>\n\n\n\n<div class=\"wp-block-column is-layout-flow wp-block-column-is-layout-flow\">\n<figure class=\"wp-block-image aligncenter size-medium is-resized\"><img loading=\"lazy\" decoding=\"async\" width=\"300\" height=\"261\" src=\"https:\/\/laubergedesmigrants.fr\/wp-content\/uploads\/2023\/04\/Capture-decran-2023-04-17-a-14.21.02-1-300x261.png\" alt=\"\" class=\"wp-image-316\" style=\"width:auto;height:120px\" srcset=\"https:\/\/laubergedesmigrants.fr\/wp-content\/uploads\/2023\/04\/Capture-decran-2023-04-17-a-14.21.02-1-300x261.png 300w, https:\/\/laubergedesmigrants.fr\/wp-content\/uploads\/2023\/04\/Capture-decran-2023-04-17-a-14.21.02-1-768x669.png 768w, https:\/\/laubergedesmigrants.fr\/wp-content\/uploads\/2023\/04\/Capture-decran-2023-04-17-a-14.21.02-1-14x12.png 14w, https:\/\/laubergedesmigrants.fr\/wp-content\/uploads\/2023\/04\/Capture-decran-2023-04-17-a-14.21.02-1.png 960w\" sizes=\"auto, (max-width: 300px) 100vw, 300px\" \/><\/figure>\n\n\n\n<div class=\"wp-block-buttons is-content-justification-center is-layout-flex wp-container-core-buttons-is-layout-a89b3969 wp-block-buttons-is-layout-flex\">\n<div class=\"wp-block-button has-custom-width wp-block-button__width-100\"><a class=\"wp-block-button__link has-accent-3-background-color has-background has-text-align-center wp-element-button\" href=\"https:\/\/refugeecommunitykitchen.org\/\" target=\"_blank\" rel=\"noreferrer noopener\">Discover Refugee Community Kitchen<\/a><\/div>\n<\/div>\n\n\n\n<p class=\"has-text-align-left\">The Refugee Community Kitchen produces nearly<strong>&nbsp;2&nbsp;000 repas&nbsp;<\/strong>every day in the warehouse kitchens, for distribution to Calais and Dunkirk.<\/p>\n<\/div>\n<\/div>\n\n\n\n<div style=\"height:43px\" aria-hidden=\"true\" class=\"wp-block-spacer\"><\/div>\n\n\n\n<div class=\"wp-block-columns alignwide is-layout-flex wp-container-core-columns-is-layout-28f84493 wp-block-columns-is-layout-flex\">\n<div class=\"wp-block-column is-layout-flow wp-block-column-is-layout-flow\">\n<figure class=\"wp-block-image aligncenter size-full is-resized\"><img loading=\"lazy\" decoding=\"async\" width=\"225\" height=\"225\" src=\"https:\/\/laubergedesmigrants.fr\/wp-content\/uploads\/2022\/12\/partners_food.jpeg\" alt=\"\" class=\"wp-image-140\" style=\"width:auto;height:120px\"\/><\/figure>\n\n\n\n<div class=\"wp-block-buttons is-content-justification-center is-layout-flex wp-container-core-buttons-is-layout-a89b3969 wp-block-buttons-is-layout-flex\">\n<div class=\"wp-block-button has-custom-width wp-block-button__width-100\"><a class=\"wp-block-button__link has-accent-3-background-color has-background wp-element-button\" href=\"https:\/\/calaisfood.wixsite.com\/calaisfood?lang=fr\" target=\"_blank\" rel=\"noreferrer noopener\">Discover Calais Food Collective<\/a><\/div>\n<\/div>\n\n\n\n<p class=\"has-text-align-left\" style=\"font-style:normal;font-weight:200\">Calais Food Collective is a project created during the containment measures following the Covid19 pandemic, to ensure food security for people living on the streets by distributing food parcels.<\/p>\n<\/div>\n\n\n\n<div class=\"wp-block-column is-layout-flow wp-block-column-is-layout-flow\">\n<figure class=\"wp-block-image aligncenter size-full is-resized\"><img loading=\"lazy\" decoding=\"async\" width=\"1000\" height=\"1000\" src=\"https:\/\/laubergedesmigrants.fr\/wp-content\/uploads\/2022\/12\/partners_women.png\" alt=\"\" class=\"wp-image-144\" style=\"width:auto;height:120px\"\/><\/figure>\n\n\n\n<div class=\"wp-block-buttons is-content-justification-center is-layout-flex wp-container-core-buttons-is-layout-a89b3969 wp-block-buttons-is-layout-flex\">\n<div class=\"wp-block-button has-custom-width wp-block-button__width-100\"><a class=\"wp-block-button__link has-accent-3-background-color has-background wp-element-button\" href=\"https:\/\/www.facebook.com\/refugeewomenscentre\/\" target=\"_blank\" rel=\"noreferrer noopener\">Discover Refugee Women\u2019s Center<\/a><\/div>\n<\/div>\n\n\n\n<p class=\"has-text-align-left\" style=\"font-style:normal;font-weight:200\">Operating in Calais, Dunkirk and Grand-Synthe, the Refugee Women's Center offers shelter to women and children.<\/p>\n<\/div>\n\n\n\n<div class=\"wp-block-column is-layout-flow wp-block-column-is-layout-flow\">\n<figure class=\"wp-block-image aligncenter size-full is-resized\"><img loading=\"lazy\" decoding=\"async\" width=\"500\" height=\"500\" src=\"https:\/\/laubergedesmigrants.fr\/wp-content\/uploads\/2023\/01\/play_logo.png\" alt=\"\" class=\"wp-image-168\" style=\"object-fit:contain;width:222px;height:120px\"\/><\/figure>\n\n\n\n<div class=\"wp-block-buttons is-content-justification-center is-layout-flex wp-container-core-buttons-is-layout-a89b3969 wp-block-buttons-is-layout-flex\">\n<div class=\"wp-block-button has-custom-width wp-block-button__width-100\"><a class=\"wp-block-button__link has-accent-3-background-color has-background wp-element-button\" href=\"https:\/\/www.project-play.org\/\" target=\"_blank\" rel=\"noreferrer noopener\">Discover Project Play <\/a><\/div>\n<\/div>\n\n\n\n<p class=\"has-text-align-left\" style=\"font-style:normal;font-weight:200\">Project Play provides play spaces for exiled children in northern France to mitigate the impact of trauma and help build resilience.<a href=\"https:\/\/www.project-play.org\/\"><\/a><\/p>\n<\/div>\n<\/div>\n<\/div>\n\n\n\n<div style=\"height:58px\" aria-hidden=\"true\" class=\"wp-block-spacer\"><\/div>\n\n\n\n<div class=\"wp-block-columns is-layout-flex wp-container-core-columns-is-layout-28f84493 wp-block-columns-is-layout-flex\">\n<div class=\"wp-block-column is-layout-flow wp-block-column-is-layout-flow\" style=\"flex-basis:33.33%\">\n<figure class=\"wp-block-image size-medium is-style-rounded is-style-rounded--1\"><img loading=\"lazy\" decoding=\"async\" width=\"300\" height=\"300\" src=\"https:\/\/laubergedesmigrants.fr\/wp-content\/uploads\/2023\/04\/PqVWogKe_400x400-300x300.jpeg\" alt=\"\" class=\"wp-image-307\" style=\"object-fit:cover\" srcset=\"https:\/\/laubergedesmigrants.fr\/wp-content\/uploads\/2023\/04\/PqVWogKe_400x400-300x300.jpeg 300w, https:\/\/laubergedesmigrants.fr\/wp-content\/uploads\/2023\/04\/PqVWogKe_400x400-150x150.jpeg 150w, https:\/\/laubergedesmigrants.fr\/wp-content\/uploads\/2023\/04\/PqVWogKe_400x400-12x12.jpeg 12w, https:\/\/laubergedesmigrants.fr\/wp-content\/uploads\/2023\/04\/PqVWogKe_400x400.jpeg 400w\" sizes=\"auto, (max-width: 300px) 100vw, 300px\" \/><\/figure>\n<\/div>\n\n\n\n<div class=\"wp-block-column is-layout-flow wp-block-column-is-layout-flow\" style=\"flex-basis:66.66%\">\n<p class=\"has-text-align-left\" style=\"font-style:normal;font-weight:200\">As a group of humanitarian associations based in Calais, we have been sharing resources and expertise for several years. <\/p>\n\n\n\n<p class=\"has-text-align-left\" style=\"font-style:normal;font-weight:200\">We are working together to provide firewood, food, water, clothing, access to information and shelter for people seeking protection.<\/p>\n\n\n\n<div class=\"wp-block-buttons is-content-justification-center is-layout-flex wp-container-core-buttons-is-layout-a89b3969 wp-block-buttons-is-layout-flex\">\n<div class=\"wp-block-button has-custom-width wp-block-button__width-100\"><a class=\"wp-block-button__link has-accent-3-background-color has-background wp-element-button\" href=\"https:\/\/www.calaisappeal.co.uk\/\" target=\"_blank\" rel=\"noreferrer noopener\">Discover Calais Appeal<\/a><\/div>\n<\/div>\n<\/div>\n<\/div>\n\n\n\n<div style=\"height:100px\" aria-hidden=\"true\" class=\"wp-block-spacer\"><\/div>\n\n\n\n<h2 class=\"wp-block-heading has-text-align-center\"><\/h2>\n\n\n\n<hr class=\"wp-block-separator has-alpha-channel-opacity\"\/>\n\n\n\n<div style=\"height:32px\" aria-hidden=\"true\" class=\"wp-block-spacer\"><\/div>\n\n\n\n<div class=\"wp-block-cover alignwide is-light\" style=\"border-radius:8px\"><span aria-hidden=\"true\" class=\"wp-block-cover__background has-background-dim-10 has-background-dim\"><\/span><div class=\"wp-block-cover__inner-container is-layout-flow wp-block-cover-is-layout-flow\">\n<div class=\"wp-block-group alignfull is-vertical is-layout-flex wp-container-core-group-is-layout-fe9cc265 wp-block-group-is-layout-flex\">\n<div class=\"wp-block-media-text alignfull has-media-on-the-right is-stacked-on-mobile is-vertically-aligned-center\" style=\"grid-template-columns:auto 32%\"><div class=\"wp-block-media-text__content\">\n<h3 class=\"wp-block-heading has-text-align-center has-text-color\" style=\"color:#000000\"><strong>Ils nous soutiennent<\/strong><\/h3>\n\n\n\n<p>Les fonds priv\u00e9s et les fondations qui nous soutiennent <\/p>\n\n\n\n<div class=\"wp-block-buttons is-layout-flex wp-block-buttons-is-layout-flex\">\n<div class=\"wp-block-button\"><a class=\"wp-block-button__link wp-element-button\" href=\"https:\/\/laubergedesmigrants.fr\/en\/lauberge-des-migrants\/our-partners\/ils-nous-soutiennent\/\">Ils nous soutiennent<\/a><\/div>\n<\/div>\n<\/div><figure class=\"wp-block-media-text__media\"><img loading=\"lazy\" decoding=\"async\" width=\"1024\" height=\"1024\" src=\"https:\/\/laubergedesmigrants.fr\/wp-content\/uploads\/2025\/04\/LE-GROUPE-DECES-1024x1024.jpg\" alt=\"\" class=\"wp-image-2791 size-full\" srcset=\"https:\/\/laubergedesmigrants.fr\/wp-content\/uploads\/2025\/04\/LE-GROUPE-DECES-1024x1024.jpg 1024w, https:\/\/laubergedesmigrants.fr\/wp-content\/uploads\/2025\/04\/LE-GROUPE-DECES-300x300.jpg 300w, https:\/\/laubergedesmigrants.fr\/wp-content\/uploads\/2025\/04\/LE-GROUPE-DECES-150x150.jpg 150w, https:\/\/laubergedesmigrants.fr\/wp-content\/uploads\/2025\/04\/LE-GROUPE-DECES-768x768.jpg 768w, https:\/\/laubergedesmigrants.fr\/wp-content\/uploads\/2025\/04\/LE-GROUPE-DECES-12x12.jpg 12w, https:\/\/laubergedesmigrants.fr\/wp-content\/uploads\/2025\/04\/LE-GROUPE-DECES.jpg 1080w\" sizes=\"auto, (max-width: 1024px) 100vw, 1024px\" \/><\/figure><\/div>\n<\/div>\n<\/div><\/div>\n\n\n\n<p class=\"has-text-align-center\"><\/p>\n\n\n\n<p><\/p>","protected":false},"excerpt":{"rendered":"<p>L'Auberge des Migrants acts as an \"umbrella\" for several partner associations and projects, providing them with logistical (via our warehouse), financial, human and administrative support, and coordinating our actions to diversify our services.<\/p>","protected":false},"author":1,"featured_media":0,"parent":1147,"menu_order":98,"comment_status":"closed","ping_status":"closed","template":"","meta":{"footnotes":""},"class_list":["post-17","page","type-page","status-publish","hentry"],"_links":{"self":[{"href":"https:\/\/laubergedesmigrants.fr\/en\/wp-json\/wp\/v2\/pages\/17","targetHints":{"allow":["GET"]}}],"collection":[{"href":"https:\/\/laubergedesmigrants.fr\/en\/wp-json\/wp\/v2\/pages"}],"about":[{"href":"https:\/\/laubergedesmigrants.fr\/en\/wp-json\/wp\/v2\/types\/page"}],"author":[{"embeddable":true,"href":"https:\/\/laubergedesmigrants.fr\/en\/wp-json\/wp\/v2\/users\/1"}],"replies":[{"embeddable":true,"href":"https:\/\/laubergedesmigrants.fr\/en\/wp-json\/wp\/v2\/comments?post=17"}],"version-history":[{"count":86,"href":"https:\/\/laubergedesmigrants.fr\/en\/wp-json\/wp\/v2\/pages\/17\/revisions"}],"predecessor-version":[{"id":2792,"href":"https:\/\/laubergedesmigrants.fr\/en\/wp-json\/wp\/v2\/pages\/17\/revisions\/2792"}],"up":[{"embeddable":true,"href":"https:\/\/laubergedesmigrants.fr\/en\/wp-json\/wp\/v2\/pages\/1147"}],"wp:attachment":[{"href":"https:\/\/laubergedesmigrants.fr\/en\/wp-json\/wp\/v2\/media?parent=17"}],"curies":[{"name":"wp","href":"https:\/\/api.w.org\/{rel}","templated":true}]}}