{"id":1132,"date":"2024-03-03T22:30:20","date_gmt":"2024-03-03T22:30:20","guid":{"rendered":"https:\/\/laubergedesmigrants.fr\/?page_id=1132"},"modified":"2024-03-21T22:02:35","modified_gmt":"2024-03-21T22:02:35","slug":"nos-actions","status":"publish","type":"page","link":"https:\/\/laubergedesmigrants.fr\/en\/nos-actions\/","title":{"rendered":"Our actions"},"content":{"rendered":"<div class=\"wp-block-group alignfull has-base-2-color has-accent-3-background-color has-text-color has-background has-link-color wp-elements-dc8c9adcfcde4eba23239464a2fcd25f has-global-padding is-layout-constrained wp-container-core-group-is-layout-a307af8a wp-block-group-is-layout-constrained\" style=\"margin-top:0;margin-bottom:0;padding-top:0;padding-right:0;padding-bottom:0;padding-left:0;background-image:url(&apos;https:\/\/laubergedesmigrants.fr\/wp-content\/uploads\/2023\/07\/WhatsApp-Image-2022-01-27-at-12.52.54.jpeg&apos;);background-size:cover;\">\n<div class=\"wp-block-columns alignwide is-layout-flex wp-container-core-columns-is-layout-1da03c2a wp-block-columns-is-layout-flex\">\n<div class=\"wp-block-column is-vertically-aligned-stretch has-background is-layout-flow wp-block-column-is-layout-flow\" style=\"border-style:none;border-width:0px;background-color:#00000075;padding-top:var(--wp--preset--spacing--20);padding-right:var(--wp--preset--spacing--20);padding-bottom:var(--wp--preset--spacing--20);padding-left:var(--wp--preset--spacing--20);flex-basis:50%\">\n<div class=\"wp-block-group is-vertical is-content-justification-stretch is-layout-flex wp-container-core-group-is-layout-444d5ee8 wp-block-group-is-layout-flex\" style=\"min-height:100%\">\n<h2 class=\"wp-block-heading has-base-2-color has-text-color has-link-color has-x-large-font-size wp-elements-7226d463fb33688e446078e8fcf15b54\"><strong>Woodyard<\/strong><\/h2>\n\n\n\n<p class=\"has-large-font-size\">Since 2016, <strong>Woodyard <\/strong>has been distributing up to 10 tons of wood a week to people in exile in camps on the northern France-UK border, meeting essential winter needs. <\/p>\n\n\n\n<p class=\"has-medium-font-size\">The team works in solidarity, questioning the dynamics of oppression and humanitarian governance, offering autonomy to volunteers to better respond to the difficulties of living conditions on the border.<\/p>\n\n\n\n<div class=\"wp-block-group has-global-padding is-content-justification-left is-layout-constrained wp-container-core-group-is-layout-9fe8ed88 wp-block-group-is-layout-constrained\">\n<div class=\"wp-block-buttons is-layout-flex wp-block-buttons-is-layout-flex\">\n<div class=\"wp-block-button has-custom-width wp-block-button__width-100 is-style-fill\"><a class=\"wp-block-button__link has-accent-background-color has-background wp-element-button\" href=\"https:\/\/laubergedesmigrants.fr\/en\/nos-actions\/project-woodyard\/\">Discover Woodyard<\/a><\/div>\n<\/div>\n<\/div>\n<\/div>\n<\/div>\n<\/div>\n<\/div>\n\n\n\n<div class=\"wp-block-cover alignwide\" style=\"padding-top:0;padding-right:0;padding-bottom:0;padding-left:0\"><span aria-hidden=\"true\" class=\"wp-block-cover__background has-accent-3-background-color has-background-dim-100 has-background-dim\"><\/span><div class=\"wp-block-cover__inner-container is-layout-flow wp-block-cover-is-layout-flow\">\n<div class=\"wp-block-columns alignwide is-layout-flex wp-container-core-columns-is-layout-0d73c070 wp-block-columns-is-layout-flex\" style=\"border-style:none;border-width:0px;margin-top:0;margin-bottom:0;padding-right:var(--wp--preset--spacing--30);padding-left:var(--wp--preset--spacing--30)\">\n<div class=\"wp-block-column is-vertically-aligned-center is-layout-flow wp-block-column-is-layout-flow\" style=\"flex-basis:60%\">\n<figure class=\"wp-block-image size-full wp-duotone-unset-1\"><img loading=\"lazy\" decoding=\"async\" width=\"2560\" height=\"1439\" src=\"https:\/\/laubergedesmigrants.fr\/wp-content\/uploads\/2023\/07\/info-small-board-1-edited-scaled.jpg\" alt=\"Channel info project\" class=\"wp-image-661\" style=\"aspect-ratio:1;object-fit:cover\" srcset=\"https:\/\/laubergedesmigrants.fr\/wp-content\/uploads\/2023\/07\/info-small-board-1-edited-scaled.jpg 2560w, https:\/\/laubergedesmigrants.fr\/wp-content\/uploads\/2023\/07\/info-small-board-1-edited-300x169.jpg 300w, https:\/\/laubergedesmigrants.fr\/wp-content\/uploads\/2023\/07\/info-small-board-1-edited-1024x576.jpg 1024w, https:\/\/laubergedesmigrants.fr\/wp-content\/uploads\/2023\/07\/info-small-board-1-edited-768x432.jpg 768w, https:\/\/laubergedesmigrants.fr\/wp-content\/uploads\/2023\/07\/info-small-board-1-edited-1600x899.jpg 1600w\" sizes=\"auto, (max-width: 2560px) 100vw, 2560px\" \/><figcaption class=\"wp-element-caption\">The Channel Info Project<\/figcaption><\/figure>\n<\/div>\n\n\n\n<div class=\"wp-block-column is-layout-flow wp-container-core-column-is-layout-e4342926 wp-block-column-is-layout-flow\" style=\"padding-top:var(--wp--preset--spacing--10);padding-right:0;padding-bottom:var(--wp--preset--spacing--10);padding-left:0;flex-basis:50%\">\n<h2 class=\"wp-block-heading has-base-2-color has-text-color has-link-color has-x-large-font-size wp-elements-d2aa00dc965e0735b348937092aba22c\">Channel Info Project (CHIP)<\/h2>\n\n\n\n<p class=\"has-large-font-size\">Channel Info Project (CHIP), issu de l\u2019Auberge des Migrants, vise \u00e0 combler le manque d\u2019information des personnes exil\u00e9es en fournissant des services tels que la recharge \u00e9lectrique, l\u2019acc\u00e8s aux services essentiels, un guide multilingue, le cr\u00e9dit t\u00e9l\u00e9phonique, et des ateliers sur la demande d\u2019asile.<\/p>\n\n\n\n<p>We also advocate for dignified and sustainable access to services that meet the basic needs of people on the move.<\/p>\n\n\n\n<div class=\"wp-block-buttons is-layout-flex wp-block-buttons-is-layout-flex\">\n<div class=\"wp-block-button has-custom-width wp-block-button__width-100\"><a class=\"wp-block-button__link wp-element-button\" href=\"https:\/\/laubergedesmigrants.fr\/en\/nos-actions\/channel-info-project\/\">Discover Channel Info Project<\/a><\/div>\n<\/div>\n<\/div>\n<\/div>\n<\/div><\/div>\n\n\n\n<div style=\"height:100px\" aria-hidden=\"true\" class=\"wp-block-spacer\"><\/div>\n\n\n\n<h2 class=\"wp-block-heading\">Older projects<\/h2>\n\n\n\n<div class=\"wp-block-columns alignfull has-text-color has-background is-layout-flex wp-container-core-columns-is-layout-28f84493 wp-block-columns-is-layout-flex\" style=\"color:#000000;background-color:#ffffff\">\n<div class=\"wp-block-column is-layout-flow wp-block-column-is-layout-flow\">\n<h3 class=\"wp-block-heading\" style=\"font-size:clamp(15.747px, 0.984rem + ((1vw - 3.2px) * 0.86), 24px);line-height:1.3\"><a href=\"https:\/\/laubergedesmigrants.fr\/en\/nos-actions\/anciens-projets\/\" data-type=\"page\" data-id=\"935\">Human Rights Observers<\/a><\/h3>\n\n\n\n<p>Human Rights Observers is an observation body that aims to document and denounce state violence.<\/p>\n<\/div>\n\n\n\n<div class=\"wp-block-column is-layout-flow wp-block-column-is-layout-flow\">\n<h3 class=\"wp-block-heading\" style=\"font-size:clamp(15.747px, 0.984rem + ((1vw - 3.2px) * 0.86), 24px);line-height:1.3\"><a href=\"https:\/\/laubergedesmigrants.fr\/en\/nos-actions\/anciens-projets\/\" data-type=\"page\" data-id=\"935\">Calais <\/a><a href=\"https:\/\/laubergedesmigrants.fr\/en\/nos-actions\/anciens-projets\/#Calais-Food-Collective\" data-type=\"page\" data-id=\"935\">Food <\/a><a href=\"https:\/\/laubergedesmigrants.fr\/en\/nos-actions\/anciens-projets\/\" data-type=\"page\" data-id=\"935\">Collective<\/a><\/h3>\n\n\n\n<p>Calais Food Collective is an association supporting displaced people in Calais.<\/p>\n<\/div>\n\n\n\n<div class=\"wp-block-column is-layout-flow wp-block-column-is-layout-flow\">\n<h3 class=\"wp-block-heading\" style=\"font-size:clamp(15.747px, 0.984rem + ((1vw - 3.2px) * 0.86), 24px);line-height:1.3\"><a href=\"https:\/\/laubergedesmigrants.fr\/en\/nos-actions\/le-live-de-la-jungle\/#Le-live-de-la-jungle\" data-type=\"page\" data-id=\"1180\">Le Live de la Jungle<\/a><\/h3>\n\n\n\n<p>\"Le Live de la Jungle\" presents 39 testimonials from volunteers<\/p>\n<\/div>\n<\/div>\n\n\n\n<div style=\"height:100px\" aria-hidden=\"true\" class=\"wp-block-spacer\"><\/div>\n\n\n\n<div class=\"wp-block-group alignfull has-contrast-3-background-color has-background has-global-padding is-layout-constrained wp-container-core-group-is-layout-d89aad35 wp-block-group-is-layout-constrained\" style=\"margin-top:0;margin-bottom:0;padding-top:var(--wp--preset--spacing--50);padding-right:var(--wp--preset--spacing--50);padding-bottom:var(--wp--preset--spacing--50);padding-left:var(--wp--preset--spacing--50)\">\n<div class=\"wp-block-columns alignwide is-layout-flex wp-container-core-columns-is-layout-1da03c2a wp-block-columns-is-layout-flex\">\n<div class=\"wp-block-column is-vertically-aligned-center is-layout-flow wp-block-column-is-layout-flow\" style=\"flex-basis:60%\">\n<figure class=\"wp-block-image size-full is-style-rounded wp-duotone-duotone-1 is-style-rounded--2\"><img loading=\"lazy\" decoding=\"async\" width=\"2560\" height=\"2560\" src=\"https:\/\/laubergedesmigrants.fr\/wp-content\/uploads\/2023\/07\/20211031_161327-scaled.jpg\" alt=\"\" class=\"wp-image-886\" style=\"aspect-ratio:4\/3;object-fit:cover\" srcset=\"https:\/\/laubergedesmigrants.fr\/wp-content\/uploads\/2023\/07\/20211031_161327-scaled.jpg 2560w, https:\/\/laubergedesmigrants.fr\/wp-content\/uploads\/2023\/07\/20211031_161327-300x300.jpg 300w, https:\/\/laubergedesmigrants.fr\/wp-content\/uploads\/2023\/07\/20211031_161327-1024x1024.jpg 1024w, https:\/\/laubergedesmigrants.fr\/wp-content\/uploads\/2023\/07\/20211031_161327-150x150.jpg 150w, https:\/\/laubergedesmigrants.fr\/wp-content\/uploads\/2023\/07\/20211031_161327-768x768.jpg 768w, https:\/\/laubergedesmigrants.fr\/wp-content\/uploads\/2023\/07\/20211031_161327-1600x1600.jpg 1600w\" sizes=\"auto, (max-width: 2560px) 100vw, 2560px\" \/><\/figure>\n<\/div>\n\n\n\n<div class=\"wp-block-column is-layout-flow wp-block-column-is-layout-flow\" style=\"flex-basis:40%\">\n<h2 class=\"wp-block-heading\">To support the free flow of information and people, follow us and stay informed.<\/h2>\n\n\n\n<p>Follow our newsletter to say informed<\/p>\n\n\n<script>(function() {\n\twindow.mc4wp = window.mc4wp || {\n\t\tlisteners: [],\n\t\tforms: {\n\t\t\ton: function(evt, cb) {\n\t\t\t\twindow.mc4wp.listeners.push(\n\t\t\t\t\t{\n\t\t\t\t\t\tevent   : evt,\n\t\t\t\t\t\tcallback: cb\n\t\t\t\t\t}\n\t\t\t\t);\n\t\t\t}\n\t\t}\n\t}\n})();\n<\/script><!-- Mailchimp for WordPress v4.9.21 - https:\/\/wordpress.org\/plugins\/mailchimp-for-wp\/ --><form id=\"mc4wp-form-1\" class=\"mc4wp-form mc4wp-form-790 mc4wp-form-basic\" method=\"post\" data-id=\"790\" data-name=\"Newsletter\" action=\"\" ><div class=\"mc4wp-form-fields\"><p>\r\n    <label for=\"MMERGE2\">Name<\/label>\r\n    <input type=\"text\" name=\"MMERGE2\" required=\"\">\r\n<\/p>\r\n<p>\r\n\t<label for=\"EMAIL\">Email adress<\/label> \r\n\t\t<input type=\"email\" name=\"EMAIL\" placeholder=\"\" required \/>\r\n<\/p>\r\n\r\n<div class=\"macilchimp-block-button\">\r\n\t<input type=\"submit\" value=\"Subscribe to our newsletter\" \/>\r\n<\/div><\/div><label style=\"display: none !important;\">Leave this field empty if you&rsquo;re human: <input type=\"text\" name=\"_mc4wp_honeypot\" value=\"\" tabindex=\"-1\" autocomplete=\"off\" \/><\/label><input type=\"hidden\" name=\"_mc4wp_timestamp\" value=\"1776572091\" \/><input type=\"hidden\" name=\"_mc4wp_form_id\" value=\"790\" \/><input type=\"hidden\" name=\"_mc4wp_form_element_id\" value=\"mc4wp-form-1\" \/><div class=\"mc4wp-response\"><\/div><input type=\"hidden\" name=\"trp-form-language\" value=\"en\"\/><\/form><!-- \/ Mailchimp for WordPress Plugin --><\/div>\n<\/div>\n<\/div>","protected":false},"excerpt":{"rendered":"<p>Anciens projets Human Rights Observers Human Rights Observers est un organe d\u2019observation qui vise \u00e0 documenter pour d\u00e9noncer les violences d\u2019\u00c9tat Calais Food Collective Calais Food Collective est une association soutenant les personnes d\u00e9plac\u00e9es \u00e0 Calais. Le Live de la Jungle \u00ab Le Live de la Jungle \u00bb pr\u00e9sente 39 t\u00e9moignages de volontaires Soutenez la [&hellip;]<\/p>","protected":false},"author":3,"featured_media":0,"parent":0,"menu_order":1,"comment_status":"closed","ping_status":"closed","template":"","meta":{"footnotes":""},"class_list":["post-1132","page","type-page","status-publish","hentry"],"_links":{"self":[{"href":"https:\/\/laubergedesmigrants.fr\/en\/wp-json\/wp\/v2\/pages\/1132","targetHints":{"allow":["GET"]}}],"collection":[{"href":"https:\/\/laubergedesmigrants.fr\/en\/wp-json\/wp\/v2\/pages"}],"about":[{"href":"https:\/\/laubergedesmigrants.fr\/en\/wp-json\/wp\/v2\/types\/page"}],"author":[{"embeddable":true,"href":"https:\/\/laubergedesmigrants.fr\/en\/wp-json\/wp\/v2\/users\/3"}],"replies":[{"embeddable":true,"href":"https:\/\/laubergedesmigrants.fr\/en\/wp-json\/wp\/v2\/comments?post=1132"}],"version-history":[{"count":14,"href":"https:\/\/laubergedesmigrants.fr\/en\/wp-json\/wp\/v2\/pages\/1132\/revisions"}],"predecessor-version":[{"id":1609,"href":"https:\/\/laubergedesmigrants.fr\/en\/wp-json\/wp\/v2\/pages\/1132\/revisions\/1609"}],"wp:attachment":[{"href":"https:\/\/laubergedesmigrants.fr\/en\/wp-json\/wp\/v2\/media?parent=1132"}],"curies":[{"name":"wp","href":"https:\/\/api.w.org\/{rel}","templated":true}]}}