{"id":1030,"date":"2024-02-01T09:11:00","date_gmt":"2024-02-01T09:11:00","guid":{"rendered":"https:\/\/laubergedesmigrants.fr\/?page_id=1030"},"modified":"2025-07-25T10:09:41","modified_gmt":"2025-07-25T10:09:41","slug":"groupe-deces","status":"publish","type":"page","link":"https:\/\/laubergedesmigrants.fr\/en\/support\/groupe-deces\/","title":{"rendered":"Burial Fund"},"content":{"rendered":"<div style=\"height:39px\" aria-hidden=\"true\" class=\"wp-block-spacer\"><\/div>\n\n\n\n<p><strong>La fronti\u00e8re franco-britannique a tu\u00e9 plus de 507 personnes depuis 1999<\/strong><\/p>\n\n\n\n<p style=\"font-style:normal;font-weight:200\">All of these people who have died, and their families, are victims of the migration policies that have been implemented for almost 30 years on the northern coast. The terrible living conditions at the border, the militarisation and distress that it generates, the lack of safe passage to the United Kingdom continue despite these deaths.<\/p>\n\n\n\n<p style=\"font-style:normal;font-weight:200\">For years, the Death Group has been providing as much support as possible to the victims' families and to the communities of exiled people. It also seeks to act as a link with the administrative authorities in the face of their lack of mobilisation, to keep the memory alive and to denounce the inhumane treatment inflicted by the authorities, right up to the point of death. <\/p>\n\n\n\n<p style=\"font-style:normal;font-weight:200\">This fund is being used to raise money to pay for the funeral in accordance with the wishes of the victims' families.<\/p>\n\n\n\n<p style=\"font-style:normal;font-weight:200\">This group is made up solely of independent citizens, whether or not they are members of associations.<\/p>\n\n\n\n<div style=\"height:47px\" aria-hidden=\"true\" class=\"wp-block-spacer\"><\/div>\n\n\n\n<h2 class=\"wp-block-heading\"><strong>Support the Death group<\/strong><\/h2>\n\n\n\n<p class=\"has-small-font-size\"><em>This fund is completely independent and is exclusively intended to fulfil the wishes of the victims' families.<\/em><\/p>\n\n\n\n<div class=\"wp-block-group has-global-padding is-layout-constrained wp-block-group-is-layout-constrained\">\n<iframe id=\"haWidget\" allowtransparency=\"true\" scrolling=\"auto\" src=\"https:\/\/www.helloasso.com\/associations\/le-reveil-voyageur\/collectes\/aidez-nous-a-honorer-les-personnes-tuees-a-la-frontiere-franco-britannique\/widget\" style=\"width: 100%; height: 750px; border: none;\"><\/iframe>\n<\/div>\n\n\n\n<div class=\"wp-block-media-text alignwide is-stacked-on-mobile has-base-2-background-color has-background\" style=\"grid-template-columns:23% auto\"><figure class=\"wp-block-media-text__media\"><img loading=\"lazy\" decoding=\"async\" width=\"638\" height=\"638\" src=\"https:\/\/laubergedesmigrants.fr\/wp-content\/uploads\/2024\/02\/Capture-decran-2024-02-01-a-09.07.13.png\" alt=\"Le m\u00e9morial de Calais\" class=\"wp-image-1047 size-full\" srcset=\"https:\/\/laubergedesmigrants.fr\/wp-content\/uploads\/2024\/02\/Capture-decran-2024-02-01-a-09.07.13.png 638w, https:\/\/laubergedesmigrants.fr\/wp-content\/uploads\/2024\/02\/Capture-decran-2024-02-01-a-09.07.13-300x300.png 300w, https:\/\/laubergedesmigrants.fr\/wp-content\/uploads\/2024\/02\/Capture-decran-2024-02-01-a-09.07.13-150x150.png 150w, https:\/\/laubergedesmigrants.fr\/wp-content\/uploads\/2024\/02\/Capture-decran-2024-02-01-a-09.07.13-12x12.png 12w, https:\/\/laubergedesmigrants.fr\/wp-content\/uploads\/2024\/02\/Capture-decran-2024-02-01-a-09.07.13-200x200.png 200w\" sizes=\"auto, (max-width: 638px) 100vw, 638px\" \/><\/figure><div class=\"wp-block-media-text__content\">\n<h3 class=\"wp-block-heading\">The Calais memorial<\/h3>\n\n\n\n<p>Because every life counts, \"Les Jours\" has decided to tell the story of each person through an interactive memorial: their background, their face, their age, etc. right up to the tragic event of their disappearance.<\/p>\n\n\n\n<div class=\"wp-block-buttons is-layout-flex wp-block-buttons-is-layout-flex\">\n<div class=\"wp-block-button\"><a class=\"wp-block-button__link wp-element-button\" href=\"https:\/\/lesjours.fr\/obsessions\/calais-migrants-morts\/ep1-memorial\/\" target=\"_blank\" rel=\"noreferrer noopener\">Consulter le m\u00e9morial<\/a><\/div>\n<\/div>\n<\/div><\/div>\n\n\n\n<div style=\"height:100px\" aria-hidden=\"true\" class=\"wp-block-spacer\"><\/div>","protected":false},"excerpt":{"rendered":"<p>La fronti\u00e8re franco-britannique a tu\u00e9 plus de 507 personnes depuis 1999 Les conditions de vie qui y sont maintenues, la militarisation et la d\u00e9tresse qu&rsquo;elle g\u00e9n\u00e8re, l&rsquo;absence de voies de passage s\u00fbres vers le Royaume-Uni, font de toutes ces personnes d\u00e9c\u00e9d\u00e9es et de leurs proches les victimes directes des politiques migratoires men\u00e9es depuis bient\u00f4t 30 [&hellip;]<\/p>","protected":false},"author":2,"featured_media":1033,"parent":23,"menu_order":97,"comment_status":"closed","ping_status":"closed","template":"","meta":{"footnotes":""},"class_list":["post-1030","page","type-page","status-publish","has-post-thumbnail","hentry"],"_links":{"self":[{"href":"https:\/\/laubergedesmigrants.fr\/en\/wp-json\/wp\/v2\/pages\/1030","targetHints":{"allow":["GET"]}}],"collection":[{"href":"https:\/\/laubergedesmigrants.fr\/en\/wp-json\/wp\/v2\/pages"}],"about":[{"href":"https:\/\/laubergedesmigrants.fr\/en\/wp-json\/wp\/v2\/types\/page"}],"author":[{"embeddable":true,"href":"https:\/\/laubergedesmigrants.fr\/en\/wp-json\/wp\/v2\/users\/2"}],"replies":[{"embeddable":true,"href":"https:\/\/laubergedesmigrants.fr\/en\/wp-json\/wp\/v2\/comments?post=1030"}],"version-history":[{"count":32,"href":"https:\/\/laubergedesmigrants.fr\/en\/wp-json\/wp\/v2\/pages\/1030\/revisions"}],"predecessor-version":[{"id":2950,"href":"https:\/\/laubergedesmigrants.fr\/en\/wp-json\/wp\/v2\/pages\/1030\/revisions\/2950"}],"up":[{"embeddable":true,"href":"https:\/\/laubergedesmigrants.fr\/en\/wp-json\/wp\/v2\/pages\/23"}],"wp:featuredmedia":[{"embeddable":true,"href":"https:\/\/laubergedesmigrants.fr\/en\/wp-json\/wp\/v2\/media\/1033"}],"wp:attachment":[{"href":"https:\/\/laubergedesmigrants.fr\/en\/wp-json\/wp\/v2\/media?parent=1030"}],"curies":[{"name":"wp","href":"https:\/\/api.w.org\/{rel}","templated":true}]}}