{"id":1030,"date":"2024-02-01T09:11:00","date_gmt":"2024-02-01T09:11:00","guid":{"rendered":"https:\/\/laubergedesmigrants.fr\/?page_id=1030"},"modified":"2025-07-25T10:09:41","modified_gmt":"2025-07-25T10:09:41","slug":"groupe-deces","status":"publish","type":"page","link":"http:\/\/laubergedesmigrants.fr\/fr\/support\/groupe-deces\/","title":{"rendered":"Groupe d\u00e9c\u00e8s"},"content":{"rendered":"\n<div style=\"height:39px\" aria-hidden=\"true\" class=\"wp-block-spacer\"><\/div>\n\n\n\n<p><strong>La fronti\u00e8re franco-britannique a tu\u00e9 plus de 507 personnes depuis 1999<\/strong><\/p>\n\n\n\n<p style=\"font-style:normal;font-weight:200\">Les conditions de vie qui y sont maintenues, la militarisation et la d\u00e9tresse qu&rsquo;elle g\u00e9n\u00e8re, l&rsquo;absence de voies de passage s\u00fbres vers le Royaume-Uni, font de toutes ces personnes d\u00e9c\u00e9d\u00e9es et de leurs proches les victimes  directes des politiques migratoires men\u00e9es depuis bient\u00f4t 30 ans sur le littoral nord.<\/p>\n\n\n\n<p style=\"font-style:normal;font-weight:200\">Depuis des ann\u00e9es, le Groupe D\u00e9c\u00e8s accompagne et soutient, autant que faire se peut, les&nbsp;proches des victimes et les communaut\u00e9s de personnes exil\u00e9es. Il cherche&nbsp;\u00e9galement \u00e0 faire le lien avec les autorit\u00e9s administratives face \u00e0 leur absence de mobilisation, de garder m\u00e9moire et de d\u00e9noncer les traitements inhumains inflig\u00e9s par les autorit\u00e9s jusque dans la mort. <\/p>\n\n\n\n<p style=\"font-style:normal;font-weight:200\">Cette cagnotte permet de collecter des fonds pour le paiement des fun\u00e9railles dans le respect des souhaits des familles des victimes.<\/p>\n\n\n\n<p style=\"font-style:normal;font-weight:200\">Ce groupe est uniquement compos\u00e9 de citoyens ind\u00e9pendants, membres d&rsquo;associations ou non.<\/p>\n\n\n\n<div style=\"height:47px\" aria-hidden=\"true\" class=\"wp-block-spacer\"><\/div>\n\n\n\n<h2 class=\"wp-block-heading\"><strong>Soutenir le groupe D\u00e9c\u00e8s<\/strong><\/h2>\n\n\n\n<p class=\"has-small-font-size\"><em>Cette Cagnotte est totalement ind\u00e9pendante, exclusivement destin\u00e9e \u00e0 respecter les souhaits des familles des victimes.<\/em><\/p>\n\n\n\n<div class=\"wp-block-group has-global-padding is-layout-constrained wp-block-group-is-layout-constrained\">\n<iframe id=\"haWidget\" allowtransparency=\"true\" scrolling=\"auto\" src=\"https:\/\/www.helloasso.com\/associations\/le-reveil-voyageur\/collectes\/aidez-nous-a-honorer-les-personnes-tuees-a-la-frontiere-franco-britannique\/widget\" style=\"width: 100%; height: 750px; border: none;\"><\/iframe>\n<\/div>\n\n\n\n<div class=\"wp-block-media-text alignwide is-stacked-on-mobile has-base-2-background-color has-background\" style=\"grid-template-columns:23% auto\"><figure class=\"wp-block-media-text__media\"><img loading=\"lazy\" decoding=\"async\" width=\"638\" height=\"638\" src=\"https:\/\/laubergedesmigrants.fr\/wp-content\/uploads\/2024\/02\/Capture-decran-2024-02-01-a-09.07.13.png\" alt=\"Le m\u00e9morial de Calais\n\" class=\"wp-image-1047 size-full\" srcset=\"https:\/\/laubergedesmigrants.fr\/wp-content\/uploads\/2024\/02\/Capture-decran-2024-02-01-a-09.07.13.png 638w, https:\/\/laubergedesmigrants.fr\/wp-content\/uploads\/2024\/02\/Capture-decran-2024-02-01-a-09.07.13-300x300.png 300w, https:\/\/laubergedesmigrants.fr\/wp-content\/uploads\/2024\/02\/Capture-decran-2024-02-01-a-09.07.13-150x150.png 150w, https:\/\/laubergedesmigrants.fr\/wp-content\/uploads\/2024\/02\/Capture-decran-2024-02-01-a-09.07.13-12x12.png 12w, https:\/\/laubergedesmigrants.fr\/wp-content\/uploads\/2024\/02\/Capture-decran-2024-02-01-a-09.07.13-200x200.png 200w\" sizes=\"auto, (max-width: 638px) 100vw, 638px\" \/><\/figure><div class=\"wp-block-media-text__content\">\n<h3 class=\"wp-block-heading\">Le m\u00e9morial de Calais<\/h3>\n\n\n\n<p>Parce que chaque vie compte, \u201cLes Jours\u201d a d\u00e9cid\u00e9 de raconter l\u2019histoire de chaque personne \u00e0 travers un m\u00e9morial interactif : leurs parcours, leur visage, leur \u00e2ge, etc. jusqu\u2019au tragique \u00e9v\u00e8nement de leur disparition.<\/p>\n\n\n\n<div class=\"wp-block-buttons is-layout-flex wp-block-buttons-is-layout-flex\">\n<div class=\"wp-block-button\"><a class=\"wp-block-button__link wp-element-button\" href=\"https:\/\/lesjours.fr\/obsessions\/calais-migrants-morts\/ep1-memorial\/\" target=\"_blank\" rel=\"noreferrer noopener\">Consulter le m\u00e9morial<\/a><\/div>\n<\/div>\n<\/div><\/div>\n\n\n\n<div style=\"height:100px\" aria-hidden=\"true\" class=\"wp-block-spacer\"><\/div>\n","protected":false},"excerpt":{"rendered":"<p>La fronti\u00e8re franco-britannique a tu\u00e9 plus de 507 personnes depuis 1999 Les conditions de vie qui y sont maintenues, la militarisation et la d\u00e9tresse qu&rsquo;elle g\u00e9n\u00e8re, l&rsquo;absence de voies de passage s\u00fbres vers le Royaume-Uni, font de toutes ces personnes d\u00e9c\u00e9d\u00e9es et de leurs proches les victimes directes des politiques migratoires men\u00e9es depuis bient\u00f4t 30 [&hellip;]<\/p>\n","protected":false},"author":2,"featured_media":1033,"parent":23,"menu_order":97,"comment_status":"closed","ping_status":"closed","template":"","meta":{"footnotes":""},"class_list":["post-1030","page","type-page","status-publish","has-post-thumbnail","hentry"],"_links":{"self":[{"href":"http:\/\/laubergedesmigrants.fr\/fr\/wp-json\/wp\/v2\/pages\/1030","targetHints":{"allow":["GET"]}}],"collection":[{"href":"http:\/\/laubergedesmigrants.fr\/fr\/wp-json\/wp\/v2\/pages"}],"about":[{"href":"http:\/\/laubergedesmigrants.fr\/fr\/wp-json\/wp\/v2\/types\/page"}],"author":[{"embeddable":true,"href":"http:\/\/laubergedesmigrants.fr\/fr\/wp-json\/wp\/v2\/users\/2"}],"replies":[{"embeddable":true,"href":"http:\/\/laubergedesmigrants.fr\/fr\/wp-json\/wp\/v2\/comments?post=1030"}],"version-history":[{"count":32,"href":"http:\/\/laubergedesmigrants.fr\/fr\/wp-json\/wp\/v2\/pages\/1030\/revisions"}],"predecessor-version":[{"id":2950,"href":"http:\/\/laubergedesmigrants.fr\/fr\/wp-json\/wp\/v2\/pages\/1030\/revisions\/2950"}],"up":[{"embeddable":true,"href":"http:\/\/laubergedesmigrants.fr\/fr\/wp-json\/wp\/v2\/pages\/23"}],"wp:featuredmedia":[{"embeddable":true,"href":"http:\/\/laubergedesmigrants.fr\/fr\/wp-json\/wp\/v2\/media\/1033"}],"wp:attachment":[{"href":"http:\/\/laubergedesmigrants.fr\/fr\/wp-json\/wp\/v2\/media?parent=1030"}],"curies":[{"name":"wp","href":"https:\/\/api.w.org\/{rel}","templated":true}]}}